{"id":23791,"date":"2023-10-20T17:22:54","date_gmt":"2023-10-20T20:22:54","guid":{"rendered":"https:\/\/jugueterialudico.com.ar\/?post_type=product&#038;p=23791"},"modified":"2026-03-03T12:34:04","modified_gmt":"2026-03-03T15:34:04","slug":"autos-aventureros-054","status":"publish","type":"product","link":"https:\/\/jugueterialudico.com.ar\/?product=autos-aventureros-054","title":{"rendered":"AUTOS AVENTUREROS &#8211; 054"},"content":{"rendered":"<p id=\"item-contiene\" class=\"content\"><b>Contiene:\u00a0<\/b>Circuito de autos con 4 rampas + 2 autitos ergon\u00f3micos multicolores.<\/p>\n<p id=\"item-medidas\" class=\"content\"><b>Dimensiones:\u00a0<\/b>35 cm alto \/ 27 cm largo \/ 12 cm ancho<\/p>\n<p id=\"item-edad\" class=\"content\"><b>Edad sugerida:\u00a0<\/b>+12 meses<\/p>\n<p>&nbsp;<\/p>\n<p><strong>\u00bfQu\u00e9 promueve?<\/strong><\/p>\n<ul>\n<li>Estimulaci\u00f3n sensorial visual.<\/li>\n<li>Atenci\u00f3n sostenida.<\/li>\n<li>Observaci\u00f3n\/ Experimentaci\u00f3n\/ An\u00e1lisis\/ Resoluci\u00f3n de problemas.<\/li>\n<li>Deducci\u00f3n del funcionamiento de las cosas (causa y efecto). Recurso esencial para abordar todos los aprendizajes escolares.<\/li>\n<\/ul>\n<p><strong>Los Autos Aventureros potencian estas habilidades visuales, sobre todo las siguientes destrezas:<\/strong><\/p>\n<ol>\n<li>Control de movimientos oculares: movimiento veloz y exacto de los ojos (como cuando leemos, copiamos del pizarr\u00f3n o realizamos seguimientos visuales en actividades deportivas).<\/li>\n<li>Coordinaci\u00f3n ojo-mano: permite copiar de un lugar a otro, expresar ideas de forma escrita (escritura eficaz) y promueve el buen rendimiento deportivo.<\/li>\n<li>Conceptos direccionales: nociones espaciales y seguimiento de direcciones.<\/li>\n<\/ol>\n","protected":false},"excerpt":{"rendered":"<p><strong>\u00bfC\u00f3mo se juega?<\/strong><\/p>\n<ul>\n<li>Ubic\u00e1 un autito en el extremo superior\u2026 \u00a1y soltalo para que deslice hacia abajo!<\/li>\n<li>\u00a1Pod\u00e9s incorporar el segundo auto al circuito en el momento en que desees! \u00a1Descubr\u00ed que pasa si dej\u00e1s pasar m\u00e1s o menos tiempo entre ambos autitos!<\/li>\n<\/ul>\n<p><strong>\u00bfPor qu\u00e9 es el mejor regalo?<\/strong><\/p>\n<ul>\n<li>\u00a1Altamente motivante! Su funcionamiento es incre\u00edblemente fascinante y llama la atenci\u00f3n de grandes y peque\u00f1os.<\/li>\n<li>La interacci\u00f3n con este juguete impulsa el desarrollo cognitivo.<\/li>\n<\/ul>\n","protected":false},"featured_media":23792,"comment_status":"open","ping_status":"closed","template":"","meta":{"site-sidebar-layout":"default","site-content-layout":"default","ast-site-content-layout":"","site-content-style":"default","site-sidebar-style":"default","ast-global-header-display":"","ast-banner-title-visibility":"","ast-main-header-display":"","ast-hfb-above-header-display":"","ast-hfb-below-header-display":"","ast-hfb-mobile-header-display":"","site-post-title":"","ast-breadcrumbs-content":"","ast-featured-img":"","footer-sml-layout":"","theme-transparent-header-meta":"default","adv-header-id-meta":"","stick-header-meta":"","header-above-stick-meta":"","header-main-stick-meta":"","header-below-stick-meta":"","astra-migrate-meta-layouts":"default","ast-page-background-enabled":"default","ast-page-background-meta":{"desktop":{"background-color":"","background-image":"","background-repeat":"repeat","background-position":"center center","background-size":"auto","background-attachment":"scroll","background-type":"","background-media":"","overlay-type":"","overlay-color":"","overlay-opacity":"","overlay-gradient":""},"tablet":{"background-color":"","background-image":"","background-repeat":"repeat","background-position":"center center","background-size":"auto","background-attachment":"scroll","background-type":"","background-media":"","overlay-type":"","overlay-color":"","overlay-opacity":"","overlay-gradient":""},"mobile":{"background-color":"","background-image":"","background-repeat":"repeat","background-position":"center center","background-size":"auto","background-attachment":"scroll","background-type":"","background-media":"","overlay-type":"","overlay-color":"","overlay-opacity":"","overlay-gradient":""}},"ast-content-background-meta":{"desktop":{"background-color":"var(--ast-global-color-5)","background-image":"","background-repeat":"repeat","background-position":"center center","background-size":"auto","background-attachment":"scroll","background-type":"","background-media":"","overlay-type":"","overlay-color":"","overlay-opacity":"","overlay-gradient":""},"tablet":{"background-color":"var(--ast-global-color-5)","background-image":"","background-repeat":"repeat","background-position":"center center","background-size":"auto","background-attachment":"scroll","background-type":"","background-media":"","overlay-type":"","overlay-color":"","overlay-opacity":"","overlay-gradient":""},"mobile":{"background-color":"var(--ast-global-color-5)","background-image":"","background-repeat":"repeat","background-position":"center center","background-size":"auto","background-attachment":"scroll","background-type":"","background-media":"","overlay-type":"","overlay-color":"","overlay-opacity":"","overlay-gradient":""}},"spay_email":""},"product_cat":[161,163,164,165,190,155,93],"product_tag":[],"_links":{"self":[{"href":"https:\/\/jugueterialudico.com.ar\/index.php?rest_route=\/wp\/v2\/product\/23791"}],"collection":[{"href":"https:\/\/jugueterialudico.com.ar\/index.php?rest_route=\/wp\/v2\/product"}],"about":[{"href":"https:\/\/jugueterialudico.com.ar\/index.php?rest_route=\/wp\/v2\/types\/product"}],"replies":[{"embeddable":true,"href":"https:\/\/jugueterialudico.com.ar\/index.php?rest_route=%2Fwp%2Fv2%2Fcomments&post=23791"}],"wp:featuredmedia":[{"embeddable":true,"href":"https:\/\/jugueterialudico.com.ar\/index.php?rest_route=\/wp\/v2\/media\/23792"}],"wp:attachment":[{"href":"https:\/\/jugueterialudico.com.ar\/index.php?rest_route=%2Fwp%2Fv2%2Fmedia&parent=23791"}],"wp:term":[{"taxonomy":"product_cat","embeddable":true,"href":"https:\/\/jugueterialudico.com.ar\/index.php?rest_route=%2Fwp%2Fv2%2Fproduct_cat&post=23791"},{"taxonomy":"product_tag","embeddable":true,"href":"https:\/\/jugueterialudico.com.ar\/index.php?rest_route=%2Fwp%2Fv2%2Fproduct_tag&post=23791"}],"curies":[{"name":"wp","href":"https:\/\/api.w.org\/{rel}","templated":true}]}}