{"id":23807,"date":"2023-10-21T10:27:54","date_gmt":"2023-10-21T13:27:54","guid":{"rendered":"https:\/\/jugueterialudico.com.ar\/?post_type=product&#038;p=23807"},"modified":"2025-10-02T19:19:42","modified_gmt":"2025-10-02T22:19:42","slug":"reloj-pendulo-179","status":"publish","type":"product","link":"https:\/\/jugueterialudico.com.ar\/?product=reloj-pendulo-179","title":{"rendered":"RELOJ PENDULO (*VARIOS MODELOS) &#8211; 179"},"content":{"rendered":"<p class=\"_aacl _aaco _aacu _aacx _aad7 _aade\">Material Madera natural, laminada, 3 mm de espesor | Impreso con tintas ecol\u00f3gicas, no t\u00f3xicas<br \/>\nPackaging caja de cart\u00f3n microcorrugado | Medida reloj aproximada: 21x30x3,7 cm (sin contar el p\u00e9ndulo) | Medida caja 32x32x5 cm | Peso 0,5 kg<\/p>\n<p>Lleva una perforaci\u00f3n al dorso, para colgarlo f\u00e1cilmente a la pared.<br \/>\nFunciona con 2 pilas AA (no incluidas)<\/p>\n<p>&nbsp;<\/p>\n<h2>Modelos:<\/h2>\n<ul>\n<li><strong><strong><em>Frida<\/em>: Encantadora y colorida, Frida mece su gatito de un lado para el otro. \u00a1Es la ternura hecha\u00a0reloj!<\/strong><\/strong><br \/>\n<hr \/>\n<\/li>\n<li><strong><strong><em>Messi<\/em>: Lio es un hermoso ejemplo para los peques, de que con dedicaci\u00f3n, esfuerzo y pasi\u00f3n los sue\u00f1os finalmente SE LOGRAN!<\/strong><\/strong><br \/>\n<hr \/>\n<\/li>\n<li><strong><strong><em>Perro Salchicha<\/em>: \u00a1El es Renato!, un salchi super tierno y juguet\u00f3n, que mueve su colita para invitarte a jugar. Un inseparable compa\u00f1ero para toda la familia \ud83d\ude42<\/strong><\/strong><br \/>\n<hr \/>\n<\/li>\n<li><strong><em>El principito<\/em>: <em>\u201cMe pregunto si las estrellas se iluminan con el fin de que alg\u00fan d\u00eda, cada uno pueda encontrar la suya\u201d<br \/>\nAntoine de Saint-Exup\u00e9ry\u00a0<\/em><\/strong><\/li>\n<\/ul>\n<hr \/>\n<ul>\n<li><strong>Sim\u00f3n bulldog: mueve sus ojitos de un lado para el otro invit\u00e1ndote a jugar. Lo pod\u00e9s colgar o se puede apoyar para que te haga compa\u00f1\u00eda donde quieras.<\/strong><\/li>\n<\/ul>\n","protected":false},"excerpt":{"rendered":"<p>Reloj de p\u00e9ndulo en varios modelos<\/p>\n<p>&nbsp;<\/p>\n<h3><span style=\"color: #339966;\">*Consultar disponibilidad de modelos antes de comprar<\/span><\/h3>\n<p>&nbsp;<\/p>\n","protected":false},"featured_media":23916,"comment_status":"open","ping_status":"closed","template":"","meta":{"site-sidebar-layout":"default","site-content-layout":"default","ast-site-content-layout":"default","site-content-style":"default","site-sidebar-style":"default","ast-global-header-display":"","ast-banner-title-visibility":"","ast-main-header-display":"","ast-hfb-above-header-display":"","ast-hfb-below-header-display":"","ast-hfb-mobile-header-display":"","site-post-title":"","ast-breadcrumbs-content":"","ast-featured-img":"","footer-sml-layout":"","theme-transparent-header-meta":"default","adv-header-id-meta":"","stick-header-meta":"","header-above-stick-meta":"","header-main-stick-meta":"","header-below-stick-meta":"","astra-migrate-meta-layouts":"set","ast-page-background-enabled":"default","ast-page-background-meta":{"desktop":{"background-color":"","background-image":"","background-repeat":"repeat","background-position":"center center","background-size":"auto","background-attachment":"scroll","background-type":"","background-media":"","overlay-type":"","overlay-color":"","overlay-opacity":"","overlay-gradient":""},"tablet":{"background-color":"","background-image":"","background-repeat":"repeat","background-position":"center center","background-size":"auto","background-attachment":"scroll","background-type":"","background-media":"","overlay-type":"","overlay-color":"","overlay-opacity":"","overlay-gradient":""},"mobile":{"background-color":"","background-image":"","background-repeat":"repeat","background-position":"center center","background-size":"auto","background-attachment":"scroll","background-type":"","background-media":"","overlay-type":"","overlay-color":"","overlay-opacity":"","overlay-gradient":""}},"ast-content-background-meta":{"desktop":{"background-color":"var(--ast-global-color-5)","background-image":"","background-repeat":"repeat","background-position":"center center","background-size":"auto","background-attachment":"scroll","background-type":"","background-media":"","overlay-type":"","overlay-color":"","overlay-opacity":"","overlay-gradient":""},"tablet":{"background-color":"var(--ast-global-color-5)","background-image":"","background-repeat":"repeat","background-position":"center center","background-size":"auto","background-attachment":"scroll","background-type":"","background-media":"","overlay-type":"","overlay-color":"","overlay-opacity":"","overlay-gradient":""},"mobile":{"background-color":"var(--ast-global-color-5)","background-image":"","background-repeat":"repeat","background-position":"center center","background-size":"auto","background-attachment":"scroll","background-type":"","background-media":"","overlay-type":"","overlay-color":"","overlay-opacity":"","overlay-gradient":""}},"spay_email":""},"product_cat":[185,161,168,163,164,165,166,167,197],"product_tag":[],"_links":{"self":[{"href":"https:\/\/jugueterialudico.com.ar\/index.php?rest_route=\/wp\/v2\/product\/23807"}],"collection":[{"href":"https:\/\/jugueterialudico.com.ar\/index.php?rest_route=\/wp\/v2\/product"}],"about":[{"href":"https:\/\/jugueterialudico.com.ar\/index.php?rest_route=\/wp\/v2\/types\/product"}],"replies":[{"embeddable":true,"href":"https:\/\/jugueterialudico.com.ar\/index.php?rest_route=%2Fwp%2Fv2%2Fcomments&post=23807"}],"wp:featuredmedia":[{"embeddable":true,"href":"https:\/\/jugueterialudico.com.ar\/index.php?rest_route=\/wp\/v2\/media\/23916"}],"wp:attachment":[{"href":"https:\/\/jugueterialudico.com.ar\/index.php?rest_route=%2Fwp%2Fv2%2Fmedia&parent=23807"}],"wp:term":[{"taxonomy":"product_cat","embeddable":true,"href":"https:\/\/jugueterialudico.com.ar\/index.php?rest_route=%2Fwp%2Fv2%2Fproduct_cat&post=23807"},{"taxonomy":"product_tag","embeddable":true,"href":"https:\/\/jugueterialudico.com.ar\/index.php?rest_route=%2Fwp%2Fv2%2Fproduct_tag&post=23807"}],"curies":[{"name":"wp","href":"https:\/\/api.w.org\/{rel}","templated":true}]}}