{"id":23838,"date":"2023-10-25T09:43:17","date_gmt":"2023-10-25T12:43:17","guid":{"rendered":"https:\/\/jugueterialudico.com.ar\/?post_type=product&#038;p=23838"},"modified":"2026-02-18T16:21:04","modified_gmt":"2026-02-18T19:21:04","slug":"triplets-035","status":"publish","type":"product","link":"https:\/\/jugueterialudico.com.ar\/?product=triplets-035","title":{"rendered":"TRIPLETS -035"},"content":{"rendered":"<p><strong>TRIPLETS<\/strong><\/p>\n<p>Es un juego din\u00e1mico de observaci\u00f3n y velocidad.<\/p>\n<p>Ideal para jugar en familia o con amigos.<\/p>\n<p>El objetivo del juego es sumar la mayor cantidad de puntos.<br \/>\nEl juego tiene cartas con parejas de animales, y son 3 cartas id\u00e9nticas de cada una de esas parejas.. Hay que estar atentos a cu\u00e1ndo y d\u00f3nde se repiten las cartas porque todos jugamos al mismo tiempo y quien primero reaccione correctamente se llevar\u00e1 las cartas.<\/p>\n<p>\u00a1Busc\u00e1 la carta repetida ya purate a identificarla antes que otro lo haga! Pero ojo! no cometas errores orque se penalizan con una carta -1<\/p>\n<p><strong>Jugadores:\u00a0<\/strong>2 a 6\u00a0jugadores<br \/>\n<strong>Tiempo:\u00a0<\/strong>15 minutos<br \/>\n<strong>Edad:\u00a0<\/strong>8 a 99<\/p>\n","protected":false},"excerpt":{"rendered":"<p>TRIPLETS Es un juego din\u00e1mico de observaci\u00f3n y velocidad. Ideal para jugar en familia o con amigos. El objetivo del juego es sumar la mayor cantidad de puntos. El juego tiene cartas con parejas de animales, y son 3 cartas id\u00e9nticas de cada una de esas parejas.. Hay que estar atentos a cu\u00e1ndo y d\u00f3nde [&hellip;]<\/p>\n","protected":false},"featured_media":23839,"comment_status":"open","ping_status":"closed","template":"","meta":{"site-sidebar-layout":"default","site-content-layout":"default","ast-site-content-layout":"","site-content-style":"default","site-sidebar-style":"default","ast-global-header-display":"","ast-banner-title-visibility":"","ast-main-header-display":"","ast-hfb-above-header-display":"","ast-hfb-below-header-display":"","ast-hfb-mobile-header-display":"","site-post-title":"","ast-breadcrumbs-content":"","ast-featured-img":"","footer-sml-layout":"","theme-transparent-header-meta":"default","adv-header-id-meta":"","stick-header-meta":"","header-above-stick-meta":"","header-main-stick-meta":"","header-below-stick-meta":"","astra-migrate-meta-layouts":"default","ast-page-background-enabled":"default","ast-page-background-meta":{"desktop":{"background-color":"","background-image":"","background-repeat":"repeat","background-position":"center center","background-size":"auto","background-attachment":"scroll","background-type":"","background-media":"","overlay-type":"","overlay-color":"","overlay-opacity":"","overlay-gradient":""},"tablet":{"background-color":"","background-image":"","background-repeat":"repeat","background-position":"center center","background-size":"auto","background-attachment":"scroll","background-type":"","background-media":"","overlay-type":"","overlay-color":"","overlay-opacity":"","overlay-gradient":""},"mobile":{"background-color":"","background-image":"","background-repeat":"repeat","background-position":"center center","background-size":"auto","background-attachment":"scroll","background-type":"","background-media":"","overlay-type":"","overlay-color":"","overlay-opacity":"","overlay-gradient":""}},"ast-content-background-meta":{"desktop":{"background-color":"var(--ast-global-color-5)","background-image":"","background-repeat":"repeat","background-position":"center center","background-size":"auto","background-attachment":"scroll","background-type":"","background-media":"","overlay-type":"","overlay-color":"","overlay-opacity":"","overlay-gradient":""},"tablet":{"background-color":"var(--ast-global-color-5)","background-image":"","background-repeat":"repeat","background-position":"center center","background-size":"auto","background-attachment":"scroll","background-type":"","background-media":"","overlay-type":"","overlay-color":"","overlay-opacity":"","overlay-gradient":""},"mobile":{"background-color":"var(--ast-global-color-5)","background-image":"","background-repeat":"repeat","background-position":"center center","background-size":"auto","background-attachment":"scroll","background-type":"","background-media":"","overlay-type":"","overlay-color":"","overlay-opacity":"","overlay-gradient":""}},"spay_email":""},"product_cat":[185,168,167,74],"product_tag":[],"_links":{"self":[{"href":"https:\/\/jugueterialudico.com.ar\/index.php?rest_route=\/wp\/v2\/product\/23838"}],"collection":[{"href":"https:\/\/jugueterialudico.com.ar\/index.php?rest_route=\/wp\/v2\/product"}],"about":[{"href":"https:\/\/jugueterialudico.com.ar\/index.php?rest_route=\/wp\/v2\/types\/product"}],"replies":[{"embeddable":true,"href":"https:\/\/jugueterialudico.com.ar\/index.php?rest_route=%2Fwp%2Fv2%2Fcomments&post=23838"}],"wp:featuredmedia":[{"embeddable":true,"href":"https:\/\/jugueterialudico.com.ar\/index.php?rest_route=\/wp\/v2\/media\/23839"}],"wp:attachment":[{"href":"https:\/\/jugueterialudico.com.ar\/index.php?rest_route=%2Fwp%2Fv2%2Fmedia&parent=23838"}],"wp:term":[{"taxonomy":"product_cat","embeddable":true,"href":"https:\/\/jugueterialudico.com.ar\/index.php?rest_route=%2Fwp%2Fv2%2Fproduct_cat&post=23838"},{"taxonomy":"product_tag","embeddable":true,"href":"https:\/\/jugueterialudico.com.ar\/index.php?rest_route=%2Fwp%2Fv2%2Fproduct_tag&post=23838"}],"curies":[{"name":"wp","href":"https:\/\/api.w.org\/{rel}","templated":true}]}}