{"id":23845,"date":"2023-10-25T09:57:48","date_gmt":"2023-10-25T12:57:48","guid":{"rendered":"https:\/\/jugueterialudico.com.ar\/?post_type=product&#038;p=23845"},"modified":"2026-02-18T16:19:11","modified_gmt":"2026-02-18T19:19:11","slug":"melomano-vol1-vol2-035","status":"publish","type":"product","link":"https:\/\/jugueterialudico.com.ar\/?product=melomano-vol1-vol2-035","title":{"rendered":"MEL\u00d3MANO VOL1. VOL2 -035"},"content":{"rendered":"<h3 class=\"text-uppercase margin-top-none\"><strong>MEL\u00d3MANO VOL.1 Espa\u00f1ol<\/strong><\/h3>\n<h3><strong>MEL\u00d3MANO VOL.2 Ingl\u00e9s<\/strong><\/h3>\n<p>Eleg\u00ed el que m\u00e1s te guste<\/p>\n<p>Juego complementario y extensible de El Mel\u00f3mano<\/p>\n<h5 class=\"margin-bottom-lg subtitle\">Un juego para los amantes de la m\u00fasica<\/h5>\n<div class=\"rc\">\n<p>El Mel\u00f3mano es un juego de mesa para los amantes de la m\u00fasica. Cada tarjeta tiene un fragmento de una canci\u00f3n, con palabras borradas para cantar y completar. No importa cu\u00e1n desafinado sea, los jugadores deber\u00e1n completar el fragmento y contestar una serie de preguntas relacionadas al tema o la banda.<\/p>\n<p>&nbsp;<\/p>\n<div class=\"margin-bottom-md\">\n<p><strong>Tipo:<\/strong>\u00a0M\u00fasica \/ Preguntas y respuestas<\/p>\n<p><strong>Cantidad de jugadores:<\/strong>\u00a0De 2 a 4 jugadores o equipos<\/p>\n<p><strong>Edad recomendada:<\/strong>\u00a015+<\/p>\n<p><strong>Contenido<\/strong>: 600 tarjetas \/ 4 tableros \/ 36 fichas disco \/ 1 reglamento y libro de respuestas<\/p>\n<\/div>\n<\/div>\n","protected":false},"excerpt":{"rendered":"<p>MEL\u00d3MANO VOL.1 Espa\u00f1ol MEL\u00d3MANO VOL.2 Ingl\u00e9s Eleg\u00ed el que m\u00e1s te guste Juego complementario y extensible de El Mel\u00f3mano Un juego para los amantes de la m\u00fasica El Mel\u00f3mano es un juego de mesa para los amantes de la m\u00fasica. Cada tarjeta tiene un fragmento de una canci\u00f3n, con palabras borradas para cantar y completar. [&hellip;]<\/p>\n","protected":false},"featured_media":23847,"comment_status":"open","ping_status":"closed","template":"","meta":{"site-sidebar-layout":"default","site-content-layout":"default","ast-site-content-layout":"","site-content-style":"default","site-sidebar-style":"default","ast-global-header-display":"","ast-banner-title-visibility":"","ast-main-header-display":"","ast-hfb-above-header-display":"","ast-hfb-below-header-display":"","ast-hfb-mobile-header-display":"","site-post-title":"","ast-breadcrumbs-content":"","ast-featured-img":"","footer-sml-layout":"","theme-transparent-header-meta":"default","adv-header-id-meta":"","stick-header-meta":"","header-above-stick-meta":"","header-main-stick-meta":"","header-below-stick-meta":"","astra-migrate-meta-layouts":"default","ast-page-background-enabled":"default","ast-page-background-meta":{"desktop":{"background-color":"","background-image":"","background-repeat":"repeat","background-position":"center center","background-size":"auto","background-attachment":"scroll","background-type":"","background-media":"","overlay-type":"","overlay-color":"","overlay-opacity":"","overlay-gradient":""},"tablet":{"background-color":"","background-image":"","background-repeat":"repeat","background-position":"center center","background-size":"auto","background-attachment":"scroll","background-type":"","background-media":"","overlay-type":"","overlay-color":"","overlay-opacity":"","overlay-gradient":""},"mobile":{"background-color":"","background-image":"","background-repeat":"repeat","background-position":"center center","background-size":"auto","background-attachment":"scroll","background-type":"","background-media":"","overlay-type":"","overlay-color":"","overlay-opacity":"","overlay-gradient":""}},"ast-content-background-meta":{"desktop":{"background-color":"var(--ast-global-color-5)","background-image":"","background-repeat":"repeat","background-position":"center center","background-size":"auto","background-attachment":"scroll","background-type":"","background-media":"","overlay-type":"","overlay-color":"","overlay-opacity":"","overlay-gradient":""},"tablet":{"background-color":"var(--ast-global-color-5)","background-image":"","background-repeat":"repeat","background-position":"center center","background-size":"auto","background-attachment":"scroll","background-type":"","background-media":"","overlay-type":"","overlay-color":"","overlay-opacity":"","overlay-gradient":""},"mobile":{"background-color":"var(--ast-global-color-5)","background-image":"","background-repeat":"repeat","background-position":"center center","background-size":"auto","background-attachment":"scroll","background-type":"","background-media":"","overlay-type":"","overlay-color":"","overlay-opacity":"","overlay-gradient":""}},"spay_email":""},"product_cat":[185,168,74],"product_tag":[],"_links":{"self":[{"href":"https:\/\/jugueterialudico.com.ar\/index.php?rest_route=\/wp\/v2\/product\/23845"}],"collection":[{"href":"https:\/\/jugueterialudico.com.ar\/index.php?rest_route=\/wp\/v2\/product"}],"about":[{"href":"https:\/\/jugueterialudico.com.ar\/index.php?rest_route=\/wp\/v2\/types\/product"}],"replies":[{"embeddable":true,"href":"https:\/\/jugueterialudico.com.ar\/index.php?rest_route=%2Fwp%2Fv2%2Fcomments&post=23845"}],"wp:featuredmedia":[{"embeddable":true,"href":"https:\/\/jugueterialudico.com.ar\/index.php?rest_route=\/wp\/v2\/media\/23847"}],"wp:attachment":[{"href":"https:\/\/jugueterialudico.com.ar\/index.php?rest_route=%2Fwp%2Fv2%2Fmedia&parent=23845"}],"wp:term":[{"taxonomy":"product_cat","embeddable":true,"href":"https:\/\/jugueterialudico.com.ar\/index.php?rest_route=%2Fwp%2Fv2%2Fproduct_cat&post=23845"},{"taxonomy":"product_tag","embeddable":true,"href":"https:\/\/jugueterialudico.com.ar\/index.php?rest_route=%2Fwp%2Fv2%2Fproduct_tag&post=23845"}],"curies":[{"name":"wp","href":"https:\/\/api.w.org\/{rel}","templated":true}]}}