{"id":23887,"date":"2023-11-02T11:23:54","date_gmt":"2023-11-02T14:23:54","guid":{"rendered":"https:\/\/jugueterialudico.com.ar\/?post_type=product&#038;p=23887"},"modified":"2026-04-08T19:23:07","modified_gmt":"2026-04-08T22:23:07","slug":"encastre-mar-018","status":"publish","type":"product","link":"https:\/\/jugueterialudico.com.ar\/?product=encastre-mar-018","title":{"rendered":"ENCASTRE MAR &#8211; 018"},"content":{"rendered":"<p>&#8211; Juegos que estimulan habilidades visoperceptuales de tama\u00f1o-forma entre objeto y silueta correspondiente.<\/p>\n<p>&#8211; Permite el conocimiento de colores, formas geom\u00e9tricas, animales de granja y mar.<\/p>\n<p>&#8211; Favorece el planeamiento motor de c\u00f3mo tomar y colocar el objeto en el lugar correcto.<\/p>\n<p>&#8211; Discriminaci\u00f3n visual y t\u00e1ctil de las distintas caracter\u00edsticas de cada pieza.<\/p>\n<p>\u2714\ufe0f Edad sugerida 1 a\u00f1o en adelante<\/p>\n<p>&nbsp;<\/p>\n<p>Largo (mm): 290<\/p>\n<p>Ancho (mm): 290<\/p>\n<p>Alto (mm): 35<\/p>\n<p>Per\u00edmetro (mm): 1130<\/p>\n","protected":false},"excerpt":{"rendered":"<p>Panel de encastre en madera de animales de mar, con tirador para f\u00e1cil agarre y cord\u00f3n para no perder las piezas.<\/p>\n<p>&nbsp;<\/p>\n<p>Disponible en: colores vivos \u00f3 colores pasteles<\/p>\n","protected":false},"featured_media":23890,"comment_status":"open","ping_status":"closed","template":"","meta":{"site-sidebar-layout":"default","site-content-layout":"default","ast-site-content-layout":"","site-content-style":"default","site-sidebar-style":"default","ast-global-header-display":"","ast-banner-title-visibility":"","ast-main-header-display":"","ast-hfb-above-header-display":"","ast-hfb-below-header-display":"","ast-hfb-mobile-header-display":"","site-post-title":"","ast-breadcrumbs-content":"","ast-featured-img":"","footer-sml-layout":"","theme-transparent-header-meta":"default","adv-header-id-meta":"","stick-header-meta":"","header-above-stick-meta":"","header-main-stick-meta":"","header-below-stick-meta":"","astra-migrate-meta-layouts":"default","ast-page-background-enabled":"default","ast-page-background-meta":{"desktop":{"background-color":"","background-image":"","background-repeat":"repeat","background-position":"center center","background-size":"auto","background-attachment":"scroll","background-type":"","background-media":"","overlay-type":"","overlay-color":"","overlay-opacity":"","overlay-gradient":""},"tablet":{"background-color":"","background-image":"","background-repeat":"repeat","background-position":"center center","background-size":"auto","background-attachment":"scroll","background-type":"","background-media":"","overlay-type":"","overlay-color":"","overlay-opacity":"","overlay-gradient":""},"mobile":{"background-color":"","background-image":"","background-repeat":"repeat","background-position":"center center","background-size":"auto","background-attachment":"scroll","background-type":"","background-media":"","overlay-type":"","overlay-color":"","overlay-opacity":"","overlay-gradient":""}},"ast-content-background-meta":{"desktop":{"background-color":"var(--ast-global-color-5)","background-image":"","background-repeat":"repeat","background-position":"center center","background-size":"auto","background-attachment":"scroll","background-type":"","background-media":"","overlay-type":"","overlay-color":"","overlay-opacity":"","overlay-gradient":""},"tablet":{"background-color":"var(--ast-global-color-5)","background-image":"","background-repeat":"repeat","background-position":"center center","background-size":"auto","background-attachment":"scroll","background-type":"","background-media":"","overlay-type":"","overlay-color":"","overlay-opacity":"","overlay-gradient":""},"mobile":{"background-color":"var(--ast-global-color-5)","background-image":"","background-repeat":"repeat","background-position":"center center","background-size":"auto","background-attachment":"scroll","background-type":"","background-media":"","overlay-type":"","overlay-color":"","overlay-opacity":"","overlay-gradient":""}},"spay_email":""},"product_cat":[161,163,164,151,188,93],"product_tag":[],"_links":{"self":[{"href":"https:\/\/jugueterialudico.com.ar\/index.php?rest_route=\/wp\/v2\/product\/23887"}],"collection":[{"href":"https:\/\/jugueterialudico.com.ar\/index.php?rest_route=\/wp\/v2\/product"}],"about":[{"href":"https:\/\/jugueterialudico.com.ar\/index.php?rest_route=\/wp\/v2\/types\/product"}],"replies":[{"embeddable":true,"href":"https:\/\/jugueterialudico.com.ar\/index.php?rest_route=%2Fwp%2Fv2%2Fcomments&post=23887"}],"wp:featuredmedia":[{"embeddable":true,"href":"https:\/\/jugueterialudico.com.ar\/index.php?rest_route=\/wp\/v2\/media\/23890"}],"wp:attachment":[{"href":"https:\/\/jugueterialudico.com.ar\/index.php?rest_route=%2Fwp%2Fv2%2Fmedia&parent=23887"}],"wp:term":[{"taxonomy":"product_cat","embeddable":true,"href":"https:\/\/jugueterialudico.com.ar\/index.php?rest_route=%2Fwp%2Fv2%2Fproduct_cat&post=23887"},{"taxonomy":"product_tag","embeddable":true,"href":"https:\/\/jugueterialudico.com.ar\/index.php?rest_route=%2Fwp%2Fv2%2Fproduct_tag&post=23887"}],"curies":[{"name":"wp","href":"https:\/\/api.w.org\/{rel}","templated":true}]}}