{"id":23894,"date":"2023-11-02T11:45:13","date_gmt":"2023-11-02T14:45:13","guid":{"rendered":"https:\/\/jugueterialudico.com.ar\/?post_type=product&#038;p=23894"},"modified":"2026-04-11T16:54:56","modified_gmt":"2026-04-11T19:54:56","slug":"hamaca-balancin-018","status":"publish","type":"product","link":"https:\/\/jugueterialudico.com.ar\/?product=hamaca-balancin-018","title":{"rendered":"HAMACA BALANCIN &#8211; 018"},"content":{"rendered":"<p>3 juegos en 1. se utiliza como hamaca, al ponerlo invertido como escalador y puente y de manera lateral como barra de apoyo<\/p>\n<p>&nbsp;<\/p>\n<p>&#8211; Promueve motricidad gruesa y movimiento libre.<\/p>\n<p>&#8211; Se puede utilizar para trepar, escalar, saltar.<\/p>\n<p>&#8211; Tambi\u00e9n puede convertirse en una superficie para balancearse recibiendo as\u00ed informaci\u00f3n vestibular lineal.<\/p>\n<p>\u2714\ufe0f Edad sugerida 1 a\u00f1o en adelante.<\/p>\n<p>&nbsp;<\/p>\n<p>Largo (mm): 885<\/p>\n<p>Ancho (mm): 460<\/p>\n<p>Alto (mm): 395<\/p>\n<p>Per\u00edmetro (mm): 2675<\/p>\n","protected":false},"excerpt":{"rendered":"<p>3 juegos en 1. se utiliza como hamaca, al ponerlo invertido como escalador y puente y de manera lateral como barra de apoyo &nbsp; &#8211; Promueve motricidad gruesa y movimiento libre. &#8211; Se puede utilizar para trepar, escalar, saltar. &#8211; Tambi\u00e9n puede convertirse en una superficie para balancearse recibiendo as\u00ed informaci\u00f3n vestibular lineal. \u2714\ufe0f Edad [&hellip;]<\/p>\n","protected":false},"featured_media":23895,"comment_status":"open","ping_status":"closed","template":"","meta":{"site-sidebar-layout":"default","site-content-layout":"default","ast-site-content-layout":"default","site-content-style":"default","site-sidebar-style":"default","ast-global-header-display":"","ast-banner-title-visibility":"","ast-main-header-display":"","ast-hfb-above-header-display":"","ast-hfb-below-header-display":"","ast-hfb-mobile-header-display":"","site-post-title":"","ast-breadcrumbs-content":"","ast-featured-img":"","footer-sml-layout":"","theme-transparent-header-meta":"default","adv-header-id-meta":"","stick-header-meta":"","header-above-stick-meta":"","header-main-stick-meta":"","header-below-stick-meta":"","astra-migrate-meta-layouts":"set","ast-page-background-enabled":"default","ast-page-background-meta":{"desktop":{"background-color":"","background-image":"","background-repeat":"repeat","background-position":"center center","background-size":"auto","background-attachment":"scroll","background-type":"","background-media":"","overlay-type":"","overlay-color":"","overlay-opacity":"","overlay-gradient":""},"tablet":{"background-color":"","background-image":"","background-repeat":"repeat","background-position":"center center","background-size":"auto","background-attachment":"scroll","background-type":"","background-media":"","overlay-type":"","overlay-color":"","overlay-opacity":"","overlay-gradient":""},"mobile":{"background-color":"","background-image":"","background-repeat":"repeat","background-position":"center center","background-size":"auto","background-attachment":"scroll","background-type":"","background-media":"","overlay-type":"","overlay-color":"","overlay-opacity":"","overlay-gradient":""}},"ast-content-background-meta":{"desktop":{"background-color":"var(--ast-global-color-5)","background-image":"","background-repeat":"repeat","background-position":"center center","background-size":"auto","background-attachment":"scroll","background-type":"","background-media":"","overlay-type":"","overlay-color":"","overlay-opacity":"","overlay-gradient":""},"tablet":{"background-color":"var(--ast-global-color-5)","background-image":"","background-repeat":"repeat","background-position":"center center","background-size":"auto","background-attachment":"scroll","background-type":"","background-media":"","overlay-type":"","overlay-color":"","overlay-opacity":"","overlay-gradient":""},"mobile":{"background-color":"var(--ast-global-color-5)","background-image":"","background-repeat":"repeat","background-position":"center center","background-size":"auto","background-attachment":"scroll","background-type":"","background-media":"","overlay-type":"","overlay-color":"","overlay-opacity":"","overlay-gradient":""}},"spay_email":""},"product_cat":[161,163,164,165,205,93],"product_tag":[],"_links":{"self":[{"href":"https:\/\/jugueterialudico.com.ar\/index.php?rest_route=\/wp\/v2\/product\/23894"}],"collection":[{"href":"https:\/\/jugueterialudico.com.ar\/index.php?rest_route=\/wp\/v2\/product"}],"about":[{"href":"https:\/\/jugueterialudico.com.ar\/index.php?rest_route=\/wp\/v2\/types\/product"}],"replies":[{"embeddable":true,"href":"https:\/\/jugueterialudico.com.ar\/index.php?rest_route=%2Fwp%2Fv2%2Fcomments&post=23894"}],"wp:featuredmedia":[{"embeddable":true,"href":"https:\/\/jugueterialudico.com.ar\/index.php?rest_route=\/wp\/v2\/media\/23895"}],"wp:attachment":[{"href":"https:\/\/jugueterialudico.com.ar\/index.php?rest_route=%2Fwp%2Fv2%2Fmedia&parent=23894"}],"wp:term":[{"taxonomy":"product_cat","embeddable":true,"href":"https:\/\/jugueterialudico.com.ar\/index.php?rest_route=%2Fwp%2Fv2%2Fproduct_cat&post=23894"},{"taxonomy":"product_tag","embeddable":true,"href":"https:\/\/jugueterialudico.com.ar\/index.php?rest_route=%2Fwp%2Fv2%2Fproduct_tag&post=23894"}],"curies":[{"name":"wp","href":"https:\/\/api.w.org\/{rel}","templated":true}]}}