{"id":23956,"date":"2023-11-10T10:07:13","date_gmt":"2023-11-10T13:07:13","guid":{"rendered":"https:\/\/jugueterialudico.com.ar\/?post_type=product&#038;p=23956"},"modified":"2026-03-10T19:08:02","modified_gmt":"2026-03-10T22:08:02","slug":"mis-transportes-064","status":"publish","type":"product","link":"https:\/\/jugueterialudico.com.ar\/?product=mis-transportes-064","title":{"rendered":"MIS TRANSPORTES -062"},"content":{"rendered":"<h3 class=\"text-black mb-4\">MIS TRANSPORTES<\/h3>\n<ul class=\"list-unstyled ul-check success\">\n<li>Edad: +2<\/li>\n<li>Materiales: Madera de 9mm y papel con laminado brillante<\/li>\n<li>Dimensiones: 240x150x150mm<\/li>\n<li>Presentacion: Film<\/li>\n<\/ul>\n<p>Mis transportes de Pipikuku es una l\u00ednea de camiones de madera dise\u00f1ada para ni\u00f1os a partir de los 2 a\u00f1os de edad. Mediante su juego favorecen a desarrollar la motricidad de una manera l\u00fadica y la imaginaci\u00f3n de los m\u00e1s peque\u00f1os, y gracias a su gran tama\u00f1o son f\u00e1ciles de manipular.<\/p>\n<p>\u00bfQu\u00e9 aventura te gustar\u00eda vivir hoy? Podemos dejar toda la ciudad reluciente con ayudar del Cami\u00f3n Recolector, \u00a1podes usar su comportamiento trasero para trasladar todos los residuos! \u00bfO que te parece si nos ponemos nuestro casco y vamos a una obra en construcci\u00f3n? \u00a1Usa la Excavadora o el Cami\u00f3n Volcador para trasladar todo tipo de materiales! \u00bfEscuchas un miau? \u00a1Es un gatito atrapado en un \u00e1rbol! \u00a1Con ayuda del Cami\u00f3n de Bomberos est\u00e1s listo para ir al rescate!<\/p>\n<p>\u00a1Los invitamos a dar rienda suelta a la imaginaci\u00f3n y vivir un mont\u00f3n de aventuras con la l\u00ednea Mis Transportes!<\/p>\n<p>Est\u00e1n fabricados en madera de 9mm y plastificados d\u00e1ndole una terminaci\u00f3n brillante y mayor durabilidad.<\/p>\n","protected":false},"excerpt":{"rendered":"<p>MIS TRANSPORTES Edad: +2 Materiales: Madera de 9mm y papel con laminado brillante Dimensiones: 240x150x150mm Presentacion: Film Mis transportes de Pipikuku es una l\u00ednea de camiones de madera dise\u00f1ada para ni\u00f1os a partir de los 2 a\u00f1os de edad. Mediante su juego favorecen a desarrollar la motricidad de una manera l\u00fadica y la imaginaci\u00f3n de [&hellip;]<\/p>\n","protected":false},"featured_media":23957,"comment_status":"open","ping_status":"closed","template":"","meta":{"site-sidebar-layout":"default","site-content-layout":"default","ast-site-content-layout":"","site-content-style":"default","site-sidebar-style":"default","ast-global-header-display":"","ast-banner-title-visibility":"","ast-main-header-display":"","ast-hfb-above-header-display":"","ast-hfb-below-header-display":"","ast-hfb-mobile-header-display":"","site-post-title":"","ast-breadcrumbs-content":"","ast-featured-img":"","footer-sml-layout":"","theme-transparent-header-meta":"default","adv-header-id-meta":"","stick-header-meta":"","header-above-stick-meta":"","header-main-stick-meta":"","header-below-stick-meta":"","astra-migrate-meta-layouts":"default","ast-page-background-enabled":"default","ast-page-background-meta":{"desktop":{"background-color":"","background-image":"","background-repeat":"repeat","background-position":"center center","background-size":"auto","background-attachment":"scroll","background-type":"","background-media":"","overlay-type":"","overlay-color":"","overlay-opacity":"","overlay-gradient":""},"tablet":{"background-color":"","background-image":"","background-repeat":"repeat","background-position":"center center","background-size":"auto","background-attachment":"scroll","background-type":"","background-media":"","overlay-type":"","overlay-color":"","overlay-opacity":"","overlay-gradient":""},"mobile":{"background-color":"","background-image":"","background-repeat":"repeat","background-position":"center center","background-size":"auto","background-attachment":"scroll","background-type":"","background-media":"","overlay-type":"","overlay-color":"","overlay-opacity":"","overlay-gradient":""}},"ast-content-background-meta":{"desktop":{"background-color":"var(--ast-global-color-5)","background-image":"","background-repeat":"repeat","background-position":"center center","background-size":"auto","background-attachment":"scroll","background-type":"","background-media":"","overlay-type":"","overlay-color":"","overlay-opacity":"","overlay-gradient":""},"tablet":{"background-color":"var(--ast-global-color-5)","background-image":"","background-repeat":"repeat","background-position":"center center","background-size":"auto","background-attachment":"scroll","background-type":"","background-media":"","overlay-type":"","overlay-color":"","overlay-opacity":"","overlay-gradient":""},"mobile":{"background-color":"var(--ast-global-color-5)","background-image":"","background-repeat":"repeat","background-position":"center center","background-size":"auto","background-attachment":"scroll","background-type":"","background-media":"","overlay-type":"","overlay-color":"","overlay-opacity":"","overlay-gradient":""}},"spay_email":""},"product_cat":[163,164,165,166,155,93],"product_tag":[],"_links":{"self":[{"href":"https:\/\/jugueterialudico.com.ar\/index.php?rest_route=\/wp\/v2\/product\/23956"}],"collection":[{"href":"https:\/\/jugueterialudico.com.ar\/index.php?rest_route=\/wp\/v2\/product"}],"about":[{"href":"https:\/\/jugueterialudico.com.ar\/index.php?rest_route=\/wp\/v2\/types\/product"}],"replies":[{"embeddable":true,"href":"https:\/\/jugueterialudico.com.ar\/index.php?rest_route=%2Fwp%2Fv2%2Fcomments&post=23956"}],"wp:featuredmedia":[{"embeddable":true,"href":"https:\/\/jugueterialudico.com.ar\/index.php?rest_route=\/wp\/v2\/media\/23957"}],"wp:attachment":[{"href":"https:\/\/jugueterialudico.com.ar\/index.php?rest_route=%2Fwp%2Fv2%2Fmedia&parent=23956"}],"wp:term":[{"taxonomy":"product_cat","embeddable":true,"href":"https:\/\/jugueterialudico.com.ar\/index.php?rest_route=%2Fwp%2Fv2%2Fproduct_cat&post=23956"},{"taxonomy":"product_tag","embeddable":true,"href":"https:\/\/jugueterialudico.com.ar\/index.php?rest_route=%2Fwp%2Fv2%2Fproduct_tag&post=23956"}],"curies":[{"name":"wp","href":"https:\/\/api.w.org\/{rel}","templated":true}]}}