{"id":23978,"date":"2023-11-13T17:38:11","date_gmt":"2023-11-13T20:38:11","guid":{"rendered":"https:\/\/jugueterialudico.com.ar\/?post_type=product&#038;p=23978"},"modified":"2025-09-01T11:02:26","modified_gmt":"2025-09-01T14:02:26","slug":"casita-para-pintar-007","status":"publish","type":"product","link":"https:\/\/jugueterialudico.com.ar\/?product=casita-para-pintar-007","title":{"rendered":"CASITA PARA PINTAR &#8211; 007"},"content":{"rendered":"<h1 class=\"product_title entry-title\">Casita para Pintar del set \u00abMis Calles\u00bb<\/h1>\n<div class=\"product-excerpt\">Un juego diferente para desarrollar la creatividad de los ni\u00f1os mientras juegan y arman su propia ciudad. la misma se puede agrandar ilimitadamente.<\/div>\n<div class=\"tabbable \">\n<div class=\"tab-content\">\n<div class=\"tab-pane fade in active\">\n<p>-Juego encastrable de madera, para armar y dise\u00f1ar una ciudad.<br \/>\n-Se integra f\u00e1cilmente con otros juguetes para construir y crear ciudades, lugares y diferentes escenarios.<br \/>\n-2 Techos<br \/>\n-4 Paredes<br \/>\n-2 Arbolitos<\/p>\n<p>-Tambi\u00e9n disponemos de la pista y de otros kits de ampliaci\u00f3n y se\u00f1ales de tr\u00e1nsito para construir tu propia ciudad del tama\u00f1o que quieras<br \/>\n-Todo est\u00e1 fabricado en madera de excelente calidad y con muy buenas terminaciones<br \/>\n-No incluye autos ni se\u00f1ales de tr\u00e1nsito<\/p>\n<\/div>\n<\/div>\n<\/div>\n","protected":false},"excerpt":{"rendered":"<p>Casita para Pintar del set \u00abMis Calles\u00bb Un juego diferente para desarrollar la creatividad de los ni\u00f1os mientras juegan y arman su propia ciudad. la misma se puede agrandar ilimitadamente. -Juego encastrable de madera, para armar y dise\u00f1ar una ciudad. -Se integra f\u00e1cilmente con otros juguetes para construir y crear ciudades, lugares y diferentes escenarios. [&hellip;]<\/p>\n","protected":false},"featured_media":23980,"comment_status":"open","ping_status":"closed","template":"","meta":{"site-sidebar-layout":"default","site-content-layout":"default","ast-site-content-layout":"","site-content-style":"default","site-sidebar-style":"default","ast-global-header-display":"","ast-banner-title-visibility":"","ast-main-header-display":"","ast-hfb-above-header-display":"","ast-hfb-below-header-display":"","ast-hfb-mobile-header-display":"","site-post-title":"","ast-breadcrumbs-content":"","ast-featured-img":"","footer-sml-layout":"","theme-transparent-header-meta":"default","adv-header-id-meta":"","stick-header-meta":"","header-above-stick-meta":"","header-main-stick-meta":"","header-below-stick-meta":"","astra-migrate-meta-layouts":"default","ast-page-background-enabled":"default","ast-page-background-meta":{"desktop":{"background-color":"","background-image":"","background-repeat":"repeat","background-position":"center center","background-size":"auto","background-attachment":"scroll","background-type":"","background-media":"","overlay-type":"","overlay-color":"","overlay-opacity":"","overlay-gradient":""},"tablet":{"background-color":"","background-image":"","background-repeat":"repeat","background-position":"center center","background-size":"auto","background-attachment":"scroll","background-type":"","background-media":"","overlay-type":"","overlay-color":"","overlay-opacity":"","overlay-gradient":""},"mobile":{"background-color":"","background-image":"","background-repeat":"repeat","background-position":"center center","background-size":"auto","background-attachment":"scroll","background-type":"","background-media":"","overlay-type":"","overlay-color":"","overlay-opacity":"","overlay-gradient":""}},"ast-content-background-meta":{"desktop":{"background-color":"var(--ast-global-color-5)","background-image":"","background-repeat":"repeat","background-position":"center center","background-size":"auto","background-attachment":"scroll","background-type":"","background-media":"","overlay-type":"","overlay-color":"","overlay-opacity":"","overlay-gradient":""},"tablet":{"background-color":"var(--ast-global-color-5)","background-image":"","background-repeat":"repeat","background-position":"center center","background-size":"auto","background-attachment":"scroll","background-type":"","background-media":"","overlay-type":"","overlay-color":"","overlay-opacity":"","overlay-gradient":""},"mobile":{"background-color":"var(--ast-global-color-5)","background-image":"","background-repeat":"repeat","background-position":"center center","background-size":"auto","background-attachment":"scroll","background-type":"","background-media":"","overlay-type":"","overlay-color":"","overlay-opacity":"","overlay-gradient":""}},"spay_email":""},"product_cat":[164,165,166,167,155,77,93],"product_tag":[],"_links":{"self":[{"href":"https:\/\/jugueterialudico.com.ar\/index.php?rest_route=\/wp\/v2\/product\/23978"}],"collection":[{"href":"https:\/\/jugueterialudico.com.ar\/index.php?rest_route=\/wp\/v2\/product"}],"about":[{"href":"https:\/\/jugueterialudico.com.ar\/index.php?rest_route=\/wp\/v2\/types\/product"}],"replies":[{"embeddable":true,"href":"https:\/\/jugueterialudico.com.ar\/index.php?rest_route=%2Fwp%2Fv2%2Fcomments&post=23978"}],"wp:featuredmedia":[{"embeddable":true,"href":"https:\/\/jugueterialudico.com.ar\/index.php?rest_route=\/wp\/v2\/media\/23980"}],"wp:attachment":[{"href":"https:\/\/jugueterialudico.com.ar\/index.php?rest_route=%2Fwp%2Fv2%2Fmedia&parent=23978"}],"wp:term":[{"taxonomy":"product_cat","embeddable":true,"href":"https:\/\/jugueterialudico.com.ar\/index.php?rest_route=%2Fwp%2Fv2%2Fproduct_cat&post=23978"},{"taxonomy":"product_tag","embeddable":true,"href":"https:\/\/jugueterialudico.com.ar\/index.php?rest_route=%2Fwp%2Fv2%2Fproduct_tag&post=23978"}],"curies":[{"name":"wp","href":"https:\/\/api.w.org\/{rel}","templated":true}]}}