{"id":24052,"date":"2023-11-15T18:16:30","date_gmt":"2023-11-15T21:16:30","guid":{"rendered":"https:\/\/jugueterialudico.com.ar\/?post_type=product&#038;p=24052"},"modified":"2026-02-27T16:21:01","modified_gmt":"2026-02-27T19:21:01","slug":"armamec-165-piezas-086","status":"publish","type":"product","link":"https:\/\/jugueterialudico.com.ar\/?product=armamec-165-piezas-086","title":{"rendered":"ARMAMEC 165 PIEZAS- 086"},"content":{"rendered":"<p>Tu creatividad no tendr\u00e1 l\u00edmites, prep\u00e1rate para asumir incre\u00edbles desaf\u00edos, con 3 incre\u00edbles modelos para armar <em>Yipie, Minicar <\/em>y<em> Buggy<\/em><\/p>\n<p>F\u00e1cil traslado y guardado<br \/>\nSu presentaci\u00f3n en caja, permite que lleves tu set a todos lados de manera c\u00f3moda y pr\u00e1ctica. Es \u00fatil no solo para transportarlo, sino adem\u00e1s para guardarlo de forma sencilla en cualquier lugar de tu casa.<\/p>\n<p>Uso bajo supervisi\u00f3n<br \/>\nSe recomienda su uso a partir de los 7 a\u00f1os. Por favor supervisar a ni\u00f1os y ni\u00f1as peque\u00f1as para evitar accidentes.<\/p>\n","protected":false},"excerpt":{"rendered":"<p>Con Armamec podr\u00e1s dejar volar tu imaginaci\u00f3n con las creaciones m\u00e1s divertidas y llenas de magia. Aprender\u00e1s jugando, explorar\u00e1s tu lado creativo y pondr\u00e1s en pr\u00e1ctica tus habilidades motoras y de memoria. \u00bfEst\u00e1s listo para convertirte en un arquitecto de tus propias aventuras?<\/p>\n","protected":false},"featured_media":24055,"comment_status":"open","ping_status":"closed","template":"","meta":{"site-sidebar-layout":"default","site-content-layout":"default","ast-site-content-layout":"","site-content-style":"default","site-sidebar-style":"default","ast-global-header-display":"","ast-banner-title-visibility":"","ast-main-header-display":"","ast-hfb-above-header-display":"","ast-hfb-below-header-display":"","ast-hfb-mobile-header-display":"","site-post-title":"","ast-breadcrumbs-content":"","ast-featured-img":"","footer-sml-layout":"","theme-transparent-header-meta":"default","adv-header-id-meta":"","stick-header-meta":"","header-above-stick-meta":"","header-main-stick-meta":"","header-below-stick-meta":"","astra-migrate-meta-layouts":"default","ast-page-background-enabled":"default","ast-page-background-meta":{"desktop":{"background-color":"","background-image":"","background-repeat":"repeat","background-position":"center center","background-size":"auto","background-attachment":"scroll","background-type":"","background-media":"","overlay-type":"","overlay-color":"","overlay-opacity":"","overlay-gradient":""},"tablet":{"background-color":"","background-image":"","background-repeat":"repeat","background-position":"center center","background-size":"auto","background-attachment":"scroll","background-type":"","background-media":"","overlay-type":"","overlay-color":"","overlay-opacity":"","overlay-gradient":""},"mobile":{"background-color":"","background-image":"","background-repeat":"repeat","background-position":"center center","background-size":"auto","background-attachment":"scroll","background-type":"","background-media":"","overlay-type":"","overlay-color":"","overlay-opacity":"","overlay-gradient":""}},"ast-content-background-meta":{"desktop":{"background-color":"var(--ast-global-color-5)","background-image":"","background-repeat":"repeat","background-position":"center center","background-size":"auto","background-attachment":"scroll","background-type":"","background-media":"","overlay-type":"","overlay-color":"","overlay-opacity":"","overlay-gradient":""},"tablet":{"background-color":"var(--ast-global-color-5)","background-image":"","background-repeat":"repeat","background-position":"center center","background-size":"auto","background-attachment":"scroll","background-type":"","background-media":"","overlay-type":"","overlay-color":"","overlay-opacity":"","overlay-gradient":""},"mobile":{"background-color":"var(--ast-global-color-5)","background-image":"","background-repeat":"repeat","background-position":"center center","background-size":"auto","background-attachment":"scroll","background-type":"","background-media":"","overlay-type":"","overlay-color":"","overlay-opacity":"","overlay-gradient":""}},"spay_email":""},"product_cat":[168,166,167,155,77],"product_tag":[],"_links":{"self":[{"href":"https:\/\/jugueterialudico.com.ar\/index.php?rest_route=\/wp\/v2\/product\/24052"}],"collection":[{"href":"https:\/\/jugueterialudico.com.ar\/index.php?rest_route=\/wp\/v2\/product"}],"about":[{"href":"https:\/\/jugueterialudico.com.ar\/index.php?rest_route=\/wp\/v2\/types\/product"}],"replies":[{"embeddable":true,"href":"https:\/\/jugueterialudico.com.ar\/index.php?rest_route=%2Fwp%2Fv2%2Fcomments&post=24052"}],"wp:featuredmedia":[{"embeddable":true,"href":"https:\/\/jugueterialudico.com.ar\/index.php?rest_route=\/wp\/v2\/media\/24055"}],"wp:attachment":[{"href":"https:\/\/jugueterialudico.com.ar\/index.php?rest_route=%2Fwp%2Fv2%2Fmedia&parent=24052"}],"wp:term":[{"taxonomy":"product_cat","embeddable":true,"href":"https:\/\/jugueterialudico.com.ar\/index.php?rest_route=%2Fwp%2Fv2%2Fproduct_cat&post=24052"},{"taxonomy":"product_tag","embeddable":true,"href":"https:\/\/jugueterialudico.com.ar\/index.php?rest_route=%2Fwp%2Fv2%2Fproduct_tag&post=24052"}],"curies":[{"name":"wp","href":"https:\/\/api.w.org\/{rel}","templated":true}]}}