{"id":24098,"date":"2023-12-11T11:55:07","date_gmt":"2023-12-11T14:55:07","guid":{"rendered":"https:\/\/jugueterialudico.com.ar\/?post_type=product&#038;p=24098"},"modified":"2026-02-23T16:39:22","modified_gmt":"2026-02-23T19:39:22","slug":"crayones-para-el-bano-069","status":"publish","type":"product","link":"https:\/\/jugueterialudico.com.ar\/?product=crayones-para-el-bano-069","title":{"rendered":"CRAYONES PARA EL BA\u00d1O &#8211; 069"},"content":{"rendered":"<p><strong>12 colores para jugar a la hora del ba\u00f1o.<\/strong><\/p>\n<p><b>El set trae 12 crayones para dibujar los azulejos y una esponjita para borrar.<\/b><\/p>\n<p>Super lavables!<\/p>\n<p>&nbsp;<\/p>\n<p>Est\u00e1n aprobados por Anmat para uso en ni\u00f1xs desde 3 a\u00f1os.<\/p>\n<p>Testeados dermatol\u00f3gicamente.<\/p>\n<p>No testeados en animales.<\/p>\n<p>Fabricados en un laboratorio argentino.<\/p>\n<p>&nbsp;<\/p>\n<p>Forma de uso: dibuj\u00e1 los azulejos que tengan superficie lisa, us\u00e1 la esponjita para borrar y volver a dibujar!<\/p>\n","protected":false},"excerpt":{"rendered":"<p>12 colores para jugar a la hora del ba\u00f1o. El set trae 12 crayones para dibujar los azulejos y una esponjita para borrar. Super lavables! &nbsp; Est\u00e1n aprobados por Anmat para uso en ni\u00f1xs desde 3 a\u00f1os. Testeados dermatol\u00f3gicamente. No testeados en animales. Fabricados en un laboratorio argentino. &nbsp; Forma de uso: dibuj\u00e1 los azulejos [&hellip;]<\/p>\n","protected":false},"featured_media":24099,"comment_status":"open","ping_status":"closed","template":"","meta":{"site-sidebar-layout":"default","site-content-layout":"default","ast-site-content-layout":"","site-content-style":"default","site-sidebar-style":"default","ast-global-header-display":"","ast-banner-title-visibility":"","ast-main-header-display":"","ast-hfb-above-header-display":"","ast-hfb-below-header-display":"","ast-hfb-mobile-header-display":"","site-post-title":"","ast-breadcrumbs-content":"","ast-featured-img":"","footer-sml-layout":"","theme-transparent-header-meta":"default","adv-header-id-meta":"","stick-header-meta":"","header-above-stick-meta":"","header-main-stick-meta":"","header-below-stick-meta":"","astra-migrate-meta-layouts":"default","ast-page-background-enabled":"default","ast-page-background-meta":{"desktop":{"background-color":"","background-image":"","background-repeat":"repeat","background-position":"center center","background-size":"auto","background-attachment":"scroll","background-type":"","background-media":"","overlay-type":"","overlay-color":"","overlay-opacity":"","overlay-gradient":""},"tablet":{"background-color":"","background-image":"","background-repeat":"repeat","background-position":"center center","background-size":"auto","background-attachment":"scroll","background-type":"","background-media":"","overlay-type":"","overlay-color":"","overlay-opacity":"","overlay-gradient":""},"mobile":{"background-color":"","background-image":"","background-repeat":"repeat","background-position":"center center","background-size":"auto","background-attachment":"scroll","background-type":"","background-media":"","overlay-type":"","overlay-color":"","overlay-opacity":"","overlay-gradient":""}},"ast-content-background-meta":{"desktop":{"background-color":"var(--ast-global-color-5)","background-image":"","background-repeat":"repeat","background-position":"center center","background-size":"auto","background-attachment":"scroll","background-type":"","background-media":"","overlay-type":"","overlay-color":"","overlay-opacity":"","overlay-gradient":""},"tablet":{"background-color":"var(--ast-global-color-5)","background-image":"","background-repeat":"repeat","background-position":"center center","background-size":"auto","background-attachment":"scroll","background-type":"","background-media":"","overlay-type":"","overlay-color":"","overlay-opacity":"","overlay-gradient":""},"mobile":{"background-color":"var(--ast-global-color-5)","background-image":"","background-repeat":"repeat","background-position":"center center","background-size":"auto","background-attachment":"scroll","background-type":"","background-media":"","overlay-type":"","overlay-color":"","overlay-opacity":"","overlay-gradient":""}},"spay_email":""},"product_cat":[163,164,165,166,153,78],"product_tag":[],"_links":{"self":[{"href":"https:\/\/jugueterialudico.com.ar\/index.php?rest_route=\/wp\/v2\/product\/24098"}],"collection":[{"href":"https:\/\/jugueterialudico.com.ar\/index.php?rest_route=\/wp\/v2\/product"}],"about":[{"href":"https:\/\/jugueterialudico.com.ar\/index.php?rest_route=\/wp\/v2\/types\/product"}],"replies":[{"embeddable":true,"href":"https:\/\/jugueterialudico.com.ar\/index.php?rest_route=%2Fwp%2Fv2%2Fcomments&post=24098"}],"wp:featuredmedia":[{"embeddable":true,"href":"https:\/\/jugueterialudico.com.ar\/index.php?rest_route=\/wp\/v2\/media\/24099"}],"wp:attachment":[{"href":"https:\/\/jugueterialudico.com.ar\/index.php?rest_route=%2Fwp%2Fv2%2Fmedia&parent=24098"}],"wp:term":[{"taxonomy":"product_cat","embeddable":true,"href":"https:\/\/jugueterialudico.com.ar\/index.php?rest_route=%2Fwp%2Fv2%2Fproduct_cat&post=24098"},{"taxonomy":"product_tag","embeddable":true,"href":"https:\/\/jugueterialudico.com.ar\/index.php?rest_route=%2Fwp%2Fv2%2Fproduct_tag&post=24098"}],"curies":[{"name":"wp","href":"https:\/\/api.w.org\/{rel}","templated":true}]}}