{"id":24213,"date":"2024-01-15T15:19:40","date_gmt":"2024-01-15T18:19:40","guid":{"rendered":"https:\/\/jugueterialudico.com.ar\/?post_type=product&#038;p=24213"},"modified":"2026-02-10T16:54:17","modified_gmt":"2026-02-10T19:54:17","slug":"calendario-de-rutinas-061","status":"publish","type":"product","link":"https:\/\/jugueterialudico.com.ar\/?product=calendario-de-rutinas-061","title":{"rendered":"CALENDARIO DE RUTINAS &#8211; 061"},"content":{"rendered":"<p>INCLUYE:<\/p>\n<ul>\n<li>TARJETAS DEL CLIMA<\/li>\n<li style=\"font-weight: 400;\">TARJETAS DE DIA y MES<\/li>\n<li style=\"font-weight: 400;\">TARJETAS DE EMOCIONES<\/li>\n<li style=\"font-weight: 400;\">TARJETAS DE RUTINAS<\/li>\n<\/ul>\n<p style=\"font-weight: 400;\"><strong>LOS D\u00cdAS y MESES<\/strong><\/p>\n<p style=\"font-weight: 400;\">Identificar el d\u00eda de la semana durante el tiempo transcurrido\u00a0 a los ni\u00f1os y ni\u00f1as m\u00e1s peque\u00f1os los va ordenando, recitando los d\u00edas y jugando en familia. Proporcionarles los comienzos de frase \u00abAyer fue\u00bb y \u00abMa\u00f1ana va a ser\u00bb, y ayudarles a completar cada frase los ayuda al aprendizaje,<\/p>\n<p style=\"font-weight: 400;\">Utilizar el tiempo del calendario como una oportunidad para ense\u00f1ar contando. Que comienzan a partir de uno y cuentan hasta la fecha actual. Se\u00f1alar los n\u00fameros que cuentan para ayudarles a aprender lo que cada n\u00famero se parece.<\/p>\n<p style=\"font-weight: 400;\">Tambi\u00e9n ayuda a saber cu\u00e1nto falta para los eventos especiales, como cumplea\u00f1os y d\u00edas festivos<\/p>\n<p style=\"font-weight: 400;\"><strong>ESTACIONES Y CLIMA<\/strong><\/p>\n<p style=\"font-weight: 400;\">Por medio de s\u00edmbolos de tiempos, ayuda a comprender como se deben vestir, como por ejemplo el uso de paraguas y botas en d\u00edas de lluvia, pantalones cortos en verano, traje de ba\u00f1o si va a la pileta.<\/p>\n<p style=\"font-weight: 400;\"><strong>ACTIVIDADES\u00a0<\/strong><\/p>\n<p style=\"font-weight: 400;\">Las rutinas permiten ordenar\u00a0 la mente pero tambi\u00e9n establecer tiempos adecuados para cada cosa y as\u00ed:<\/p>\n<ul style=\"font-weight: 400;\">\n<li aria-level=\"1\">Ayudar en la concentraci\u00f3n<\/li>\n<li aria-level=\"1\">Favorecer la independencia<\/li>\n<li aria-level=\"1\">Estimular su autoestima<\/li>\n<li aria-level=\"1\">Fomentar el sentido de la responsabilidad<\/li>\n<\/ul>\n<p style=\"font-weight: 400;\">Mide 62&#215;47 cm abierto<\/p>\n<p style=\"font-weight: 400;\">La caja mide 50&#215;50 cm<\/p>\n<p style=\"font-weight: 400;\">Incluye 27 tarjetas de cart\u00f3n con abrojo<\/p>\n","protected":false},"excerpt":{"rendered":"<h3>Propuestas sensoriales para aprender jugando<\/h3>\n<p>&nbsp;<\/p>\n<p><strong>Cuando se habla de rutinas se hace referencia a una serie de actividades que se realizan, de una manera regular,\u00a0 a diario. Estas acciones \u201crepetitivas\u201d buscan fijar unas pautas que organicen, de alguna manera, el aprendizaje de los m\u00e1s peque\u00f1os. Son, en general, parte de una estructuraci\u00f3n que fomenta el marco de actuaci\u00f3n de los ni\u00f1os ya que, desde el inicio de su etapa educativa, las rutinas son uno de los hitos en la etapa de Infantil.<\/strong><\/p>\n<p><strong>Adem\u00e1s, son estas propias actividades las que marcan el contexto en el que los ni\u00f1os act\u00faan y les ayudan a ser previsores en los acontecimientos que van a dar lugar en su d\u00eda a d\u00eda. Es por todo esto por lo que, en parte, chicos y chicas adquieren seguridad y superan sus miedos.<\/strong><\/p>\n","protected":false},"featured_media":24214,"comment_status":"open","ping_status":"closed","template":"","meta":{"site-sidebar-layout":"default","site-content-layout":"default","ast-site-content-layout":"","site-content-style":"default","site-sidebar-style":"default","ast-global-header-display":"","ast-banner-title-visibility":"","ast-main-header-display":"","ast-hfb-above-header-display":"","ast-hfb-below-header-display":"","ast-hfb-mobile-header-display":"","site-post-title":"","ast-breadcrumbs-content":"","ast-featured-img":"","footer-sml-layout":"","theme-transparent-header-meta":"default","adv-header-id-meta":"","stick-header-meta":"","header-above-stick-meta":"","header-main-stick-meta":"","header-below-stick-meta":"","astra-migrate-meta-layouts":"default","ast-page-background-enabled":"default","ast-page-background-meta":{"desktop":{"background-color":"","background-image":"","background-repeat":"repeat","background-position":"center center","background-size":"auto","background-attachment":"scroll","background-type":"","background-media":"","overlay-type":"","overlay-color":"","overlay-opacity":"","overlay-gradient":""},"tablet":{"background-color":"","background-image":"","background-repeat":"repeat","background-position":"center center","background-size":"auto","background-attachment":"scroll","background-type":"","background-media":"","overlay-type":"","overlay-color":"","overlay-opacity":"","overlay-gradient":""},"mobile":{"background-color":"","background-image":"","background-repeat":"repeat","background-position":"center center","background-size":"auto","background-attachment":"scroll","background-type":"","background-media":"","overlay-type":"","overlay-color":"","overlay-opacity":"","overlay-gradient":""}},"ast-content-background-meta":{"desktop":{"background-color":"var(--ast-global-color-5)","background-image":"","background-repeat":"repeat","background-position":"center center","background-size":"auto","background-attachment":"scroll","background-type":"","background-media":"","overlay-type":"","overlay-color":"","overlay-opacity":"","overlay-gradient":""},"tablet":{"background-color":"var(--ast-global-color-5)","background-image":"","background-repeat":"repeat","background-position":"center center","background-size":"auto","background-attachment":"scroll","background-type":"","background-media":"","overlay-type":"","overlay-color":"","overlay-opacity":"","overlay-gradient":""},"mobile":{"background-color":"var(--ast-global-color-5)","background-image":"","background-repeat":"repeat","background-position":"center center","background-size":"auto","background-attachment":"scroll","background-type":"","background-media":"","overlay-type":"","overlay-color":"","overlay-opacity":"","overlay-gradient":""}},"spay_email":""},"product_cat":[164,165,166,146,76],"product_tag":[],"_links":{"self":[{"href":"https:\/\/jugueterialudico.com.ar\/index.php?rest_route=\/wp\/v2\/product\/24213"}],"collection":[{"href":"https:\/\/jugueterialudico.com.ar\/index.php?rest_route=\/wp\/v2\/product"}],"about":[{"href":"https:\/\/jugueterialudico.com.ar\/index.php?rest_route=\/wp\/v2\/types\/product"}],"replies":[{"embeddable":true,"href":"https:\/\/jugueterialudico.com.ar\/index.php?rest_route=%2Fwp%2Fv2%2Fcomments&post=24213"}],"wp:featuredmedia":[{"embeddable":true,"href":"https:\/\/jugueterialudico.com.ar\/index.php?rest_route=\/wp\/v2\/media\/24214"}],"wp:attachment":[{"href":"https:\/\/jugueterialudico.com.ar\/index.php?rest_route=%2Fwp%2Fv2%2Fmedia&parent=24213"}],"wp:term":[{"taxonomy":"product_cat","embeddable":true,"href":"https:\/\/jugueterialudico.com.ar\/index.php?rest_route=%2Fwp%2Fv2%2Fproduct_cat&post=24213"},{"taxonomy":"product_tag","embeddable":true,"href":"https:\/\/jugueterialudico.com.ar\/index.php?rest_route=%2Fwp%2Fv2%2Fproduct_tag&post=24213"}],"curies":[{"name":"wp","href":"https:\/\/api.w.org\/{rel}","templated":true}]}}