{"id":24252,"date":"2024-01-20T17:08:15","date_gmt":"2024-01-20T20:08:15","guid":{"rendered":"https:\/\/jugueterialudico.com.ar\/?post_type=product&#038;p=24252"},"modified":"2026-01-03T18:48:18","modified_gmt":"2026-01-03T21:48:18","slug":"no-es-top-041","status":"publish","type":"product","link":"https:\/\/jugueterialudico.com.ar\/?product=no-es-top-041","title":{"rendered":"\u00a1NO ES TOP! &#8211; 041"},"content":{"rendered":"<p><em>contenido: <\/em><\/p>\n<ul>\n<li><em>110 cartas <\/em><\/li>\n<li><em>1 reglamento<\/em><\/li>\n<\/ul>\n<hr \/>\n<p><strong><em>2-10 jugadores<\/em><\/strong><\/p>\n<p><strong><em>+14 a\u00f1os<\/em><\/strong><\/p>\n<p><strong><em>20 minutos<\/em><\/strong><\/p>\n","protected":false},"excerpt":{"rendered":"<div id=\"product-description-short-1118\" class=\"rte-content product-description\">\n<p>\u00bfCu\u00e1les son los idiomas mas hablados del mundo? \u00bfO\u00a0los pa\u00edses con mas participaci\u00f3n en Mundiales? \u00bfY\u00a0las gemas mas valiosas?<\/p>\n<p>Al inicio de cada ronda se saca una carta de la parte de abajo del mazo, se lee la categor\u00eda\u00a0y, sin mirar el top 10 del dorso de la carta, los jugadores van\u00a0nombrando \u00edtems que consideran parte de la lista.<\/p>\n<p>Una vez que respond\u00e9s, los otros jugadores tienen la posibilidad de desafiar tu respuesta. Si est\u00e1 en la lista seguis en juego y el jugador desafiante pierde una vida. Si no es as\u00ed, el desafiante gana la ronda y es el desafiado es quien pierde la vida.<\/p>\n<p>No necesariamente gana el que mas sabe, la confianza con la que das tu respuesta puede hacer dudar a los otros jugadores \ud83d\ude09<\/p>\n<\/div>\n<div class=\"product-actions\">\n<form id=\"add-to-cart-or-refresh\" action=\"https:\/\/b2b.buroargentina.com\/carrito\" method=\"post\">\n<div class=\"product-variants\"><\/div>\n<\/form>\n<\/div>\n","protected":false},"featured_media":24255,"comment_status":"open","ping_status":"closed","template":"","meta":{"site-sidebar-layout":"default","site-content-layout":"default","ast-site-content-layout":"","site-content-style":"default","site-sidebar-style":"default","ast-global-header-display":"","ast-banner-title-visibility":"","ast-main-header-display":"","ast-hfb-above-header-display":"","ast-hfb-below-header-display":"","ast-hfb-mobile-header-display":"","site-post-title":"","ast-breadcrumbs-content":"","ast-featured-img":"","footer-sml-layout":"","theme-transparent-header-meta":"default","adv-header-id-meta":"","stick-header-meta":"","header-above-stick-meta":"","header-main-stick-meta":"","header-below-stick-meta":"","astra-migrate-meta-layouts":"default","ast-page-background-enabled":"default","ast-page-background-meta":{"desktop":{"background-color":"","background-image":"","background-repeat":"repeat","background-position":"center center","background-size":"auto","background-attachment":"scroll","background-type":"","background-media":"","overlay-type":"","overlay-color":"","overlay-opacity":"","overlay-gradient":""},"tablet":{"background-color":"","background-image":"","background-repeat":"repeat","background-position":"center center","background-size":"auto","background-attachment":"scroll","background-type":"","background-media":"","overlay-type":"","overlay-color":"","overlay-opacity":"","overlay-gradient":""},"mobile":{"background-color":"","background-image":"","background-repeat":"repeat","background-position":"center center","background-size":"auto","background-attachment":"scroll","background-type":"","background-media":"","overlay-type":"","overlay-color":"","overlay-opacity":"","overlay-gradient":""}},"ast-content-background-meta":{"desktop":{"background-color":"var(--ast-global-color-5)","background-image":"","background-repeat":"repeat","background-position":"center center","background-size":"auto","background-attachment":"scroll","background-type":"","background-media":"","overlay-type":"","overlay-color":"","overlay-opacity":"","overlay-gradient":""},"tablet":{"background-color":"var(--ast-global-color-5)","background-image":"","background-repeat":"repeat","background-position":"center center","background-size":"auto","background-attachment":"scroll","background-type":"","background-media":"","overlay-type":"","overlay-color":"","overlay-opacity":"","overlay-gradient":""},"mobile":{"background-color":"var(--ast-global-color-5)","background-image":"","background-repeat":"repeat","background-position":"center center","background-size":"auto","background-attachment":"scroll","background-type":"","background-media":"","overlay-type":"","overlay-color":"","overlay-opacity":"","overlay-gradient":""}},"spay_email":""},"product_cat":[185,168,74],"product_tag":[],"_links":{"self":[{"href":"https:\/\/jugueterialudico.com.ar\/index.php?rest_route=\/wp\/v2\/product\/24252"}],"collection":[{"href":"https:\/\/jugueterialudico.com.ar\/index.php?rest_route=\/wp\/v2\/product"}],"about":[{"href":"https:\/\/jugueterialudico.com.ar\/index.php?rest_route=\/wp\/v2\/types\/product"}],"replies":[{"embeddable":true,"href":"https:\/\/jugueterialudico.com.ar\/index.php?rest_route=%2Fwp%2Fv2%2Fcomments&post=24252"}],"wp:featuredmedia":[{"embeddable":true,"href":"https:\/\/jugueterialudico.com.ar\/index.php?rest_route=\/wp\/v2\/media\/24255"}],"wp:attachment":[{"href":"https:\/\/jugueterialudico.com.ar\/index.php?rest_route=%2Fwp%2Fv2%2Fmedia&parent=24252"}],"wp:term":[{"taxonomy":"product_cat","embeddable":true,"href":"https:\/\/jugueterialudico.com.ar\/index.php?rest_route=%2Fwp%2Fv2%2Fproduct_cat&post=24252"},{"taxonomy":"product_tag","embeddable":true,"href":"https:\/\/jugueterialudico.com.ar\/index.php?rest_route=%2Fwp%2Fv2%2Fproduct_tag&post=24252"}],"curies":[{"name":"wp","href":"https:\/\/api.w.org\/{rel}","templated":true}]}}