{"id":24273,"date":"2024-02-03T18:55:05","date_gmt":"2024-02-03T21:55:05","guid":{"rendered":"https:\/\/jugueterialudico.com.ar\/?post_type=product&#038;p=24273"},"modified":"2024-12-20T13:23:52","modified_gmt":"2024-12-20T16:23:52","slug":"magnific-pad-155","status":"publish","type":"product","link":"https:\/\/jugueterialudico.com.ar\/?product=magnific-pad-155","title":{"rendered":"MAGNIFIC PAD &#8211; 155"},"content":{"rendered":"<p>*Im\u00e1genes son a modo ilustrativo<\/p>\n<p>Contiene:<br \/>\n-1 Tablero Magn\u00e9tico<br \/>\n-1 L\u00e1piz Magn\u00e9tico<br \/>\n-1 Tarjeta con Desaf\u00edos.<\/p>\n<p>Todas las piezas est\u00e1n fabricadas de pl\u00e1stico <strong>no t\u00f3xico<\/strong><\/p>\n<p>Pensado para personas de 3 a 99 a\u00f1os.<\/p>\n<p>Dimensiones: 218 x 175 x 15 mm.<\/p>\n<p>380 bolitas<\/p>\n","protected":false},"excerpt":{"rendered":"<h3>Pizarra Dibujo Magn\u00e9tica 380 Bolitas<\/h3>\n<h6>Con esta pizarra magn\u00e9tica podr\u00e1s estimular la imaginaci\u00f3n y creatividad, adem\u00e1s de desarrollar el \u00e1rea viso-espacial escribiendo, dibujando y haciendo patrones. Solo basta deslizar el l\u00e1piz imantado sobre el tablero y las bolillas met\u00e1licas ir\u00e1n apareciendo en la superficie, dando vida a tus creaciones en 2D. Luego, para borrar f\u00e1cilmente, pon en posici\u00f3n horizontal el l\u00e1piz imantado sobre la superficie y deslizalo, o presiona las bolillas con el dedo. Las bolillas cuentan con un sistema de seguridad que las mantiene totalmente protegidas dentro del tablero.<\/h6>\n","protected":false},"featured_media":24274,"comment_status":"open","ping_status":"closed","template":"","meta":{"site-sidebar-layout":"default","site-content-layout":"default","ast-site-content-layout":"","site-content-style":"default","site-sidebar-style":"default","ast-global-header-display":"","ast-banner-title-visibility":"","ast-main-header-display":"","ast-hfb-above-header-display":"","ast-hfb-below-header-display":"","ast-hfb-mobile-header-display":"","site-post-title":"","ast-breadcrumbs-content":"","ast-featured-img":"","footer-sml-layout":"","theme-transparent-header-meta":"default","adv-header-id-meta":"","stick-header-meta":"","header-above-stick-meta":"","header-main-stick-meta":"","header-below-stick-meta":"","astra-migrate-meta-layouts":"default","ast-page-background-enabled":"default","ast-page-background-meta":{"desktop":{"background-color":"","background-image":"","background-repeat":"repeat","background-position":"center center","background-size":"auto","background-attachment":"scroll","background-type":"","background-media":"","overlay-type":"","overlay-color":"","overlay-opacity":"","overlay-gradient":""},"tablet":{"background-color":"","background-image":"","background-repeat":"repeat","background-position":"center center","background-size":"auto","background-attachment":"scroll","background-type":"","background-media":"","overlay-type":"","overlay-color":"","overlay-opacity":"","overlay-gradient":""},"mobile":{"background-color":"","background-image":"","background-repeat":"repeat","background-position":"center center","background-size":"auto","background-attachment":"scroll","background-type":"","background-media":"","overlay-type":"","overlay-color":"","overlay-opacity":"","overlay-gradient":""}},"ast-content-background-meta":{"desktop":{"background-color":"var(--ast-global-color-5)","background-image":"","background-repeat":"repeat","background-position":"center center","background-size":"auto","background-attachment":"scroll","background-type":"","background-media":"","overlay-type":"","overlay-color":"","overlay-opacity":"","overlay-gradient":""},"tablet":{"background-color":"var(--ast-global-color-5)","background-image":"","background-repeat":"repeat","background-position":"center center","background-size":"auto","background-attachment":"scroll","background-type":"","background-media":"","overlay-type":"","overlay-color":"","overlay-opacity":"","overlay-gradient":""},"mobile":{"background-color":"var(--ast-global-color-5)","background-image":"","background-repeat":"repeat","background-position":"center center","background-size":"auto","background-attachment":"scroll","background-type":"","background-media":"","overlay-type":"","overlay-color":"","overlay-opacity":"","overlay-gradient":""}},"spay_email":""},"product_cat":[164,165,166,167,158],"product_tag":[],"_links":{"self":[{"href":"https:\/\/jugueterialudico.com.ar\/index.php?rest_route=\/wp\/v2\/product\/24273"}],"collection":[{"href":"https:\/\/jugueterialudico.com.ar\/index.php?rest_route=\/wp\/v2\/product"}],"about":[{"href":"https:\/\/jugueterialudico.com.ar\/index.php?rest_route=\/wp\/v2\/types\/product"}],"replies":[{"embeddable":true,"href":"https:\/\/jugueterialudico.com.ar\/index.php?rest_route=%2Fwp%2Fv2%2Fcomments&post=24273"}],"wp:featuredmedia":[{"embeddable":true,"href":"https:\/\/jugueterialudico.com.ar\/index.php?rest_route=\/wp\/v2\/media\/24274"}],"wp:attachment":[{"href":"https:\/\/jugueterialudico.com.ar\/index.php?rest_route=%2Fwp%2Fv2%2Fmedia&parent=24273"}],"wp:term":[{"taxonomy":"product_cat","embeddable":true,"href":"https:\/\/jugueterialudico.com.ar\/index.php?rest_route=%2Fwp%2Fv2%2Fproduct_cat&post=24273"},{"taxonomy":"product_tag","embeddable":true,"href":"https:\/\/jugueterialudico.com.ar\/index.php?rest_route=%2Fwp%2Fv2%2Fproduct_tag&post=24273"}],"curies":[{"name":"wp","href":"https:\/\/api.w.org\/{rel}","templated":true}]}}