{"id":24286,"date":"2024-02-05T15:55:38","date_gmt":"2024-02-05T18:55:38","guid":{"rendered":"https:\/\/jugueterialudico.com.ar\/?post_type=product&#038;p=24286"},"modified":"2025-03-21T17:48:43","modified_gmt":"2025-03-21T20:48:43","slug":"bloques-magneticos-16-piezas-155","status":"publish","type":"product","link":"https:\/\/jugueterialudico.com.ar\/?product=bloques-magneticos-16-piezas-155","title":{"rendered":"BLOQUES MAGNETICOS 16 PIEZAS &#8211; 155"},"content":{"rendered":"<p>CARACTERISTICAS:<br \/>\n-Presentaci\u00f3n en caja.<br \/>\n-Todas las piezas son imantadas.<br \/>\n-Edad recomendada: 3 a 12 a\u00f1os<\/p>\n<p>CONTIENE:<br \/>\n-8 cuadrados.<br \/>\n-4 tri\u00e1ngulos equil\u00e1teros.<br \/>\n-4 tri\u00e1ngulos curvos.<\/p>\n","protected":false},"excerpt":{"rendered":"<h4>SET DE 16 PIEZAS MAGNETICAS PARA CONSTRUIR EN 3D LINEA MAGNIFIC FORMS.<\/h4>\n<p>&nbsp;<\/p>\n<p>Ideal para unir matem\u00e1ticas, ciencia y creatividad en un solo lugar. Desarrollaran habilidades motrices, pensamientos abstractos y capacidad para resolver problemas.<\/p>\n<p>Cada una de las piezas contiene componentes magn\u00e9ticos que permiten desafiar la gravedad. Gracias a su adherencia con imanes disfrutar\u00e1s de m\u00faltiples combinaciones, infinitas posibilidades a la hora de jugar y adem\u00e1s, unir\u00e1s cada bloque a otro con mayor versatilidad.<\/p>\n<p>\u2013 Desarrolla la inteligencia viso-espacial.<br \/>\n\u2013 Estimula el pensamiento constructivo, espacial y abstracto.<br \/>\n\u2013 Favorece la creatividad.<br \/>\n\u2013 Ayuda a ejercitar la habilidad manual.<br \/>\n\u2013 Experimenta la fuerza del magnetismo. Construye libremente.<\/p>\n","protected":false},"featured_media":24289,"comment_status":"open","ping_status":"closed","template":"","meta":{"site-sidebar-layout":"default","site-content-layout":"default","ast-site-content-layout":"","site-content-style":"default","site-sidebar-style":"default","ast-global-header-display":"","ast-banner-title-visibility":"","ast-main-header-display":"","ast-hfb-above-header-display":"","ast-hfb-below-header-display":"","ast-hfb-mobile-header-display":"","site-post-title":"","ast-breadcrumbs-content":"","ast-featured-img":"","footer-sml-layout":"","theme-transparent-header-meta":"default","adv-header-id-meta":"","stick-header-meta":"","header-above-stick-meta":"","header-main-stick-meta":"","header-below-stick-meta":"","astra-migrate-meta-layouts":"default","ast-page-background-enabled":"default","ast-page-background-meta":{"desktop":{"background-color":"","background-image":"","background-repeat":"repeat","background-position":"center center","background-size":"auto","background-attachment":"scroll","background-type":"","background-media":"","overlay-type":"","overlay-color":"","overlay-opacity":"","overlay-gradient":""},"tablet":{"background-color":"","background-image":"","background-repeat":"repeat","background-position":"center center","background-size":"auto","background-attachment":"scroll","background-type":"","background-media":"","overlay-type":"","overlay-color":"","overlay-opacity":"","overlay-gradient":""},"mobile":{"background-color":"","background-image":"","background-repeat":"repeat","background-position":"center center","background-size":"auto","background-attachment":"scroll","background-type":"","background-media":"","overlay-type":"","overlay-color":"","overlay-opacity":"","overlay-gradient":""}},"ast-content-background-meta":{"desktop":{"background-color":"var(--ast-global-color-5)","background-image":"","background-repeat":"repeat","background-position":"center center","background-size":"auto","background-attachment":"scroll","background-type":"","background-media":"","overlay-type":"","overlay-color":"","overlay-opacity":"","overlay-gradient":""},"tablet":{"background-color":"var(--ast-global-color-5)","background-image":"","background-repeat":"repeat","background-position":"center center","background-size":"auto","background-attachment":"scroll","background-type":"","background-media":"","overlay-type":"","overlay-color":"","overlay-opacity":"","overlay-gradient":""},"mobile":{"background-color":"var(--ast-global-color-5)","background-image":"","background-repeat":"repeat","background-position":"center center","background-size":"auto","background-attachment":"scroll","background-type":"","background-media":"","overlay-type":"","overlay-color":"","overlay-opacity":"","overlay-gradient":""}},"spay_email":""},"product_cat":[164,165,166,167,158,77],"product_tag":[],"_links":{"self":[{"href":"https:\/\/jugueterialudico.com.ar\/index.php?rest_route=\/wp\/v2\/product\/24286"}],"collection":[{"href":"https:\/\/jugueterialudico.com.ar\/index.php?rest_route=\/wp\/v2\/product"}],"about":[{"href":"https:\/\/jugueterialudico.com.ar\/index.php?rest_route=\/wp\/v2\/types\/product"}],"replies":[{"embeddable":true,"href":"https:\/\/jugueterialudico.com.ar\/index.php?rest_route=%2Fwp%2Fv2%2Fcomments&post=24286"}],"wp:featuredmedia":[{"embeddable":true,"href":"https:\/\/jugueterialudico.com.ar\/index.php?rest_route=\/wp\/v2\/media\/24289"}],"wp:attachment":[{"href":"https:\/\/jugueterialudico.com.ar\/index.php?rest_route=%2Fwp%2Fv2%2Fmedia&parent=24286"}],"wp:term":[{"taxonomy":"product_cat","embeddable":true,"href":"https:\/\/jugueterialudico.com.ar\/index.php?rest_route=%2Fwp%2Fv2%2Fproduct_cat&post=24286"},{"taxonomy":"product_tag","embeddable":true,"href":"https:\/\/jugueterialudico.com.ar\/index.php?rest_route=%2Fwp%2Fv2%2Fproduct_tag&post=24286"}],"curies":[{"name":"wp","href":"https:\/\/api.w.org\/{rel}","templated":true}]}}