{"id":24330,"date":"2024-02-08T17:17:55","date_gmt":"2024-02-08T20:17:55","guid":{"rendered":"https:\/\/jugueterialudico.com.ar\/?post_type=product&#038;p=24330"},"modified":"2026-02-10T16:51:04","modified_gmt":"2026-02-10T19:51:04","slug":"descubriendo-argentina-061","status":"publish","type":"product","link":"https:\/\/jugueterialudico.com.ar\/?product=descubriendo-argentina-061","title":{"rendered":"DESCUBRIENDO ARGENTINA &#8211; 061"},"content":{"rendered":"<p><strong>Incluye<\/strong><\/p>\n<ol>\n<li>P\u00e1gina de Jujuy. ( ukelele y oso hormiguero )<\/li>\n<li>P\u00e1gina de Chubut.\u00a0 ( Pinguino y Lobo marino )<\/li>\n<li>P\u00e1gina de Buenos Aires. ( Tabla de Surf y carpincho )<\/li>\n<li>P\u00e1gina de la Ciudad Aut\u00f3noma de Buenos Aires. ( pajarito aut\u00f3ctono )<\/li>\n<li>P\u00e1gina de Rio Negro ( Esquies )<\/li>\n<\/ol>\n<p><strong>LIBROS DE ESCENAS<\/strong><\/p>\n<p>Cuando pasamos un rato en familia con los chicos y los motivamos a inventar cuentos, no solo los estamos entreteniendo , estamos creando un gran espacio de conexi\u00f3n familiar, y tambi\u00e9n los estamos estimulando a adquirir muchas habilidades cognitivas y emocionales como:<br \/>\n. Desarrollo de la inteligencia<br \/>\n. Estimulaci\u00f3n de la memoria<br \/>\n. Incrementa el vocabulario<br \/>\n. Promueve valores y tradiciones<br \/>\n. Incremento de autoestima y confianza<br \/>\n. Conocer su mundo interior.<\/p>\n<p>&nbsp;<\/p>\n<p><strong>Descripci\u00f3n<\/strong><\/p>\n<ul>\n<li>Confeccionado en tela 100% poliester<\/li>\n<li>Lavable<\/li>\n<li>Mide 23x22cm cerrado<\/li>\n<\/ul>\n","protected":false},"excerpt":{"rendered":"<p><strong>Descubrir nuestro pa\u00eds de la forma mas divertida y jugando a trav\u00e9s de este libro sensorial.<\/strong><\/p>\n<p><strong>Pensado para ni\u00f1as y ni\u00f1os de 3 a 7 a\u00f1os.<\/strong><\/p>\n<p>&nbsp;<\/p>\n<p>Acompa\u00f1a a los dos personajes a recorrer los lugares m\u00e1s lindos de nuestro pa\u00eds, descubrir animales aut\u00f3ctonos y tradiciones. Inventar miles de cuentos y aventuras&#8230;<\/p>\n<p>Cada p\u00e1gina trae una peque\u00f1a descripci\u00f3n del lugar, algo que descubrir y muchas historias por contar&#8230;<\/p>\n","protected":false},"featured_media":24331,"comment_status":"open","ping_status":"closed","template":"","meta":{"site-sidebar-layout":"default","site-content-layout":"default","ast-site-content-layout":"","site-content-style":"default","site-sidebar-style":"default","ast-global-header-display":"","ast-banner-title-visibility":"","ast-main-header-display":"","ast-hfb-above-header-display":"","ast-hfb-below-header-display":"","ast-hfb-mobile-header-display":"","site-post-title":"","ast-breadcrumbs-content":"","ast-featured-img":"","footer-sml-layout":"","theme-transparent-header-meta":"default","adv-header-id-meta":"","stick-header-meta":"","header-above-stick-meta":"","header-main-stick-meta":"","header-below-stick-meta":"","astra-migrate-meta-layouts":"default","ast-page-background-enabled":"default","ast-page-background-meta":{"desktop":{"background-color":"","background-image":"","background-repeat":"repeat","background-position":"center center","background-size":"auto","background-attachment":"scroll","background-type":"","background-media":"","overlay-type":"","overlay-color":"","overlay-opacity":"","overlay-gradient":""},"tablet":{"background-color":"","background-image":"","background-repeat":"repeat","background-position":"center center","background-size":"auto","background-attachment":"scroll","background-type":"","background-media":"","overlay-type":"","overlay-color":"","overlay-opacity":"","overlay-gradient":""},"mobile":{"background-color":"","background-image":"","background-repeat":"repeat","background-position":"center center","background-size":"auto","background-attachment":"scroll","background-type":"","background-media":"","overlay-type":"","overlay-color":"","overlay-opacity":"","overlay-gradient":""}},"ast-content-background-meta":{"desktop":{"background-color":"var(--ast-global-color-5)","background-image":"","background-repeat":"repeat","background-position":"center center","background-size":"auto","background-attachment":"scroll","background-type":"","background-media":"","overlay-type":"","overlay-color":"","overlay-opacity":"","overlay-gradient":""},"tablet":{"background-color":"var(--ast-global-color-5)","background-image":"","background-repeat":"repeat","background-position":"center center","background-size":"auto","background-attachment":"scroll","background-type":"","background-media":"","overlay-type":"","overlay-color":"","overlay-opacity":"","overlay-gradient":""},"mobile":{"background-color":"var(--ast-global-color-5)","background-image":"","background-repeat":"repeat","background-position":"center center","background-size":"auto","background-attachment":"scroll","background-type":"","background-media":"","overlay-type":"","overlay-color":"","overlay-opacity":"","overlay-gradient":""}},"spay_email":""},"product_cat":[163,164,165,166,167,146,76,145],"product_tag":[],"_links":{"self":[{"href":"https:\/\/jugueterialudico.com.ar\/index.php?rest_route=\/wp\/v2\/product\/24330"}],"collection":[{"href":"https:\/\/jugueterialudico.com.ar\/index.php?rest_route=\/wp\/v2\/product"}],"about":[{"href":"https:\/\/jugueterialudico.com.ar\/index.php?rest_route=\/wp\/v2\/types\/product"}],"replies":[{"embeddable":true,"href":"https:\/\/jugueterialudico.com.ar\/index.php?rest_route=%2Fwp%2Fv2%2Fcomments&post=24330"}],"wp:featuredmedia":[{"embeddable":true,"href":"https:\/\/jugueterialudico.com.ar\/index.php?rest_route=\/wp\/v2\/media\/24331"}],"wp:attachment":[{"href":"https:\/\/jugueterialudico.com.ar\/index.php?rest_route=%2Fwp%2Fv2%2Fmedia&parent=24330"}],"wp:term":[{"taxonomy":"product_cat","embeddable":true,"href":"https:\/\/jugueterialudico.com.ar\/index.php?rest_route=%2Fwp%2Fv2%2Fproduct_cat&post=24330"},{"taxonomy":"product_tag","embeddable":true,"href":"https:\/\/jugueterialudico.com.ar\/index.php?rest_route=%2Fwp%2Fv2%2Fproduct_tag&post=24330"}],"curies":[{"name":"wp","href":"https:\/\/api.w.org\/{rel}","templated":true}]}}