{"id":24372,"date":"2024-02-19T18:25:08","date_gmt":"2024-02-19T21:25:08","guid":{"rendered":"https:\/\/jugueterialudico.com.ar\/?post_type=product&#038;p=24372"},"modified":"2025-05-30T17:51:35","modified_gmt":"2025-05-30T20:51:35","slug":"mis-amigas-las-emociones-de-bolsillo-036","status":"publish","type":"product","link":"https:\/\/jugueterialudico.com.ar\/?product=mis-amigas-las-emociones-de-bolsillo-036","title":{"rendered":"MIS AMIGAS LAS EMOCIONES DE BOLSILLO- 036"},"content":{"rendered":"<p><strong>16 CARTAS DE EMOCIONES\/ 12 SITUACIONES\/ 1 REGLAMENTO<\/strong><\/p>\n<p>&nbsp;<\/p>\n<p><strong>El juego est\u00e1 pensado para ayudarnos a:<\/strong><\/p>\n<ul>\n<li>Identificar las emociones y la reacci\u00f3n en el cuerpo. Ponerle nombre a la emoci\u00f3n.<\/li>\n<li>Fomentar la empat\u00eda, identificando emociones en otras personas.<\/li>\n<li>Fomentar el respeto hacia los dem\u00e1s.<\/li>\n<li>Desarrollar un mejor autoconocimiento y mejor autoestima.<\/li>\n<li>Promover respuestas adecuadas en vez de reacciones autom\u00e1ticas.<\/li>\n<li>Desarrollar la inteligencia emocional y la habilidad sensitiva para desarrollar personalidades fuertes y seguras.<\/li>\n<\/ul>\n<p>&nbsp;<\/p>\n<p><strong>Habilidades que estimula:<\/strong><\/p>\n<ul>\n<li>Concentraci\u00f3n y escucha<\/li>\n<li>Storytelling<\/li>\n<li>Interpretaci\u00f3n<\/li>\n<li>Motricidad gruesa<\/li>\n<li>Juego en equipo<\/li>\n<\/ul>\n","protected":false},"excerpt":{"rendered":"<p><strong>LLEV\u00c1 TUS EMOCIONES A TODOS LADOS<\/strong><\/p>\n<p><strong>Mis amigas las emociones<\/strong>\u00a0es un juego de cartas educativas que busca ayudarnos a conocer, nombrar y poner en contexto diferentes emociones y estados de \u00e1nimos a trav\u00e9s de textos simples, frases y actividades que nos ayudan a hablar de lo que nos pasa y entendernos m\u00e1s.<\/p>\n<p>Con dibujos exclusivos y tarjetas de situaciones, estas cartas ofrece muchas actividades y herramientas para sumergirnos puertas adentro.<\/p>\n<p>&nbsp;<\/p>\n<p>Un juego de cartas educativas que busca ayudarnos a conocer, nombrar y poner en contexto diferentes emociones y estados de \u00e1nimos a trav\u00e9s de textos simples, frases y actividades.<\/p>\n","protected":false},"featured_media":26308,"comment_status":"open","ping_status":"closed","template":"","meta":{"site-sidebar-layout":"default","site-content-layout":"default","ast-site-content-layout":"default","site-content-style":"default","site-sidebar-style":"default","ast-global-header-display":"","ast-banner-title-visibility":"","ast-main-header-display":"","ast-hfb-above-header-display":"","ast-hfb-below-header-display":"","ast-hfb-mobile-header-display":"","site-post-title":"","ast-breadcrumbs-content":"","ast-featured-img":"","footer-sml-layout":"","theme-transparent-header-meta":"default","adv-header-id-meta":"","stick-header-meta":"","header-above-stick-meta":"","header-main-stick-meta":"","header-below-stick-meta":"","astra-migrate-meta-layouts":"set","ast-page-background-enabled":"default","ast-page-background-meta":{"desktop":{"background-color":"","background-image":"","background-repeat":"repeat","background-position":"center center","background-size":"auto","background-attachment":"scroll","background-type":"","background-media":"","overlay-type":"","overlay-color":"","overlay-opacity":"","overlay-gradient":""},"tablet":{"background-color":"","background-image":"","background-repeat":"repeat","background-position":"center center","background-size":"auto","background-attachment":"scroll","background-type":"","background-media":"","overlay-type":"","overlay-color":"","overlay-opacity":"","overlay-gradient":""},"mobile":{"background-color":"","background-image":"","background-repeat":"repeat","background-position":"center center","background-size":"auto","background-attachment":"scroll","background-type":"","background-media":"","overlay-type":"","overlay-color":"","overlay-opacity":"","overlay-gradient":""}},"ast-content-background-meta":{"desktop":{"background-color":"var(--ast-global-color-5)","background-image":"","background-repeat":"repeat","background-position":"center center","background-size":"auto","background-attachment":"scroll","background-type":"","background-media":"","overlay-type":"","overlay-color":"","overlay-opacity":"","overlay-gradient":""},"tablet":{"background-color":"var(--ast-global-color-5)","background-image":"","background-repeat":"repeat","background-position":"center center","background-size":"auto","background-attachment":"scroll","background-type":"","background-media":"","overlay-type":"","overlay-color":"","overlay-opacity":"","overlay-gradient":""},"mobile":{"background-color":"var(--ast-global-color-5)","background-image":"","background-repeat":"repeat","background-position":"center center","background-size":"auto","background-attachment":"scroll","background-type":"","background-media":"","overlay-type":"","overlay-color":"","overlay-opacity":"","overlay-gradient":""}},"spay_email":""},"product_cat":[168,166,167,146,74],"product_tag":[],"_links":{"self":[{"href":"https:\/\/jugueterialudico.com.ar\/index.php?rest_route=\/wp\/v2\/product\/24372"}],"collection":[{"href":"https:\/\/jugueterialudico.com.ar\/index.php?rest_route=\/wp\/v2\/product"}],"about":[{"href":"https:\/\/jugueterialudico.com.ar\/index.php?rest_route=\/wp\/v2\/types\/product"}],"replies":[{"embeddable":true,"href":"https:\/\/jugueterialudico.com.ar\/index.php?rest_route=%2Fwp%2Fv2%2Fcomments&post=24372"}],"wp:featuredmedia":[{"embeddable":true,"href":"https:\/\/jugueterialudico.com.ar\/index.php?rest_route=\/wp\/v2\/media\/26308"}],"wp:attachment":[{"href":"https:\/\/jugueterialudico.com.ar\/index.php?rest_route=%2Fwp%2Fv2%2Fmedia&parent=24372"}],"wp:term":[{"taxonomy":"product_cat","embeddable":true,"href":"https:\/\/jugueterialudico.com.ar\/index.php?rest_route=%2Fwp%2Fv2%2Fproduct_cat&post=24372"},{"taxonomy":"product_tag","embeddable":true,"href":"https:\/\/jugueterialudico.com.ar\/index.php?rest_route=%2Fwp%2Fv2%2Fproduct_tag&post=24372"}],"curies":[{"name":"wp","href":"https:\/\/api.w.org\/{rel}","templated":true}]}}