{"id":24399,"date":"2024-02-20T12:49:57","date_gmt":"2024-02-20T15:49:57","guid":{"rendered":"https:\/\/jugueterialudico.com.ar\/?post_type=product&#038;p=24399"},"modified":"2024-11-27T17:56:10","modified_gmt":"2024-11-27T20:56:10","slug":"valijita-de-arte-grande-187","status":"publish","type":"product","link":"https:\/\/jugueterialudico.com.ar\/?product=valijita-de-arte-grande-187","title":{"rendered":"VALIJITA DE ARTE GRANDE- 187"},"content":{"rendered":"<p>-Medida valija abierta: 37 x 56 \/ Medida valija cerrada : 37 x 28 cm<\/p>\n<ul>\n<li>Tela de diferentes texturas y colores<\/li>\n<li>Lentejuelas de colores y con formas<\/li>\n<li>Ojitos m\u00f3viles<\/li>\n<li>Tizas de colores<\/li>\n<li>Pompones de felpa<\/li>\n<li>Plumas de colores<\/li>\n<li>Limpiapipas de colores<\/li>\n<li>Lanas de colores<\/li>\n<li>Palitos de helado<\/li>\n<li>Papel crepe<\/li>\n<li>Tiras de goma eva<\/li>\n<li>Cartulinas lisas y estampadas<\/li>\n<li>Papel glace<\/li>\n<li>Antifaz<\/li>\n<li>Silicona liquida<\/li>\n<li>Marcador<\/li>\n<li>Blondas<\/li>\n<li>Rect\u00e1ngulos de goma eva<\/li>\n<li>Temperas de colores<\/li>\n<li>Pincel<\/li>\n<li>Goma eva picada<\/li>\n<li>Formitas de goma eva<\/li>\n<li>Tijera<\/li>\n<li>Adhesivo con glitter<\/li>\n<li>Bolsas de papel<\/li>\n<li>Plantilla de ideas<\/li>\n<li>Plantilla para vestir<\/li>\n<\/ul>\n<p>&nbsp;<\/p>\n<p>Recomendado para ni\u00f1os a partir de 3 a 5 a\u00f1os (supervisado por un adulto) y de 6 en adelante ya lo pueden usar solitos<\/p>\n<p>*Los colores del interior pueden variar<\/p>\n","protected":false},"excerpt":{"rendered":"<h3>Valijita de Arte y Manualidades para ni\u00f1as y ni\u00f1os s\u00faper creativos.<\/h3>\n","protected":false},"featured_media":24402,"comment_status":"open","ping_status":"closed","template":"","meta":{"site-sidebar-layout":"default","site-content-layout":"default","ast-site-content-layout":"","site-content-style":"default","site-sidebar-style":"default","ast-global-header-display":"","ast-banner-title-visibility":"","ast-main-header-display":"","ast-hfb-above-header-display":"","ast-hfb-below-header-display":"","ast-hfb-mobile-header-display":"","site-post-title":"","ast-breadcrumbs-content":"","ast-featured-img":"","footer-sml-layout":"","theme-transparent-header-meta":"default","adv-header-id-meta":"","stick-header-meta":"","header-above-stick-meta":"","header-main-stick-meta":"","header-below-stick-meta":"","astra-migrate-meta-layouts":"default","ast-page-background-enabled":"default","ast-page-background-meta":{"desktop":{"background-color":"","background-image":"","background-repeat":"repeat","background-position":"center center","background-size":"auto","background-attachment":"scroll","background-type":"","background-media":"","overlay-type":"","overlay-color":"","overlay-opacity":"","overlay-gradient":""},"tablet":{"background-color":"","background-image":"","background-repeat":"repeat","background-position":"center center","background-size":"auto","background-attachment":"scroll","background-type":"","background-media":"","overlay-type":"","overlay-color":"","overlay-opacity":"","overlay-gradient":""},"mobile":{"background-color":"","background-image":"","background-repeat":"repeat","background-position":"center center","background-size":"auto","background-attachment":"scroll","background-type":"","background-media":"","overlay-type":"","overlay-color":"","overlay-opacity":"","overlay-gradient":""}},"ast-content-background-meta":{"desktop":{"background-color":"var(--ast-global-color-5)","background-image":"","background-repeat":"repeat","background-position":"center center","background-size":"auto","background-attachment":"scroll","background-type":"","background-media":"","overlay-type":"","overlay-color":"","overlay-opacity":"","overlay-gradient":""},"tablet":{"background-color":"var(--ast-global-color-5)","background-image":"","background-repeat":"repeat","background-position":"center center","background-size":"auto","background-attachment":"scroll","background-type":"","background-media":"","overlay-type":"","overlay-color":"","overlay-opacity":"","overlay-gradient":""},"mobile":{"background-color":"var(--ast-global-color-5)","background-image":"","background-repeat":"repeat","background-position":"center center","background-size":"auto","background-attachment":"scroll","background-type":"","background-media":"","overlay-type":"","overlay-color":"","overlay-opacity":"","overlay-gradient":""}},"spay_email":""},"product_cat":[164,165,166,167,200,78],"product_tag":[],"_links":{"self":[{"href":"https:\/\/jugueterialudico.com.ar\/index.php?rest_route=\/wp\/v2\/product\/24399"}],"collection":[{"href":"https:\/\/jugueterialudico.com.ar\/index.php?rest_route=\/wp\/v2\/product"}],"about":[{"href":"https:\/\/jugueterialudico.com.ar\/index.php?rest_route=\/wp\/v2\/types\/product"}],"replies":[{"embeddable":true,"href":"https:\/\/jugueterialudico.com.ar\/index.php?rest_route=%2Fwp%2Fv2%2Fcomments&post=24399"}],"wp:featuredmedia":[{"embeddable":true,"href":"https:\/\/jugueterialudico.com.ar\/index.php?rest_route=\/wp\/v2\/media\/24402"}],"wp:attachment":[{"href":"https:\/\/jugueterialudico.com.ar\/index.php?rest_route=%2Fwp%2Fv2%2Fmedia&parent=24399"}],"wp:term":[{"taxonomy":"product_cat","embeddable":true,"href":"https:\/\/jugueterialudico.com.ar\/index.php?rest_route=%2Fwp%2Fv2%2Fproduct_cat&post=24399"},{"taxonomy":"product_tag","embeddable":true,"href":"https:\/\/jugueterialudico.com.ar\/index.php?rest_route=%2Fwp%2Fv2%2Fproduct_tag&post=24399"}],"curies":[{"name":"wp","href":"https:\/\/api.w.org\/{rel}","templated":true}]}}