{"id":24445,"date":"2024-02-26T17:24:57","date_gmt":"2024-02-26T20:24:57","guid":{"rendered":"https:\/\/jugueterialudico.com.ar\/?post_type=product&#038;p=24445"},"modified":"2025-06-23T10:25:50","modified_gmt":"2025-06-23T13:25:50","slug":"kit-de-arte-100-piezas-188","status":"publish","type":"product","link":"https:\/\/jugueterialudico.com.ar\/?product=kit-de-arte-100-piezas-188","title":{"rendered":"KIT DE ARTE 100 PIEZAS &#8211; 188"},"content":{"rendered":"<p>\u00bfQu\u00e9 contiene la caja We Art &#8211; PEQUE\u00d1A?<br \/>\n&#8211; Limpiapipas comunes y metalizados<br \/>\n&#8211; Palitos de madera, y de colores<br \/>\n&#8211; Bajalenguas<br \/>\n&#8211; Sorbetes<br \/>\n&#8211; Papel Crepe<br \/>\n&#8211; Goma Eva com\u00fan y glitter<br \/>\n&#8211; Cartulina<br \/>\n&#8211; Telas varias<br \/>\n&#8211; Lanas de distintos grosores y colores<br \/>\n&#8211; Lentejuelas<br \/>\n&#8211; Lentejuelones<br \/>\n&#8211; Ojos m\u00f3viles, diferentes tama\u00f1os<br \/>\n&#8211; Pompones de diferentes tama\u00f1os y colores<br \/>\n&#8211; Plumas de diferentes tama\u00f1os y colores<br \/>\n&#8211; Librito con 16 ideas para crear<\/p>\n<p>Caja unisex.<br \/>\nRecomendada a partir de los 3 a\u00f1os en compa\u00f1\u00eda de un adulto, hasta las 12\/13 a\u00f1os, seg\u00fan los intereses del ni\u00f1o.<\/p>\n<p>Medida de la caja: 20 x 16 x 4 cm aprox.<\/p>\n","protected":false},"excerpt":{"rendered":"<p>Caja, We Art PEQUE\u00d1A, incluye + 100 piezas.<br \/>\nUna caja llena de materiales para que los ni\u00f1os puedan desarrollar su imaginaci\u00f3n y creatividad.<\/p>\n<p>Con la caja We Art, los ni\u00f1os tendr\u00e1n horas de diversi\u00f3n armando sus propios juguetes!!!<\/p>\n","protected":false},"featured_media":24449,"comment_status":"open","ping_status":"closed","template":"","meta":{"site-sidebar-layout":"default","site-content-layout":"default","ast-site-content-layout":"","site-content-style":"default","site-sidebar-style":"default","ast-global-header-display":"","ast-banner-title-visibility":"","ast-main-header-display":"","ast-hfb-above-header-display":"","ast-hfb-below-header-display":"","ast-hfb-mobile-header-display":"","site-post-title":"","ast-breadcrumbs-content":"","ast-featured-img":"","footer-sml-layout":"","theme-transparent-header-meta":"default","adv-header-id-meta":"","stick-header-meta":"","header-above-stick-meta":"","header-main-stick-meta":"","header-below-stick-meta":"","astra-migrate-meta-layouts":"default","ast-page-background-enabled":"default","ast-page-background-meta":{"desktop":{"background-color":"","background-image":"","background-repeat":"repeat","background-position":"center center","background-size":"auto","background-attachment":"scroll","background-type":"","background-media":"","overlay-type":"","overlay-color":"","overlay-opacity":"","overlay-gradient":""},"tablet":{"background-color":"","background-image":"","background-repeat":"repeat","background-position":"center center","background-size":"auto","background-attachment":"scroll","background-type":"","background-media":"","overlay-type":"","overlay-color":"","overlay-opacity":"","overlay-gradient":""},"mobile":{"background-color":"","background-image":"","background-repeat":"repeat","background-position":"center center","background-size":"auto","background-attachment":"scroll","background-type":"","background-media":"","overlay-type":"","overlay-color":"","overlay-opacity":"","overlay-gradient":""}},"ast-content-background-meta":{"desktop":{"background-color":"var(--ast-global-color-5)","background-image":"","background-repeat":"repeat","background-position":"center center","background-size":"auto","background-attachment":"scroll","background-type":"","background-media":"","overlay-type":"","overlay-color":"","overlay-opacity":"","overlay-gradient":""},"tablet":{"background-color":"var(--ast-global-color-5)","background-image":"","background-repeat":"repeat","background-position":"center center","background-size":"auto","background-attachment":"scroll","background-type":"","background-media":"","overlay-type":"","overlay-color":"","overlay-opacity":"","overlay-gradient":""},"mobile":{"background-color":"var(--ast-global-color-5)","background-image":"","background-repeat":"repeat","background-position":"center center","background-size":"auto","background-attachment":"scroll","background-type":"","background-media":"","overlay-type":"","overlay-color":"","overlay-opacity":"","overlay-gradient":""}},"spay_email":""},"product_cat":[164,165,166,167,200,78],"product_tag":[],"_links":{"self":[{"href":"https:\/\/jugueterialudico.com.ar\/index.php?rest_route=\/wp\/v2\/product\/24445"}],"collection":[{"href":"https:\/\/jugueterialudico.com.ar\/index.php?rest_route=\/wp\/v2\/product"}],"about":[{"href":"https:\/\/jugueterialudico.com.ar\/index.php?rest_route=\/wp\/v2\/types\/product"}],"replies":[{"embeddable":true,"href":"https:\/\/jugueterialudico.com.ar\/index.php?rest_route=%2Fwp%2Fv2%2Fcomments&post=24445"}],"wp:featuredmedia":[{"embeddable":true,"href":"https:\/\/jugueterialudico.com.ar\/index.php?rest_route=\/wp\/v2\/media\/24449"}],"wp:attachment":[{"href":"https:\/\/jugueterialudico.com.ar\/index.php?rest_route=%2Fwp%2Fv2%2Fmedia&parent=24445"}],"wp:term":[{"taxonomy":"product_cat","embeddable":true,"href":"https:\/\/jugueterialudico.com.ar\/index.php?rest_route=%2Fwp%2Fv2%2Fproduct_cat&post=24445"},{"taxonomy":"product_tag","embeddable":true,"href":"https:\/\/jugueterialudico.com.ar\/index.php?rest_route=%2Fwp%2Fv2%2Fproduct_tag&post=24445"}],"curies":[{"name":"wp","href":"https:\/\/api.w.org\/{rel}","templated":true}]}}