{"id":24584,"date":"2024-03-25T11:30:35","date_gmt":"2024-03-25T14:30:35","guid":{"rendered":"https:\/\/jugueterialudico.com.ar\/?post_type=product&#038;p=24584"},"modified":"2025-09-11T18:01:03","modified_gmt":"2025-09-11T21:01:03","slug":"castillo-de-fuego-185","status":"publish","type":"product","link":"https:\/\/jugueterialudico.com.ar\/?product=castillo-de-fuego-185","title":{"rendered":"CASTILLO DE FUEGO &#8211; 185"},"content":{"rendered":"<p>El legendario Castillo de Fuego<\/p>\n<p>llega con un nuevo concepto: \u00a1\u200bDiversi\u00f3n Aumentada!<\/p>\n<p>A trav\u00e9s de una aplicaci\u00f3n para celulares y tablets\u200b, podr\u00e1s darle vida a personajes en realidad aumentada para que interact\u00faes y te diviertas con tus construcciones.<\/p>\n<p>Brujos, dragones y soldados ser\u00e1n tus compa\u00f1eros en esta aventura, con quienes tendr\u00e1s que atravesar grandes tormentas y fuertes llamas de fuego.<\/p>\n","protected":false},"excerpt":{"rendered":"<p>El legendario Castillo de Fuego llega con un nuevo concepto: \u00a1\u200bDiversi\u00f3n Aumentada! A trav\u00e9s de una aplicaci\u00f3n para celulares y tablets\u200b, podr\u00e1s darle vida a personajes en realidad aumentada para que interact\u00faes y te diviertas con tus construcciones. Brujos, dragones y soldados ser\u00e1n tus compa\u00f1eros en esta aventura, con quienes tendr\u00e1s que atravesar grandes tormentas [&hellip;]<\/p>\n","protected":false},"featured_media":24585,"comment_status":"open","ping_status":"closed","template":"","meta":{"site-sidebar-layout":"default","site-content-layout":"","ast-site-content-layout":"default","site-content-style":"default","site-sidebar-style":"default","ast-global-header-display":"","ast-banner-title-visibility":"","ast-main-header-display":"","ast-hfb-above-header-display":"","ast-hfb-below-header-display":"","ast-hfb-mobile-header-display":"","site-post-title":"","ast-breadcrumbs-content":"","ast-featured-img":"","footer-sml-layout":"","theme-transparent-header-meta":"default","adv-header-id-meta":"","stick-header-meta":"","header-above-stick-meta":"","header-main-stick-meta":"","header-below-stick-meta":"","astra-migrate-meta-layouts":"set","ast-page-background-enabled":"default","ast-page-background-meta":{"desktop":{"background-color":"","background-image":"","background-repeat":"repeat","background-position":"center center","background-size":"auto","background-attachment":"scroll","background-type":"","background-media":"","overlay-type":"","overlay-color":"","overlay-opacity":"","overlay-gradient":""},"tablet":{"background-color":"","background-image":"","background-repeat":"repeat","background-position":"center center","background-size":"auto","background-attachment":"scroll","background-type":"","background-media":"","overlay-type":"","overlay-color":"","overlay-opacity":"","overlay-gradient":""},"mobile":{"background-color":"","background-image":"","background-repeat":"repeat","background-position":"center center","background-size":"auto","background-attachment":"scroll","background-type":"","background-media":"","overlay-type":"","overlay-color":"","overlay-opacity":"","overlay-gradient":""}},"ast-content-background-meta":{"desktop":{"background-color":"var(--ast-global-color-5)","background-image":"","background-repeat":"repeat","background-position":"center center","background-size":"auto","background-attachment":"scroll","background-type":"","background-media":"","overlay-type":"","overlay-color":"","overlay-opacity":"","overlay-gradient":""},"tablet":{"background-color":"var(--ast-global-color-5)","background-image":"","background-repeat":"repeat","background-position":"center center","background-size":"auto","background-attachment":"scroll","background-type":"","background-media":"","overlay-type":"","overlay-color":"","overlay-opacity":"","overlay-gradient":""},"mobile":{"background-color":"var(--ast-global-color-5)","background-image":"","background-repeat":"repeat","background-position":"center center","background-size":"auto","background-attachment":"scroll","background-type":"","background-media":"","overlay-type":"","overlay-color":"","overlay-opacity":"","overlay-gradient":""}},"spay_email":""},"product_cat":[165,166,167,77],"product_tag":[],"_links":{"self":[{"href":"https:\/\/jugueterialudico.com.ar\/index.php?rest_route=\/wp\/v2\/product\/24584"}],"collection":[{"href":"https:\/\/jugueterialudico.com.ar\/index.php?rest_route=\/wp\/v2\/product"}],"about":[{"href":"https:\/\/jugueterialudico.com.ar\/index.php?rest_route=\/wp\/v2\/types\/product"}],"replies":[{"embeddable":true,"href":"https:\/\/jugueterialudico.com.ar\/index.php?rest_route=%2Fwp%2Fv2%2Fcomments&post=24584"}],"wp:featuredmedia":[{"embeddable":true,"href":"https:\/\/jugueterialudico.com.ar\/index.php?rest_route=\/wp\/v2\/media\/24585"}],"wp:attachment":[{"href":"https:\/\/jugueterialudico.com.ar\/index.php?rest_route=%2Fwp%2Fv2%2Fmedia&parent=24584"}],"wp:term":[{"taxonomy":"product_cat","embeddable":true,"href":"https:\/\/jugueterialudico.com.ar\/index.php?rest_route=%2Fwp%2Fv2%2Fproduct_cat&post=24584"},{"taxonomy":"product_tag","embeddable":true,"href":"https:\/\/jugueterialudico.com.ar\/index.php?rest_route=%2Fwp%2Fv2%2Fproduct_tag&post=24584"}],"curies":[{"name":"wp","href":"https:\/\/api.w.org\/{rel}","templated":true}]}}