{"id":24590,"date":"2024-03-25T18:13:00","date_gmt":"2024-03-25T21:13:00","guid":{"rendered":"https:\/\/jugueterialudico.com.ar\/?post_type=product&#038;p=24590"},"modified":"2026-04-28T18:25:22","modified_gmt":"2026-04-28T21:25:22","slug":"empiezo-a-escribir-imp-disney-011","status":"publish","type":"product","link":"https:\/\/jugueterialudico.com.ar\/?product=empiezo-a-escribir-imp-disney-011","title":{"rendered":"EMPIEZO A ESCRIBIR IMP. DISNEY &#8211; 011"},"content":{"rendered":"<p>CONTIENE<br \/>\nEjercicios para practicar con diferentes trazos. El abecedario en letra may\u00fascula y letra min\u00fascula (Incluye lenguaje de se\u00f1as). N\u00fameros del 1 al 20 con apoyo visual para contar. Un marcador para escribir y borrar.<\/p>\n<p>Todas las cartas se encuentran laminadas para una mayor duraci\u00f3n y para que se puedan escribir sobre ellas y luego borrar con mucha facilidad.<\/p>\n<p>Marca: Disney por Barco de Papel<br \/>\nL\u00ednea: Cartas did\u00e1cticas Disney<br \/>\nArt\u00edculo: Aprendo a escribir en letra imprenta<br \/>\nMedida de las cartas: 12,5&#215;8,5cm<br \/>\nCantidad de cartas: 50<br \/>\nEdad recomendad: +6 a\u00f1os<\/p>\n","protected":false},"excerpt":{"rendered":"<h4>CARTAS DID\u00c1CTICAS DE DISNEY PIXAR PARA APRENDER A ESCRIBIR EN LETRA IMPRENTA<\/h4>\n<p>&nbsp;<\/p>\n<p>Juego de 50 cartas para dar los primero pasos en la escritura.<\/p>\n<p>Cartas did\u00e1cticas para aprender a escribir. Con marcador y borrador que permite realizar las actividades una y otra vez. Adem\u00e1s incluye lenguaje de se\u00f1as!<\/p>\n<p><em>\u00a1En cada carta encontrar\u00e1s un personaje de<\/em> <em>Disney para reconocer cada letra de forma mas f\u00e1cil y divertida!<\/em><\/p>\n","protected":false},"featured_media":24594,"comment_status":"open","ping_status":"closed","template":"","meta":{"site-sidebar-layout":"default","site-content-layout":"","ast-site-content-layout":"default","site-content-style":"default","site-sidebar-style":"default","ast-global-header-display":"","ast-banner-title-visibility":"","ast-main-header-display":"","ast-hfb-above-header-display":"","ast-hfb-below-header-display":"","ast-hfb-mobile-header-display":"","site-post-title":"","ast-breadcrumbs-content":"","ast-featured-img":"","footer-sml-layout":"","theme-transparent-header-meta":"default","adv-header-id-meta":"","stick-header-meta":"","header-above-stick-meta":"","header-main-stick-meta":"","header-below-stick-meta":"","astra-migrate-meta-layouts":"set","ast-page-background-enabled":"default","ast-page-background-meta":{"desktop":{"background-color":"","background-image":"","background-repeat":"repeat","background-position":"center center","background-size":"auto","background-attachment":"scroll","background-type":"","background-media":"","overlay-type":"","overlay-color":"","overlay-opacity":"","overlay-gradient":""},"tablet":{"background-color":"","background-image":"","background-repeat":"repeat","background-position":"center center","background-size":"auto","background-attachment":"scroll","background-type":"","background-media":"","overlay-type":"","overlay-color":"","overlay-opacity":"","overlay-gradient":""},"mobile":{"background-color":"","background-image":"","background-repeat":"repeat","background-position":"center center","background-size":"auto","background-attachment":"scroll","background-type":"","background-media":"","overlay-type":"","overlay-color":"","overlay-opacity":"","overlay-gradient":""}},"ast-content-background-meta":{"desktop":{"background-color":"var(--ast-global-color-5)","background-image":"","background-repeat":"repeat","background-position":"center center","background-size":"auto","background-attachment":"scroll","background-type":"","background-media":"","overlay-type":"","overlay-color":"","overlay-opacity":"","overlay-gradient":""},"tablet":{"background-color":"var(--ast-global-color-5)","background-image":"","background-repeat":"repeat","background-position":"center center","background-size":"auto","background-attachment":"scroll","background-type":"","background-media":"","overlay-type":"","overlay-color":"","overlay-opacity":"","overlay-gradient":""},"mobile":{"background-color":"var(--ast-global-color-5)","background-image":"","background-repeat":"repeat","background-position":"center center","background-size":"auto","background-attachment":"scroll","background-type":"","background-media":"","overlay-type":"","overlay-color":"","overlay-opacity":"","overlay-gradient":""}},"spay_email":""},"product_cat":[166,167,146,196],"product_tag":[],"_links":{"self":[{"href":"https:\/\/jugueterialudico.com.ar\/index.php?rest_route=\/wp\/v2\/product\/24590"}],"collection":[{"href":"https:\/\/jugueterialudico.com.ar\/index.php?rest_route=\/wp\/v2\/product"}],"about":[{"href":"https:\/\/jugueterialudico.com.ar\/index.php?rest_route=\/wp\/v2\/types\/product"}],"replies":[{"embeddable":true,"href":"https:\/\/jugueterialudico.com.ar\/index.php?rest_route=%2Fwp%2Fv2%2Fcomments&post=24590"}],"wp:featuredmedia":[{"embeddable":true,"href":"https:\/\/jugueterialudico.com.ar\/index.php?rest_route=\/wp\/v2\/media\/24594"}],"wp:attachment":[{"href":"https:\/\/jugueterialudico.com.ar\/index.php?rest_route=%2Fwp%2Fv2%2Fmedia&parent=24590"}],"wp:term":[{"taxonomy":"product_cat","embeddable":true,"href":"https:\/\/jugueterialudico.com.ar\/index.php?rest_route=%2Fwp%2Fv2%2Fproduct_cat&post=24590"},{"taxonomy":"product_tag","embeddable":true,"href":"https:\/\/jugueterialudico.com.ar\/index.php?rest_route=%2Fwp%2Fv2%2Fproduct_tag&post=24590"}],"curies":[{"name":"wp","href":"https:\/\/api.w.org\/{rel}","templated":true}]}}