{"id":24601,"date":"2024-04-05T17:19:52","date_gmt":"2024-04-05T20:19:52","guid":{"rendered":"https:\/\/jugueterialudico.com.ar\/?post_type=product&#038;p=24601"},"modified":"2025-10-31T17:51:10","modified_gmt":"2025-10-31T20:51:10","slug":"mapa-dinos-de-argentina-p-pintar-163","status":"publish","type":"product","link":"https:\/\/jugueterialudico.com.ar\/?product=mapa-dinos-de-argentina-p-pintar-163","title":{"rendered":"MAPA DINOS DE ARGENTINA P\/PINTAR &#8211; 163"},"content":{"rendered":"<p>El\u00a0<strong>Proyecto Dinosaurios de Argentina<\/strong>\u00a0 es un mapa que nos invita a descubrir los diferentes tipos de dinosaurios que habitaban el territorio Argentino. En este recorrido conoceremos sus nombres, antig\u00fcedad, peso y ubicaci\u00f3n geogr\u00e1fica.<\/p>\n<p>MEDIDAS:<br \/>\n\u2022 mapa 100 x 69 cm.<br \/>\n\u2022 caja que permite guardarlo y seguir pintando otro d\u00eda de 70x7x7 cm.<\/p>\n<p>Producto 100% argentino<br \/>\nImpreso en papel obra de 120 gr.<br \/>\nIlustraciones: Josefina Jolly @josefina_jolly<br \/>\nDise\u00f1o: ZkySky @estudiozkysky<\/p>\n","protected":false},"excerpt":{"rendered":"<p><em><strong>Atlantis<\/strong><\/em> es una l\u00e1mina gigante en blanco y negro para colorear llena de contenido.<br \/>\nUna invitaci\u00f3n a desconectarnos un rato de las pantallas, reunir a la familia y los amigos alrededor del mapa, y sentarnos en el suelo a conversar, aprender,\u00a0 colorear y viajar con la imaginaci\u00f3n.<\/p>\n","protected":false},"featured_media":24607,"comment_status":"open","ping_status":"closed","template":"","meta":{"site-sidebar-layout":"default","site-content-layout":"","ast-site-content-layout":"default","site-content-style":"default","site-sidebar-style":"default","ast-global-header-display":"","ast-banner-title-visibility":"","ast-main-header-display":"","ast-hfb-above-header-display":"","ast-hfb-below-header-display":"","ast-hfb-mobile-header-display":"","site-post-title":"","ast-breadcrumbs-content":"","ast-featured-img":"","footer-sml-layout":"","theme-transparent-header-meta":"default","adv-header-id-meta":"","stick-header-meta":"","header-above-stick-meta":"","header-main-stick-meta":"","header-below-stick-meta":"","astra-migrate-meta-layouts":"set","ast-page-background-enabled":"default","ast-page-background-meta":{"desktop":{"background-color":"","background-image":"","background-repeat":"repeat","background-position":"center center","background-size":"auto","background-attachment":"scroll","background-type":"","background-media":"","overlay-type":"","overlay-color":"","overlay-opacity":"","overlay-gradient":""},"tablet":{"background-color":"","background-image":"","background-repeat":"repeat","background-position":"center center","background-size":"auto","background-attachment":"scroll","background-type":"","background-media":"","overlay-type":"","overlay-color":"","overlay-opacity":"","overlay-gradient":""},"mobile":{"background-color":"","background-image":"","background-repeat":"repeat","background-position":"center center","background-size":"auto","background-attachment":"scroll","background-type":"","background-media":"","overlay-type":"","overlay-color":"","overlay-opacity":"","overlay-gradient":""}},"ast-content-background-meta":{"desktop":{"background-color":"var(--ast-global-color-5)","background-image":"","background-repeat":"repeat","background-position":"center center","background-size":"auto","background-attachment":"scroll","background-type":"","background-media":"","overlay-type":"","overlay-color":"","overlay-opacity":"","overlay-gradient":""},"tablet":{"background-color":"var(--ast-global-color-5)","background-image":"","background-repeat":"repeat","background-position":"center center","background-size":"auto","background-attachment":"scroll","background-type":"","background-media":"","overlay-type":"","overlay-color":"","overlay-opacity":"","overlay-gradient":""},"mobile":{"background-color":"var(--ast-global-color-5)","background-image":"","background-repeat":"repeat","background-position":"center center","background-size":"auto","background-attachment":"scroll","background-type":"","background-media":"","overlay-type":"","overlay-color":"","overlay-opacity":"","overlay-gradient":""}},"spay_email":""},"product_cat":[168,164,165,166,167,200,146,196],"product_tag":[],"_links":{"self":[{"href":"https:\/\/jugueterialudico.com.ar\/index.php?rest_route=\/wp\/v2\/product\/24601"}],"collection":[{"href":"https:\/\/jugueterialudico.com.ar\/index.php?rest_route=\/wp\/v2\/product"}],"about":[{"href":"https:\/\/jugueterialudico.com.ar\/index.php?rest_route=\/wp\/v2\/types\/product"}],"replies":[{"embeddable":true,"href":"https:\/\/jugueterialudico.com.ar\/index.php?rest_route=%2Fwp%2Fv2%2Fcomments&post=24601"}],"wp:featuredmedia":[{"embeddable":true,"href":"https:\/\/jugueterialudico.com.ar\/index.php?rest_route=\/wp\/v2\/media\/24607"}],"wp:attachment":[{"href":"https:\/\/jugueterialudico.com.ar\/index.php?rest_route=%2Fwp%2Fv2%2Fmedia&parent=24601"}],"wp:term":[{"taxonomy":"product_cat","embeddable":true,"href":"https:\/\/jugueterialudico.com.ar\/index.php?rest_route=%2Fwp%2Fv2%2Fproduct_cat&post=24601"},{"taxonomy":"product_tag","embeddable":true,"href":"https:\/\/jugueterialudico.com.ar\/index.php?rest_route=%2Fwp%2Fv2%2Fproduct_tag&post=24601"}],"curies":[{"name":"wp","href":"https:\/\/api.w.org\/{rel}","templated":true}]}}