{"id":24735,"date":"2024-04-17T17:34:32","date_gmt":"2024-04-17T20:34:32","guid":{"rendered":"https:\/\/jugueterialudico.com.ar\/?post_type=product&#038;p=24735"},"modified":"2025-08-21T10:44:35","modified_gmt":"2025-08-21T13:44:35","slug":"el-magnifico-libro-de-los-dinoaurios-166","status":"publish","type":"product","link":"https:\/\/jugueterialudico.com.ar\/?product=el-magnifico-libro-de-los-dinoaurios-166","title":{"rendered":"EL M\u00c1GNIFICO LIBRO DE LOS DINOAURIOS &#8211; 166"},"content":{"rendered":"<p>El Magnifico Libro De Los Dinosaurios<\/p>\n<p>Libro<\/p>\n<p><strong>Colecci\u00f3n:<\/strong>\u00a0El Magnifico Libro De Los Dinosaurios<br \/>\n<strong>Formato (cm):<\/strong>\u00a035\u00d726 cm<br \/>\n<strong>P\u00e1ginas:<\/strong>\u00a0104 paginas<br \/>\n<strong>Tapa:<\/strong>\u00a0Dura<\/p>\n","protected":false},"excerpt":{"rendered":"<h2>Observa de cerca a los animales prehist\u00f3ricos.<span style=\"color: #008000;\">*<\/span><\/h2>\n<p>&nbsp;<\/p>\n<h5>Aunque parezca incre\u00edble, los dinosaurios caminaron por la tierra durante 150 millones de a\u00f1os, mientras que los seres humanos solo llevamos aqu\u00ed 3 o 4 millones de a\u00f1os. \u00bfC\u00f3mo los vamos a olvidar?<\/h5>\n<p>&nbsp;<\/p>\n<h5>Descubre los primeros dinosaurios, que vivieron durante el per\u00edodo Tri\u00e1sico, como el Herrerasaurus o el Eoraptor, adem\u00e1s de los inmensos herb\u00edvoros de cuello largo del jur\u00e1sico, como el Diplodocus, y a los grandes depredadores del Cret\u00e1cico, como el Tyrannosaurus Rex.<\/h5>\n<p>&nbsp;<\/p>\n<p><span style=\"color: #008000;\"><strong>*CONSULTAR STOCK Y PRECIO<\/strong><\/span><\/p>\n<p>&nbsp;<\/p>\n","protected":false},"featured_media":24737,"comment_status":"open","ping_status":"closed","template":"","meta":{"site-sidebar-layout":"default","site-content-layout":"","ast-site-content-layout":"default","site-content-style":"default","site-sidebar-style":"default","ast-global-header-display":"","ast-banner-title-visibility":"","ast-main-header-display":"","ast-hfb-above-header-display":"","ast-hfb-below-header-display":"","ast-hfb-mobile-header-display":"","site-post-title":"","ast-breadcrumbs-content":"","ast-featured-img":"","footer-sml-layout":"","theme-transparent-header-meta":"default","adv-header-id-meta":"","stick-header-meta":"","header-above-stick-meta":"","header-main-stick-meta":"","header-below-stick-meta":"","astra-migrate-meta-layouts":"set","ast-page-background-enabled":"default","ast-page-background-meta":{"desktop":{"background-color":"","background-image":"","background-repeat":"repeat","background-position":"center center","background-size":"auto","background-attachment":"scroll","background-type":"","background-media":"","overlay-type":"","overlay-color":"","overlay-opacity":"","overlay-gradient":""},"tablet":{"background-color":"","background-image":"","background-repeat":"repeat","background-position":"center center","background-size":"auto","background-attachment":"scroll","background-type":"","background-media":"","overlay-type":"","overlay-color":"","overlay-opacity":"","overlay-gradient":""},"mobile":{"background-color":"","background-image":"","background-repeat":"repeat","background-position":"center center","background-size":"auto","background-attachment":"scroll","background-type":"","background-media":"","overlay-type":"","overlay-color":"","overlay-opacity":"","overlay-gradient":""}},"ast-content-background-meta":{"desktop":{"background-color":"var(--ast-global-color-5)","background-image":"","background-repeat":"repeat","background-position":"center center","background-size":"auto","background-attachment":"scroll","background-type":"","background-media":"","overlay-type":"","overlay-color":"","overlay-opacity":"","overlay-gradient":""},"tablet":{"background-color":"var(--ast-global-color-5)","background-image":"","background-repeat":"repeat","background-position":"center center","background-size":"auto","background-attachment":"scroll","background-type":"","background-media":"","overlay-type":"","overlay-color":"","overlay-opacity":"","overlay-gradient":""},"mobile":{"background-color":"var(--ast-global-color-5)","background-image":"","background-repeat":"repeat","background-position":"center center","background-size":"auto","background-attachment":"scroll","background-type":"","background-media":"","overlay-type":"","overlay-color":"","overlay-opacity":"","overlay-gradient":""}},"spay_email":""},"product_cat":[166,167,151,146,145],"product_tag":[],"_links":{"self":[{"href":"https:\/\/jugueterialudico.com.ar\/index.php?rest_route=\/wp\/v2\/product\/24735"}],"collection":[{"href":"https:\/\/jugueterialudico.com.ar\/index.php?rest_route=\/wp\/v2\/product"}],"about":[{"href":"https:\/\/jugueterialudico.com.ar\/index.php?rest_route=\/wp\/v2\/types\/product"}],"replies":[{"embeddable":true,"href":"https:\/\/jugueterialudico.com.ar\/index.php?rest_route=%2Fwp%2Fv2%2Fcomments&post=24735"}],"wp:featuredmedia":[{"embeddable":true,"href":"https:\/\/jugueterialudico.com.ar\/index.php?rest_route=\/wp\/v2\/media\/24737"}],"wp:attachment":[{"href":"https:\/\/jugueterialudico.com.ar\/index.php?rest_route=%2Fwp%2Fv2%2Fmedia&parent=24735"}],"wp:term":[{"taxonomy":"product_cat","embeddable":true,"href":"https:\/\/jugueterialudico.com.ar\/index.php?rest_route=%2Fwp%2Fv2%2Fproduct_cat&post=24735"},{"taxonomy":"product_tag","embeddable":true,"href":"https:\/\/jugueterialudico.com.ar\/index.php?rest_route=%2Fwp%2Fv2%2Fproduct_tag&post=24735"}],"curies":[{"name":"wp","href":"https:\/\/api.w.org\/{rel}","templated":true}]}}