{"id":24758,"date":"2024-04-17T18:38:53","date_gmt":"2024-04-17T21:38:53","guid":{"rendered":"https:\/\/jugueterialudico.com.ar\/?post_type=product&#038;p=24758"},"modified":"2026-04-15T16:20:42","modified_gmt":"2026-04-15T19:20:42","slug":"movies-101","status":"publish","type":"product","link":"https:\/\/jugueterialudico.com.ar\/?product=movies-101","title":{"rendered":"MOVIES &#8211; 101"},"content":{"rendered":"<div class=\"ficha\">\n<div class=\"f-1\">JUGADORES<\/div>\n<div class=\"f-2\">2 a 6<\/div>\n<\/div>\n<div class=\"ficha\">\n<div class=\"f-1\">EDAD<\/div>\n<div class=\"f-2\">+ 9<\/div>\n<\/div>\n<div class=\"ficha\">\n<div class=\"f-1\">MEDIDAS<\/div>\n<div class=\"f-2\">375 x 270 x 55 mm.<\/div>\n<\/div>\n<div class=\"ficha\">\n<div class=\"f-1\">CONTENIDO<\/div>\n<div class=\"f-2c\">1 tablero, 12 peones pl\u00e1sticos, 1 dado, 256 tarjetas (con 1280 t\u00edtulos de pel\u00edculas), 1 reloj de arena, 1 Oscar, 1 reglamento.<\/div>\n<\/div>\n<div><\/div>\n<div><a title=\"Reglas-Movies\" href=\"https:\/\/ruibalgames.com\/wp-content\/uploads\/2015\/11\/Reglas-Movies.pdf\" target=\"_blank\" rel=\"noopener\"> <img decoding=\"async\" src=\"https:\/\/ruibalgames.com\/wp-content\/themes\/theme_ruibal\/images\/icon-pdf.png\" \/> Descargar<br \/>\nReglas-Movies <\/a><\/div>\n<div><\/div>\n","protected":false},"excerpt":{"rendered":"<h6><em>Movies<\/em>\u00a0es un juego para poner el cuerpo en movimiento. Sin usar las palabras deber\u00e1s transmitir a los jugadores de tu equipo la pel\u00edcula que indica la tarjeta.<\/h6>\n<div class=\"galeria\">\n<div id=\"gslideshow\" class=\"gss-container no-captions\">\n<div class=\"cycle-slideshow\" style=\"box-sizing: border-box; margin: 0px; padding: 0px; border: 0px; font: inherit; vertical-align: baseline; float: right; width: 675px; text-align: center; display: table; position: relative;\" data-cycle-slides=\"&gt; a\" data-cycle-paused=\"true\" data-cycle-prev=\"#gslideshow_prev\" data-cycle-next=\"#gslideshow_next\" data-cycle-pager=\"#gslideshow_pager\" data-cycle-pager-template=\"&lt;a href=#&gt;\u00a0&lt;\/a&gt;\" data-cycle-speed=\"750\"><a class=\"no-link cycle-slide cycle-sentinel\" data-cycle-caption=\"\"><img decoding=\"async\" title=\"mov2\" src=\"https:\/\/ruibalgames.com\/wp-content\/uploads\/2015\/11\/mov2.jpg\" alt=\"mov2\" \/><\/a><\/p>\n<div class=\"gss-info\">\n<div class=\"gss-nav\"><\/div>\n<\/div>\n<\/div>\n<\/div>\n<\/div>\n","protected":false},"featured_media":24766,"comment_status":"open","ping_status":"closed","template":"","meta":{"site-sidebar-layout":"default","site-content-layout":"","ast-site-content-layout":"default","site-content-style":"default","site-sidebar-style":"default","ast-global-header-display":"","ast-banner-title-visibility":"","ast-main-header-display":"","ast-hfb-above-header-display":"","ast-hfb-below-header-display":"","ast-hfb-mobile-header-display":"","site-post-title":"","ast-breadcrumbs-content":"","ast-featured-img":"","footer-sml-layout":"","theme-transparent-header-meta":"default","adv-header-id-meta":"","stick-header-meta":"","header-above-stick-meta":"","header-main-stick-meta":"","header-below-stick-meta":"","astra-migrate-meta-layouts":"set","ast-page-background-enabled":"default","ast-page-background-meta":{"desktop":{"background-color":"","background-image":"","background-repeat":"repeat","background-position":"center center","background-size":"auto","background-attachment":"scroll","background-type":"","background-media":"","overlay-type":"","overlay-color":"","overlay-opacity":"","overlay-gradient":""},"tablet":{"background-color":"","background-image":"","background-repeat":"repeat","background-position":"center center","background-size":"auto","background-attachment":"scroll","background-type":"","background-media":"","overlay-type":"","overlay-color":"","overlay-opacity":"","overlay-gradient":""},"mobile":{"background-color":"","background-image":"","background-repeat":"repeat","background-position":"center center","background-size":"auto","background-attachment":"scroll","background-type":"","background-media":"","overlay-type":"","overlay-color":"","overlay-opacity":"","overlay-gradient":""}},"ast-content-background-meta":{"desktop":{"background-color":"var(--ast-global-color-5)","background-image":"","background-repeat":"repeat","background-position":"center center","background-size":"auto","background-attachment":"scroll","background-type":"","background-media":"","overlay-type":"","overlay-color":"","overlay-opacity":"","overlay-gradient":""},"tablet":{"background-color":"var(--ast-global-color-5)","background-image":"","background-repeat":"repeat","background-position":"center center","background-size":"auto","background-attachment":"scroll","background-type":"","background-media":"","overlay-type":"","overlay-color":"","overlay-opacity":"","overlay-gradient":""},"mobile":{"background-color":"var(--ast-global-color-5)","background-image":"","background-repeat":"repeat","background-position":"center center","background-size":"auto","background-attachment":"scroll","background-type":"","background-media":"","overlay-type":"","overlay-color":"","overlay-opacity":"","overlay-gradient":""}},"spay_email":""},"product_cat":[168,167,74],"product_tag":[],"_links":{"self":[{"href":"https:\/\/jugueterialudico.com.ar\/index.php?rest_route=\/wp\/v2\/product\/24758"}],"collection":[{"href":"https:\/\/jugueterialudico.com.ar\/index.php?rest_route=\/wp\/v2\/product"}],"about":[{"href":"https:\/\/jugueterialudico.com.ar\/index.php?rest_route=\/wp\/v2\/types\/product"}],"replies":[{"embeddable":true,"href":"https:\/\/jugueterialudico.com.ar\/index.php?rest_route=%2Fwp%2Fv2%2Fcomments&post=24758"}],"wp:featuredmedia":[{"embeddable":true,"href":"https:\/\/jugueterialudico.com.ar\/index.php?rest_route=\/wp\/v2\/media\/24766"}],"wp:attachment":[{"href":"https:\/\/jugueterialudico.com.ar\/index.php?rest_route=%2Fwp%2Fv2%2Fmedia&parent=24758"}],"wp:term":[{"taxonomy":"product_cat","embeddable":true,"href":"https:\/\/jugueterialudico.com.ar\/index.php?rest_route=%2Fwp%2Fv2%2Fproduct_cat&post=24758"},{"taxonomy":"product_tag","embeddable":true,"href":"https:\/\/jugueterialudico.com.ar\/index.php?rest_route=%2Fwp%2Fv2%2Fproduct_tag&post=24758"}],"curies":[{"name":"wp","href":"https:\/\/api.w.org\/{rel}","templated":true}]}}