{"id":24767,"date":"2024-04-17T19:05:14","date_gmt":"2024-04-17T22:05:14","guid":{"rendered":"https:\/\/jugueterialudico.com.ar\/?post_type=product&#038;p=24767"},"modified":"2025-03-10T19:37:04","modified_gmt":"2025-03-10T22:37:04","slug":"pictionary-junior-101","status":"publish","type":"product","link":"https:\/\/jugueterialudico.com.ar\/?product=pictionary-junior-101","title":{"rendered":"PICTIONARY JUNIOR &#8211; 101"},"content":{"rendered":"<div class=\"ficha\">\n<div class=\"f-1\">JUGADORES<\/div>\n<div class=\"f-2\">4 o m\u00e1s<\/div>\n<\/div>\n<div class=\"ficha\">\n<div class=\"f-1\">EDAD<\/div>\n<div class=\"f-2\">+ 7<\/div>\n<\/div>\n<div class=\"ficha\">\n<div class=\"f-1\">MEDIDAS<\/div>\n<div class=\"f-2\">410 x 180 x 92 mm.<\/div>\n<\/div>\n<div class=\"ficha\">\n<div class=\"f-1\">CONTENIDO<\/div>\n<div class=\"f-2c\">120 tarjetas (1.200 palabras), 2 l\u00e1pices, 2 blocs, 1 tablero, 1 dado, 1 reloj de arena, 1 reglamento.<\/div>\n<\/div>\n<div><\/div>\n<div><a title=\"Reglas \u2014 PICTIONARY Junior\" href=\"https:\/\/ruibalgames.com\/wp-content\/uploads\/2018\/08\/Reglas-PICTIONARY-JR-Art.-7901.pdf\" target=\"_blank\" rel=\"noopener\"> <img decoding=\"async\" src=\"https:\/\/ruibalgames.com\/wp-content\/themes\/theme_ruibal\/images\/icon-pdf.png\" \/> Descargar<br \/>\nReglas \u2014 PICTIONARY Junior <\/a><\/div>\n","protected":false},"excerpt":{"rendered":"<h6>Lleg\u00f3 el turno de los m\u00e1s chicos para afinar el l\u00e1piz con una versi\u00f3n simplificada del juego de dibujos m\u00e1s popular. En Pictionary Jr. se forman equipos, se dibuja y se avanza en el tablero.<br \/>\n\u00bfEst\u00e1s listo para tus primeros dibujos r\u00e1pidos?<\/h6>\n","protected":false},"featured_media":24768,"comment_status":"open","ping_status":"closed","template":"","meta":{"site-sidebar-layout":"default","site-content-layout":"","ast-site-content-layout":"default","site-content-style":"default","site-sidebar-style":"default","ast-global-header-display":"","ast-banner-title-visibility":"","ast-main-header-display":"","ast-hfb-above-header-display":"","ast-hfb-below-header-display":"","ast-hfb-mobile-header-display":"","site-post-title":"","ast-breadcrumbs-content":"","ast-featured-img":"","footer-sml-layout":"","theme-transparent-header-meta":"default","adv-header-id-meta":"","stick-header-meta":"","header-above-stick-meta":"","header-main-stick-meta":"","header-below-stick-meta":"","astra-migrate-meta-layouts":"set","ast-page-background-enabled":"default","ast-page-background-meta":{"desktop":{"background-color":"","background-image":"","background-repeat":"repeat","background-position":"center center","background-size":"auto","background-attachment":"scroll","background-type":"","background-media":"","overlay-type":"","overlay-color":"","overlay-opacity":"","overlay-gradient":""},"tablet":{"background-color":"","background-image":"","background-repeat":"repeat","background-position":"center center","background-size":"auto","background-attachment":"scroll","background-type":"","background-media":"","overlay-type":"","overlay-color":"","overlay-opacity":"","overlay-gradient":""},"mobile":{"background-color":"","background-image":"","background-repeat":"repeat","background-position":"center center","background-size":"auto","background-attachment":"scroll","background-type":"","background-media":"","overlay-type":"","overlay-color":"","overlay-opacity":"","overlay-gradient":""}},"ast-content-background-meta":{"desktop":{"background-color":"var(--ast-global-color-5)","background-image":"","background-repeat":"repeat","background-position":"center center","background-size":"auto","background-attachment":"scroll","background-type":"","background-media":"","overlay-type":"","overlay-color":"","overlay-opacity":"","overlay-gradient":""},"tablet":{"background-color":"var(--ast-global-color-5)","background-image":"","background-repeat":"repeat","background-position":"center center","background-size":"auto","background-attachment":"scroll","background-type":"","background-media":"","overlay-type":"","overlay-color":"","overlay-opacity":"","overlay-gradient":""},"mobile":{"background-color":"var(--ast-global-color-5)","background-image":"","background-repeat":"repeat","background-position":"center center","background-size":"auto","background-attachment":"scroll","background-type":"","background-media":"","overlay-type":"","overlay-color":"","overlay-opacity":"","overlay-gradient":""}},"spay_email":""},"product_cat":[168,167,74],"product_tag":[],"_links":{"self":[{"href":"https:\/\/jugueterialudico.com.ar\/index.php?rest_route=\/wp\/v2\/product\/24767"}],"collection":[{"href":"https:\/\/jugueterialudico.com.ar\/index.php?rest_route=\/wp\/v2\/product"}],"about":[{"href":"https:\/\/jugueterialudico.com.ar\/index.php?rest_route=\/wp\/v2\/types\/product"}],"replies":[{"embeddable":true,"href":"https:\/\/jugueterialudico.com.ar\/index.php?rest_route=%2Fwp%2Fv2%2Fcomments&post=24767"}],"wp:featuredmedia":[{"embeddable":true,"href":"https:\/\/jugueterialudico.com.ar\/index.php?rest_route=\/wp\/v2\/media\/24768"}],"wp:attachment":[{"href":"https:\/\/jugueterialudico.com.ar\/index.php?rest_route=%2Fwp%2Fv2%2Fmedia&parent=24767"}],"wp:term":[{"taxonomy":"product_cat","embeddable":true,"href":"https:\/\/jugueterialudico.com.ar\/index.php?rest_route=%2Fwp%2Fv2%2Fproduct_cat&post=24767"},{"taxonomy":"product_tag","embeddable":true,"href":"https:\/\/jugueterialudico.com.ar\/index.php?rest_route=%2Fwp%2Fv2%2Fproduct_tag&post=24767"}],"curies":[{"name":"wp","href":"https:\/\/api.w.org\/{rel}","templated":true}]}}