{"id":24772,"date":"2024-04-17T19:22:43","date_gmt":"2024-04-17T22:22:43","guid":{"rendered":"https:\/\/jugueterialudico.com.ar\/?post_type=product&#038;p=24772"},"modified":"2025-03-10T19:36:53","modified_gmt":"2025-03-10T22:36:53","slug":"pictionary-101","status":"publish","type":"product","link":"https:\/\/jugueterialudico.com.ar\/?product=pictionary-101","title":{"rendered":"PICTIONARY &#8211; 101"},"content":{"rendered":"<div class=\"ficha\">\n<div class=\"f-1\">JUGADORES<\/div>\n<div class=\"f-2\">4 o m\u00e1s<\/div>\n<\/div>\n<div class=\"ficha\">\n<div class=\"f-1\">EDAD<\/div>\n<div class=\"f-2\">+ 12<\/div>\n<\/div>\n<div class=\"ficha\">\n<div class=\"f-1\">MEDIDAS<\/div>\n<div class=\"f-2\">410 x 180 x 92 mm.<\/div>\n<\/div>\n<div class=\"ficha\">\n<div class=\"f-1\">CONTENIDO<\/div>\n<div class=\"f-2c\">206 tarjetas (2.060 palabras), 4 tarjetas de categor\u00eda, 4 l\u00e1pices, 4 blocs, 1 tablero, 4 dados de colores, 1 dado tradicional, 1 dado especial de desaf\u00edos, 1 reloj de arena, 1 reglamento.<\/div>\n<\/div>\n<div><\/div>\n<div><a title=\"Reglas PICTIONARY\" href=\"https:\/\/ruibalgames.com\/wp-content\/uploads\/2018\/01\/Reglas-PICTIONARY.pdf\" target=\"_blank\" rel=\"noopener\"> <img decoding=\"async\" src=\"https:\/\/ruibalgames.com\/wp-content\/themes\/theme_ruibal\/images\/icon-pdf.png\" \/> Descargar<br \/>\nReglas PICTIONARY <\/a><\/div>\n","protected":false},"excerpt":{"rendered":"<h6>El juego en el que todos dibujan llega en una edici\u00f3n especial para Argentina. Con Pictionary se arman equipos que avanzan en el tablero haciendo dibujos y adivinando. No es necesario ser un artista consagrado, basta con un l\u00e1piz, papel \u00a1y algo de imaginaci\u00f3n!<\/h6>\n","protected":false},"featured_media":24780,"comment_status":"open","ping_status":"closed","template":"","meta":{"site-sidebar-layout":"default","site-content-layout":"","ast-site-content-layout":"default","site-content-style":"default","site-sidebar-style":"default","ast-global-header-display":"","ast-banner-title-visibility":"","ast-main-header-display":"","ast-hfb-above-header-display":"","ast-hfb-below-header-display":"","ast-hfb-mobile-header-display":"","site-post-title":"","ast-breadcrumbs-content":"","ast-featured-img":"","footer-sml-layout":"","theme-transparent-header-meta":"default","adv-header-id-meta":"","stick-header-meta":"","header-above-stick-meta":"","header-main-stick-meta":"","header-below-stick-meta":"","astra-migrate-meta-layouts":"set","ast-page-background-enabled":"default","ast-page-background-meta":{"desktop":{"background-color":"","background-image":"","background-repeat":"repeat","background-position":"center center","background-size":"auto","background-attachment":"scroll","background-type":"","background-media":"","overlay-type":"","overlay-color":"","overlay-opacity":"","overlay-gradient":""},"tablet":{"background-color":"","background-image":"","background-repeat":"repeat","background-position":"center center","background-size":"auto","background-attachment":"scroll","background-type":"","background-media":"","overlay-type":"","overlay-color":"","overlay-opacity":"","overlay-gradient":""},"mobile":{"background-color":"","background-image":"","background-repeat":"repeat","background-position":"center center","background-size":"auto","background-attachment":"scroll","background-type":"","background-media":"","overlay-type":"","overlay-color":"","overlay-opacity":"","overlay-gradient":""}},"ast-content-background-meta":{"desktop":{"background-color":"var(--ast-global-color-5)","background-image":"","background-repeat":"repeat","background-position":"center center","background-size":"auto","background-attachment":"scroll","background-type":"","background-media":"","overlay-type":"","overlay-color":"","overlay-opacity":"","overlay-gradient":""},"tablet":{"background-color":"var(--ast-global-color-5)","background-image":"","background-repeat":"repeat","background-position":"center center","background-size":"auto","background-attachment":"scroll","background-type":"","background-media":"","overlay-type":"","overlay-color":"","overlay-opacity":"","overlay-gradient":""},"mobile":{"background-color":"var(--ast-global-color-5)","background-image":"","background-repeat":"repeat","background-position":"center center","background-size":"auto","background-attachment":"scroll","background-type":"","background-media":"","overlay-type":"","overlay-color":"","overlay-opacity":"","overlay-gradient":""}},"spay_email":""},"product_cat":[168,74],"product_tag":[],"_links":{"self":[{"href":"https:\/\/jugueterialudico.com.ar\/index.php?rest_route=\/wp\/v2\/product\/24772"}],"collection":[{"href":"https:\/\/jugueterialudico.com.ar\/index.php?rest_route=\/wp\/v2\/product"}],"about":[{"href":"https:\/\/jugueterialudico.com.ar\/index.php?rest_route=\/wp\/v2\/types\/product"}],"replies":[{"embeddable":true,"href":"https:\/\/jugueterialudico.com.ar\/index.php?rest_route=%2Fwp%2Fv2%2Fcomments&post=24772"}],"wp:featuredmedia":[{"embeddable":true,"href":"https:\/\/jugueterialudico.com.ar\/index.php?rest_route=\/wp\/v2\/media\/24780"}],"wp:attachment":[{"href":"https:\/\/jugueterialudico.com.ar\/index.php?rest_route=%2Fwp%2Fv2%2Fmedia&parent=24772"}],"wp:term":[{"taxonomy":"product_cat","embeddable":true,"href":"https:\/\/jugueterialudico.com.ar\/index.php?rest_route=%2Fwp%2Fv2%2Fproduct_cat&post=24772"},{"taxonomy":"product_tag","embeddable":true,"href":"https:\/\/jugueterialudico.com.ar\/index.php?rest_route=%2Fwp%2Fv2%2Fproduct_tag&post=24772"}],"curies":[{"name":"wp","href":"https:\/\/api.w.org\/{rel}","templated":true}]}}