{"id":24861,"date":"2024-06-05T19:29:31","date_gmt":"2024-06-05T22:29:31","guid":{"rendered":"https:\/\/jugueterialudico.com.ar\/?post_type=product&#038;p=24861"},"modified":"2025-04-08T10:44:29","modified_gmt":"2025-04-08T13:44:29","slug":"kit-esmalte-neon-tattoo-027","status":"publish","type":"product","link":"https:\/\/jugueterialudico.com.ar\/?product=kit-esmalte-neon-tattoo-027","title":{"rendered":"KIT ESMALTE NEON + TATTOO &#8211; 027"},"content":{"rendered":"<h2><strong>Modo de uso:<\/strong><\/h2>\n<p>Aplicar el esmalte Luminiscente sobre las u\u00f1as y dejar secar. Aplica tu tatuaje donde quieras (son para el cuerpo).<\/p>\n<p>Cargar toda su luminiscencia con la luz de una l\u00e1mpara.<\/p>\n<p>Apag\u00e1 la l\u00e1mpara y mir\u00e1 como birlla en la oscuridad! Puedes combinar con otros esmaltes de Color app para crear nail arts!<\/p>\n<p>Atenci\u00f3n: El Gel Luminiscente funciona unicamente\u00a0sin que la u\u00f1a se encuentre previamente esmaltada.<\/p>\n<p>&nbsp;<\/p>\n<h2><strong>Contenido:<\/strong><\/h2>\n<p>1 esmalte 6ml. Luminiscente: se usa directo sobre la u\u00f1a.<\/p>\n<p>1 plancha de Tatuajes para el cuerpo que brillan en la oscuridad.<\/p>\n<p>&nbsp;<\/p>\n<p>Uso aprobado para ni\u00f1as a partir de los 6 a\u00f1os.\u00a0Prohibido su uso para menores de 3 a\u00f1os porque contiene piezas peque\u00f1as.<\/p>\n<p>&nbsp;<\/p>\n<p>Medidas Doypack: 11X17 cm<\/p>\n<p>&nbsp;<\/p>\n<p>* La imagen es ilustrativa. Los Tatuajes pueden variar.<\/p>\n","protected":false},"excerpt":{"rendered":"<h3><strong>Enciende la diversi\u00f3n con el Kit de Esmalte\u00a0+ Tatuajes Luminiscentes para Ni\u00f1os! D\u00edvi\u00e9rtete jugando con la luz!<\/strong><\/h3>\n<p>Este kit incluye todo lo necesario para que los ni\u00f1os creen manicuras \u00fanicas y divertidas con esmaltes ne\u00f3n que brillan en la oscuridad, y adem\u00e1s, puedan decorar su piel con tatuajes temporales que tambi\u00e9n brillan en la oscuridad o en la luz negra.\u00a0Los esmaltes son naturales, no t\u00f3xicos y veganos, formulados con ingredientes seguros para la delicada piel de los ni\u00f1os.<\/p>\n<p>Todos los productos Color App est\u00e1n realizados bajo estrictos requerimientos de seguiridad.\u00a0Sin t\u00f3xicos, Sin gluten, Aprobado por ANMAT. Hipoalerg\u00e9nico.<\/p>\n<p>Producto disponible s\u00f3lo para Argentina.<\/p>\n<p>Todos los esmaltes se retiran con quitaesmalte (no inclu\u00eddo). En el mercado existen marcas accesibles sin Acetona e Hipoalerg\u00e9nicos.<\/p>\n","protected":false},"featured_media":24865,"comment_status":"open","ping_status":"closed","template":"","meta":{"site-sidebar-layout":"default","site-content-layout":"","ast-site-content-layout":"default","site-content-style":"default","site-sidebar-style":"default","ast-global-header-display":"","ast-banner-title-visibility":"","ast-main-header-display":"","ast-hfb-above-header-display":"","ast-hfb-below-header-display":"","ast-hfb-mobile-header-display":"","site-post-title":"","ast-breadcrumbs-content":"","ast-featured-img":"","footer-sml-layout":"","theme-transparent-header-meta":"default","adv-header-id-meta":"","stick-header-meta":"","header-above-stick-meta":"","header-main-stick-meta":"","header-below-stick-meta":"","astra-migrate-meta-layouts":"set","ast-page-background-enabled":"default","ast-page-background-meta":{"desktop":{"background-color":"","background-image":"","background-repeat":"repeat","background-position":"center center","background-size":"auto","background-attachment":"scroll","background-type":"","background-media":"","overlay-type":"","overlay-color":"","overlay-opacity":"","overlay-gradient":""},"tablet":{"background-color":"","background-image":"","background-repeat":"repeat","background-position":"center center","background-size":"auto","background-attachment":"scroll","background-type":"","background-media":"","overlay-type":"","overlay-color":"","overlay-opacity":"","overlay-gradient":""},"mobile":{"background-color":"","background-image":"","background-repeat":"repeat","background-position":"center center","background-size":"auto","background-attachment":"scroll","background-type":"","background-media":"","overlay-type":"","overlay-color":"","overlay-opacity":"","overlay-gradient":""}},"ast-content-background-meta":{"desktop":{"background-color":"var(--ast-global-color-5)","background-image":"","background-repeat":"repeat","background-position":"center center","background-size":"auto","background-attachment":"scroll","background-type":"","background-media":"","overlay-type":"","overlay-color":"","overlay-opacity":"","overlay-gradient":""},"tablet":{"background-color":"var(--ast-global-color-5)","background-image":"","background-repeat":"repeat","background-position":"center center","background-size":"auto","background-attachment":"scroll","background-type":"","background-media":"","overlay-type":"","overlay-color":"","overlay-opacity":"","overlay-gradient":""},"mobile":{"background-color":"var(--ast-global-color-5)","background-image":"","background-repeat":"repeat","background-position":"center center","background-size":"auto","background-attachment":"scroll","background-type":"","background-media":"","overlay-type":"","overlay-color":"","overlay-opacity":"","overlay-gradient":""}},"spay_email":""},"product_cat":[166,167],"product_tag":[],"_links":{"self":[{"href":"https:\/\/jugueterialudico.com.ar\/index.php?rest_route=\/wp\/v2\/product\/24861"}],"collection":[{"href":"https:\/\/jugueterialudico.com.ar\/index.php?rest_route=\/wp\/v2\/product"}],"about":[{"href":"https:\/\/jugueterialudico.com.ar\/index.php?rest_route=\/wp\/v2\/types\/product"}],"replies":[{"embeddable":true,"href":"https:\/\/jugueterialudico.com.ar\/index.php?rest_route=%2Fwp%2Fv2%2Fcomments&post=24861"}],"wp:featuredmedia":[{"embeddable":true,"href":"https:\/\/jugueterialudico.com.ar\/index.php?rest_route=\/wp\/v2\/media\/24865"}],"wp:attachment":[{"href":"https:\/\/jugueterialudico.com.ar\/index.php?rest_route=%2Fwp%2Fv2%2Fmedia&parent=24861"}],"wp:term":[{"taxonomy":"product_cat","embeddable":true,"href":"https:\/\/jugueterialudico.com.ar\/index.php?rest_route=%2Fwp%2Fv2%2Fproduct_cat&post=24861"},{"taxonomy":"product_tag","embeddable":true,"href":"https:\/\/jugueterialudico.com.ar\/index.php?rest_route=%2Fwp%2Fv2%2Fproduct_tag&post=24861"}],"curies":[{"name":"wp","href":"https:\/\/api.w.org\/{rel}","templated":true}]}}