{"id":24866,"date":"2024-06-06T17:32:49","date_gmt":"2024-06-06T20:32:49","guid":{"rendered":"https:\/\/jugueterialudico.com.ar\/?post_type=product&#038;p=24866"},"modified":"2026-01-20T11:08:21","modified_gmt":"2026-01-20T14:08:21","slug":"set-de-animales-3d-oceano-167","status":"publish","type":"product","link":"https:\/\/jugueterialudico.com.ar\/?product=set-de-animales-3d-oceano-167","title":{"rendered":"SET DE ANIMALES 3D &#8211; OCEANO &#8211; 167"},"content":{"rendered":"<p style=\"font-weight: 400;\"><em><strong>Ocean set <\/strong>+3 a\u00f1os<\/em><\/p>\n<p style=\"font-weight: 400;\">Este set incluye un total de 11 piezas, con las cuales podr\u00e1s armar 3 animales encastrables de goma eva de alta densidad, con un grosor de 6 mm: Pulpo, Ballena y Cangrejo.<\/p>\n<p>&nbsp;<\/p>\n<p style=\"font-weight: 400;\">Aclaraciones importantes:<\/p>\n<ul style=\"font-weight: 400;\">\n<li aria-level=\"1\">Nuestro producto est\u00e1 certificado como juguete seguro y es apto para su uso a partir de los 3 a\u00f1os.<\/li>\n<li aria-level=\"1\">Despu\u00e9s del ba\u00f1o, es importante secar los animales para evitar la acumulaci\u00f3n de bacterias o moho.<\/li>\n<li aria-level=\"1\">Recomendamos supervisar al ni\u00f1o durante el ba\u00f1o para una experiencia segura y divertida.<\/li>\n<\/ul>\n","protected":false},"excerpt":{"rendered":"<h2>Animales del Oc\u00e9ano\u00a0 en 3D (para encastrar y jugar en el agua)<\/h2>\n<p>&nbsp;<\/p>\n<h6 style=\"font-weight: 400;\">Los animales est\u00e1n dise\u00f1ados con piezas y encastres que permiten a los ni\u00f1os armar y desarmar las figuras, estimulando su creatividad y habilidades de resoluci\u00f3n de problemas, as\u00ed como su coordinaci\u00f3n mano-ojo y desarrollo cognitivo. Mientras juegan, tambi\u00e9n aprenden a relacionar objetos, formas y colores, creando historias y aventuras del mundo animal.<\/h6>\n<h6 style=\"font-weight: 400;\">La goma eva les permite adherir los animales a los azulejos, las ba\u00f1aderas, los espejos y vidrios del ba\u00f1o, o cualquier ambiente del hogar, brindando una experiencia de juego vers\u00e1til y emocionante.<\/h6>\n","protected":false},"featured_media":24872,"comment_status":"open","ping_status":"closed","template":"","meta":{"site-sidebar-layout":"default","site-content-layout":"","ast-site-content-layout":"default","site-content-style":"default","site-sidebar-style":"default","ast-global-header-display":"","ast-banner-title-visibility":"","ast-main-header-display":"","ast-hfb-above-header-display":"","ast-hfb-below-header-display":"","ast-hfb-mobile-header-display":"","site-post-title":"","ast-breadcrumbs-content":"","ast-featured-img":"","footer-sml-layout":"","theme-transparent-header-meta":"default","adv-header-id-meta":"","stick-header-meta":"","header-above-stick-meta":"","header-main-stick-meta":"","header-below-stick-meta":"","astra-migrate-meta-layouts":"set","ast-page-background-enabled":"default","ast-page-background-meta":{"desktop":{"background-color":"","background-image":"","background-repeat":"repeat","background-position":"center center","background-size":"auto","background-attachment":"scroll","background-type":"","background-media":"","overlay-type":"","overlay-color":"","overlay-opacity":"","overlay-gradient":""},"tablet":{"background-color":"","background-image":"","background-repeat":"repeat","background-position":"center center","background-size":"auto","background-attachment":"scroll","background-type":"","background-media":"","overlay-type":"","overlay-color":"","overlay-opacity":"","overlay-gradient":""},"mobile":{"background-color":"","background-image":"","background-repeat":"repeat","background-position":"center center","background-size":"auto","background-attachment":"scroll","background-type":"","background-media":"","overlay-type":"","overlay-color":"","overlay-opacity":"","overlay-gradient":""}},"ast-content-background-meta":{"desktop":{"background-color":"var(--ast-global-color-5)","background-image":"","background-repeat":"repeat","background-position":"center center","background-size":"auto","background-attachment":"scroll","background-type":"","background-media":"","overlay-type":"","overlay-color":"","overlay-opacity":"","overlay-gradient":""},"tablet":{"background-color":"var(--ast-global-color-5)","background-image":"","background-repeat":"repeat","background-position":"center center","background-size":"auto","background-attachment":"scroll","background-type":"","background-media":"","overlay-type":"","overlay-color":"","overlay-opacity":"","overlay-gradient":""},"mobile":{"background-color":"var(--ast-global-color-5)","background-image":"","background-repeat":"repeat","background-position":"center center","background-size":"auto","background-attachment":"scroll","background-type":"","background-media":"","overlay-type":"","overlay-color":"","overlay-opacity":"","overlay-gradient":""}},"spay_email":""},"product_cat":[164,165,166,151,153],"product_tag":[],"_links":{"self":[{"href":"https:\/\/jugueterialudico.com.ar\/index.php?rest_route=\/wp\/v2\/product\/24866"}],"collection":[{"href":"https:\/\/jugueterialudico.com.ar\/index.php?rest_route=\/wp\/v2\/product"}],"about":[{"href":"https:\/\/jugueterialudico.com.ar\/index.php?rest_route=\/wp\/v2\/types\/product"}],"replies":[{"embeddable":true,"href":"https:\/\/jugueterialudico.com.ar\/index.php?rest_route=%2Fwp%2Fv2%2Fcomments&post=24866"}],"wp:featuredmedia":[{"embeddable":true,"href":"https:\/\/jugueterialudico.com.ar\/index.php?rest_route=\/wp\/v2\/media\/24872"}],"wp:attachment":[{"href":"https:\/\/jugueterialudico.com.ar\/index.php?rest_route=%2Fwp%2Fv2%2Fmedia&parent=24866"}],"wp:term":[{"taxonomy":"product_cat","embeddable":true,"href":"https:\/\/jugueterialudico.com.ar\/index.php?rest_route=%2Fwp%2Fv2%2Fproduct_cat&post=24866"},{"taxonomy":"product_tag","embeddable":true,"href":"https:\/\/jugueterialudico.com.ar\/index.php?rest_route=%2Fwp%2Fv2%2Fproduct_tag&post=24866"}],"curies":[{"name":"wp","href":"https:\/\/api.w.org\/{rel}","templated":true}]}}