{"id":24894,"date":"2024-06-08T16:14:42","date_gmt":"2024-06-08T19:14:42","guid":{"rendered":"https:\/\/jugueterialudico.com.ar\/?post_type=product&#038;p=24894"},"modified":"2026-04-08T19:17:49","modified_gmt":"2026-04-08T22:17:49","slug":"cubo-didactico-multiactividad-018","status":"publish","type":"product","link":"https:\/\/jugueterialudico.com.ar\/?product=cubo-didactico-multiactividad-018","title":{"rendered":"CUBO DIDACTICO MULTIACTIVIDAD &#8211; 018"},"content":{"rendered":"<p>Fabricado en madera, pintado con pinturas No t\u00f3xicas.<\/p>\n<p>Medidas: 40cm x 23cm x 23cm<\/p>\n<ul>\n<li>Ideal a partir del primer a\u00f1o de vida para estimular a los ni\u00f1os y ni\u00f1as a explorar el mundo que los rodea a partir de experiencias multisensoriales. \u2063<br \/>\n\u2063<\/li>\n<li>Ayuda a desarrollar la creatividad, la motricidad fina, la resoluci\u00f3n de problemas y la cognici\u00f3n.\u2063<\/li>\n<\/ul>\n","protected":false},"excerpt":{"rendered":"<h1>\ud835\uddd6\ud835\ude02\ud835\uddef\ud835\uddfc \ud835\uddf1\ud835\uddf6\ud835\uddf1\ud835\uddee\u0301\ud835\uddf0\ud835\ude01\ud835\uddf6\ud835\uddf0\ud835\uddfc \ud835\uddfa\ud835\ude02\ud835\uddf9\ud835\ude01\ud835\uddf6\ud835\uddee\ud835\uddf0\ud835\ude01\ud835\uddf6\ud835\ude03\ud835\uddf6\ud835\uddf1\ud835\uddee\ud835\uddf1\u2063<\/h1>\n<h5>\n\u2063<br \/>\nIncluye estos juegos: \u2063<br \/>\n\ud83d\udfe7 Encastre geom\u00e9trico imantado\u2063<br \/>\n\ud83d\udfe8 Prono laberinto\u2063<br \/>\n\ud83d\udfe9 Buscacaminos\u2063<br \/>\n\ud83d\udfea Panel visual y giratorio\u2063<br \/>\n\ud83d\udfe6 Panel tipo Montessori (zapatilla con cordones, cierre, abrojo y puertita).\u2063<\/h5>\n","protected":false},"featured_media":24898,"comment_status":"open","ping_status":"closed","template":"","meta":{"site-sidebar-layout":"default","site-content-layout":"","ast-site-content-layout":"default","site-content-style":"default","site-sidebar-style":"default","ast-global-header-display":"","ast-banner-title-visibility":"","ast-main-header-display":"","ast-hfb-above-header-display":"","ast-hfb-below-header-display":"","ast-hfb-mobile-header-display":"","site-post-title":"","ast-breadcrumbs-content":"","ast-featured-img":"","footer-sml-layout":"","theme-transparent-header-meta":"default","adv-header-id-meta":"","stick-header-meta":"","header-above-stick-meta":"","header-main-stick-meta":"","header-below-stick-meta":"","astra-migrate-meta-layouts":"set","ast-page-background-enabled":"default","ast-page-background-meta":{"desktop":{"background-color":"","background-image":"","background-repeat":"repeat","background-position":"center center","background-size":"auto","background-attachment":"scroll","background-type":"","background-media":"","overlay-type":"","overlay-color":"","overlay-opacity":"","overlay-gradient":""},"tablet":{"background-color":"","background-image":"","background-repeat":"repeat","background-position":"center center","background-size":"auto","background-attachment":"scroll","background-type":"","background-media":"","overlay-type":"","overlay-color":"","overlay-opacity":"","overlay-gradient":""},"mobile":{"background-color":"","background-image":"","background-repeat":"repeat","background-position":"center center","background-size":"auto","background-attachment":"scroll","background-type":"","background-media":"","overlay-type":"","overlay-color":"","overlay-opacity":"","overlay-gradient":""}},"ast-content-background-meta":{"desktop":{"background-color":"var(--ast-global-color-5)","background-image":"","background-repeat":"repeat","background-position":"center center","background-size":"auto","background-attachment":"scroll","background-type":"","background-media":"","overlay-type":"","overlay-color":"","overlay-opacity":"","overlay-gradient":""},"tablet":{"background-color":"var(--ast-global-color-5)","background-image":"","background-repeat":"repeat","background-position":"center center","background-size":"auto","background-attachment":"scroll","background-type":"","background-media":"","overlay-type":"","overlay-color":"","overlay-opacity":"","overlay-gradient":""},"mobile":{"background-color":"var(--ast-global-color-5)","background-image":"","background-repeat":"repeat","background-position":"center center","background-size":"auto","background-attachment":"scroll","background-type":"","background-media":"","overlay-type":"","overlay-color":"","overlay-opacity":"","overlay-gradient":""}},"spay_email":""},"product_cat":[161,163,164,165,188,158,205,93,159],"product_tag":[],"_links":{"self":[{"href":"https:\/\/jugueterialudico.com.ar\/index.php?rest_route=\/wp\/v2\/product\/24894"}],"collection":[{"href":"https:\/\/jugueterialudico.com.ar\/index.php?rest_route=\/wp\/v2\/product"}],"about":[{"href":"https:\/\/jugueterialudico.com.ar\/index.php?rest_route=\/wp\/v2\/types\/product"}],"replies":[{"embeddable":true,"href":"https:\/\/jugueterialudico.com.ar\/index.php?rest_route=%2Fwp%2Fv2%2Fcomments&post=24894"}],"wp:featuredmedia":[{"embeddable":true,"href":"https:\/\/jugueterialudico.com.ar\/index.php?rest_route=\/wp\/v2\/media\/24898"}],"wp:attachment":[{"href":"https:\/\/jugueterialudico.com.ar\/index.php?rest_route=%2Fwp%2Fv2%2Fmedia&parent=24894"}],"wp:term":[{"taxonomy":"product_cat","embeddable":true,"href":"https:\/\/jugueterialudico.com.ar\/index.php?rest_route=%2Fwp%2Fv2%2Fproduct_cat&post=24894"},{"taxonomy":"product_tag","embeddable":true,"href":"https:\/\/jugueterialudico.com.ar\/index.php?rest_route=%2Fwp%2Fv2%2Fproduct_tag&post=24894"}],"curies":[{"name":"wp","href":"https:\/\/api.w.org\/{rel}","templated":true}]}}