{"id":24913,"date":"2024-06-19T17:06:39","date_gmt":"2024-06-19T20:06:39","guid":{"rendered":"https:\/\/jugueterialudico.com.ar\/?post_type=product&#038;p=24913"},"modified":"2025-10-29T10:32:40","modified_gmt":"2025-10-29T13:32:40","slug":"galletas-101","status":"publish","type":"product","link":"https:\/\/jugueterialudico.com.ar\/?product=galletas-101","title":{"rendered":"GALLETAS &#8211; 101"},"content":{"rendered":"<div class=\"ficha\">\n<div class=\"f-1\">JUGADORES<\/div>\n<div class=\"f-2\">2 a 6<\/div>\n<\/div>\n<div class=\"ficha\">\n<div class=\"f-1\">EDAD<\/div>\n<div class=\"f-2\">+5<\/div>\n<\/div>\n<div class=\"ficha\">\n<div class=\"f-1\">MEDIDAS<\/div>\n<div class=\"f-2\">240 x 190 x 55 mm.<\/div>\n<\/div>\n<div class=\"ficha\">\n<div class=\"f-1\">CONTENIDO<\/div>\n<div class=\"f-2c\">34 cartas de juego: 17 de nivel principiante (dorso color rojo) y 17 de nivel experto (dorso color verde); 6 cartas de monstruo; 6 fichas de galletas; 1 dado y 1 reglamento.<\/div>\n<\/div>\n<div><\/div>\n<div><\/div>\n<div><a title=\"04 - Reglas galletas\" href=\"https:\/\/ruibalgames.com\/wp-content\/uploads\/2023\/12\/04-Reglas-galletas.pdf\" target=\"_blank\" rel=\"noopener\"> <img decoding=\"async\" src=\"https:\/\/ruibalgames.com\/wp-content\/themes\/theme_ruibal\/images\/icon-pdf.png\" \/> Descargar<br \/>\n04 &#8211; Reglas galletas <\/a><\/div>\n","protected":false},"excerpt":{"rendered":"<h6><span style=\"color: #ff0000;\">Galletas<\/span><\/h6>\n<h6>Estos encantadores monstruos son muy golosos y tienen un inmenso apetito. Hay muchas galletas por comer, pero solo uno de ellos podr\u00e1 hacerlo en cada ronda y para esto deber\u00e1 identificar la correcta. \u00a1Buscala lo m\u00e1s r\u00e1pido posible siguiendo las l\u00edneas y encontrala antes de que se la coma otro monstruo!<\/h6>\n","protected":false},"featured_media":24919,"comment_status":"open","ping_status":"closed","template":"","meta":{"site-sidebar-layout":"default","site-content-layout":"","ast-site-content-layout":"default","site-content-style":"default","site-sidebar-style":"default","ast-global-header-display":"","ast-banner-title-visibility":"","ast-main-header-display":"","ast-hfb-above-header-display":"","ast-hfb-below-header-display":"","ast-hfb-mobile-header-display":"","site-post-title":"","ast-breadcrumbs-content":"","ast-featured-img":"","footer-sml-layout":"","theme-transparent-header-meta":"default","adv-header-id-meta":"","stick-header-meta":"","header-above-stick-meta":"","header-main-stick-meta":"","header-below-stick-meta":"","astra-migrate-meta-layouts":"set","ast-page-background-enabled":"default","ast-page-background-meta":{"desktop":{"background-color":"","background-image":"","background-repeat":"repeat","background-position":"center center","background-size":"auto","background-attachment":"scroll","background-type":"","background-media":"","overlay-type":"","overlay-color":"","overlay-opacity":"","overlay-gradient":""},"tablet":{"background-color":"","background-image":"","background-repeat":"repeat","background-position":"center center","background-size":"auto","background-attachment":"scroll","background-type":"","background-media":"","overlay-type":"","overlay-color":"","overlay-opacity":"","overlay-gradient":""},"mobile":{"background-color":"","background-image":"","background-repeat":"repeat","background-position":"center center","background-size":"auto","background-attachment":"scroll","background-type":"","background-media":"","overlay-type":"","overlay-color":"","overlay-opacity":"","overlay-gradient":""}},"ast-content-background-meta":{"desktop":{"background-color":"var(--ast-global-color-5)","background-image":"","background-repeat":"repeat","background-position":"center center","background-size":"auto","background-attachment":"scroll","background-type":"","background-media":"","overlay-type":"","overlay-color":"","overlay-opacity":"","overlay-gradient":""},"tablet":{"background-color":"var(--ast-global-color-5)","background-image":"","background-repeat":"repeat","background-position":"center center","background-size":"auto","background-attachment":"scroll","background-type":"","background-media":"","overlay-type":"","overlay-color":"","overlay-opacity":"","overlay-gradient":""},"mobile":{"background-color":"var(--ast-global-color-5)","background-image":"","background-repeat":"repeat","background-position":"center center","background-size":"auto","background-attachment":"scroll","background-type":"","background-media":"","overlay-type":"","overlay-color":"","overlay-opacity":"","overlay-gradient":""}},"spay_email":""},"product_cat":[168,166,167,74],"product_tag":[206],"_links":{"self":[{"href":"https:\/\/jugueterialudico.com.ar\/index.php?rest_route=\/wp\/v2\/product\/24913"}],"collection":[{"href":"https:\/\/jugueterialudico.com.ar\/index.php?rest_route=\/wp\/v2\/product"}],"about":[{"href":"https:\/\/jugueterialudico.com.ar\/index.php?rest_route=\/wp\/v2\/types\/product"}],"replies":[{"embeddable":true,"href":"https:\/\/jugueterialudico.com.ar\/index.php?rest_route=%2Fwp%2Fv2%2Fcomments&post=24913"}],"wp:featuredmedia":[{"embeddable":true,"href":"https:\/\/jugueterialudico.com.ar\/index.php?rest_route=\/wp\/v2\/media\/24919"}],"wp:attachment":[{"href":"https:\/\/jugueterialudico.com.ar\/index.php?rest_route=%2Fwp%2Fv2%2Fmedia&parent=24913"}],"wp:term":[{"taxonomy":"product_cat","embeddable":true,"href":"https:\/\/jugueterialudico.com.ar\/index.php?rest_route=%2Fwp%2Fv2%2Fproduct_cat&post=24913"},{"taxonomy":"product_tag","embeddable":true,"href":"https:\/\/jugueterialudico.com.ar\/index.php?rest_route=%2Fwp%2Fv2%2Fproduct_tag&post=24913"}],"curies":[{"name":"wp","href":"https:\/\/api.w.org\/{rel}","templated":true}]}}