{"id":24921,"date":"2024-06-19T17:32:58","date_gmt":"2024-06-19T20:32:58","guid":{"rendered":"https:\/\/jugueterialudico.com.ar\/?post_type=product&#038;p=24921"},"modified":"2025-03-10T19:35:30","modified_gmt":"2025-03-10T22:35:30","slug":"carrera-de-mente-vuelta-al-mundo-101","status":"publish","type":"product","link":"https:\/\/jugueterialudico.com.ar\/?product=carrera-de-mente-vuelta-al-mundo-101","title":{"rendered":"CARRERA DE MENTE VUELTA AL MUNDO &#8211; 101"},"content":{"rendered":"<div class=\"ficha\">\n<div class=\"f-1\">JUGADORES<\/div>\n<div class=\"f-2\">2 a 24<\/div>\n<\/div>\n<div class=\"ficha\">\n<div class=\"f-1\">EDAD<\/div>\n<div class=\"f-2\">+ 10<\/div>\n<\/div>\n<div class=\"ficha\">\n<div class=\"f-1\">MEDIDAS<\/div>\n<div class=\"f-2\">265 x 265 x 50 mm<\/div>\n<\/div>\n<div class=\"ficha\">\n<div class=\"f-1\">CONTENIDO<\/div>\n<div class=\"f-2c\">1 tablero, 6 cuadernillos con 2592 preguntas y sus respuestas, 1 dado, 6 pasaportes, 36 visados-premio, 6 fichas-viajero, 1 flecha giratoria.<\/div>\n<\/div>\n<div><\/div>\n<div><\/div>\n<div><a title=\"Reglamento CARRERA DE MENTE LA VUELTA AL MUNDO\" href=\"https:\/\/ruibalgames.com\/wp-content\/uploads\/2023\/07\/Reglamento-CARRERA-DE-MENTE-LA-VUELTA-AL-MUNDO.pdf\" target=\"_blank\" rel=\"noopener\"> <img decoding=\"async\" src=\"https:\/\/ruibalgames.com\/wp-content\/themes\/theme_ruibal\/images\/icon-pdf.png\" \/> Descargar<br \/>\nReglamento CARRERA DE MENTE LA VUELTA AL MUNDO <\/a><\/div>\n","protected":false},"excerpt":{"rendered":"<h6>El cl\u00e1sico juego de preguntas ahora embarcado en un viaje electrizante: 2592 preguntas sobre los paisajes, costumbres y personajes de Argentina y el mundo entero. No hace falta haber viajado miles de kil\u00f3metros para responderlas; todo puede servirte: las pel\u00edculas, los documentales, los programas de cocina, las canciones\u2026 y tambi\u00e9n, claro, el recuerdo de unas vacaciones en el pa\u00eds o en el extranjero. Aqu\u00ed est\u00e1 todo lo que sab\u00edas y no hab\u00eda qui\u00e9n te preguntara\u2026 m\u00e1s lo que no sab\u00edas y te divertir\u00e1 conocer.<\/h6>\n","protected":false},"featured_media":24922,"comment_status":"open","ping_status":"closed","template":"","meta":{"site-sidebar-layout":"default","site-content-layout":"","ast-site-content-layout":"default","site-content-style":"default","site-sidebar-style":"default","ast-global-header-display":"","ast-banner-title-visibility":"","ast-main-header-display":"","ast-hfb-above-header-display":"","ast-hfb-below-header-display":"","ast-hfb-mobile-header-display":"","site-post-title":"","ast-breadcrumbs-content":"","ast-featured-img":"","footer-sml-layout":"","theme-transparent-header-meta":"default","adv-header-id-meta":"","stick-header-meta":"","header-above-stick-meta":"","header-main-stick-meta":"","header-below-stick-meta":"","astra-migrate-meta-layouts":"set","ast-page-background-enabled":"default","ast-page-background-meta":{"desktop":{"background-color":"","background-image":"","background-repeat":"repeat","background-position":"center center","background-size":"auto","background-attachment":"scroll","background-type":"","background-media":"","overlay-type":"","overlay-color":"","overlay-opacity":"","overlay-gradient":""},"tablet":{"background-color":"","background-image":"","background-repeat":"repeat","background-position":"center center","background-size":"auto","background-attachment":"scroll","background-type":"","background-media":"","overlay-type":"","overlay-color":"","overlay-opacity":"","overlay-gradient":""},"mobile":{"background-color":"","background-image":"","background-repeat":"repeat","background-position":"center center","background-size":"auto","background-attachment":"scroll","background-type":"","background-media":"","overlay-type":"","overlay-color":"","overlay-opacity":"","overlay-gradient":""}},"ast-content-background-meta":{"desktop":{"background-color":"var(--ast-global-color-5)","background-image":"","background-repeat":"repeat","background-position":"center center","background-size":"auto","background-attachment":"scroll","background-type":"","background-media":"","overlay-type":"","overlay-color":"","overlay-opacity":"","overlay-gradient":""},"tablet":{"background-color":"var(--ast-global-color-5)","background-image":"","background-repeat":"repeat","background-position":"center center","background-size":"auto","background-attachment":"scroll","background-type":"","background-media":"","overlay-type":"","overlay-color":"","overlay-opacity":"","overlay-gradient":""},"mobile":{"background-color":"var(--ast-global-color-5)","background-image":"","background-repeat":"repeat","background-position":"center center","background-size":"auto","background-attachment":"scroll","background-type":"","background-media":"","overlay-type":"","overlay-color":"","overlay-opacity":"","overlay-gradient":""}},"spay_email":""},"product_cat":[168,167,74],"product_tag":[182],"_links":{"self":[{"href":"https:\/\/jugueterialudico.com.ar\/index.php?rest_route=\/wp\/v2\/product\/24921"}],"collection":[{"href":"https:\/\/jugueterialudico.com.ar\/index.php?rest_route=\/wp\/v2\/product"}],"about":[{"href":"https:\/\/jugueterialudico.com.ar\/index.php?rest_route=\/wp\/v2\/types\/product"}],"replies":[{"embeddable":true,"href":"https:\/\/jugueterialudico.com.ar\/index.php?rest_route=%2Fwp%2Fv2%2Fcomments&post=24921"}],"wp:featuredmedia":[{"embeddable":true,"href":"https:\/\/jugueterialudico.com.ar\/index.php?rest_route=\/wp\/v2\/media\/24922"}],"wp:attachment":[{"href":"https:\/\/jugueterialudico.com.ar\/index.php?rest_route=%2Fwp%2Fv2%2Fmedia&parent=24921"}],"wp:term":[{"taxonomy":"product_cat","embeddable":true,"href":"https:\/\/jugueterialudico.com.ar\/index.php?rest_route=%2Fwp%2Fv2%2Fproduct_cat&post=24921"},{"taxonomy":"product_tag","embeddable":true,"href":"https:\/\/jugueterialudico.com.ar\/index.php?rest_route=%2Fwp%2Fv2%2Fproduct_tag&post=24921"}],"curies":[{"name":"wp","href":"https:\/\/api.w.org\/{rel}","templated":true}]}}