{"id":24949,"date":"2024-06-21T12:15:35","date_gmt":"2024-06-21T15:15:35","guid":{"rendered":"https:\/\/jugueterialudico.com.ar\/?post_type=product&#038;p=24949"},"modified":"2026-03-14T18:05:47","modified_gmt":"2026-03-14T21:05:47","slug":"monopoly-spider-man-107","status":"publish","type":"product","link":"https:\/\/jugueterialudico.com.ar\/?product=monopoly-spider-man-107","title":{"rendered":"MONOPOLY SPIDER-MAN &#8211; 107"},"content":{"rendered":"<h6>Contiene:<br \/>\n-1 Tablero<br \/>\n-6 Tokens<br \/>\n-6 Tarjetas de poder ar\u00e1cnido<br \/>\n-24 Tarjetas de supervillano<br \/>\n-15 Tarjetas de Daily Bungle<br \/>\n-15 Tarjetas de sentido ar\u00e1cnido<br \/>\n-32 Rastreadores ar\u00e1cnidos azules<br \/>\n-12 Spider-Bots rojos<br \/>\n-1 S\u00edmbolo de cart\u00f3n de Gran Responsabilidad<br \/>\n-92 Monedas-telara\u00f1as de cart\u00f3n<br \/>\n-2 Dados<br \/>\n-Instrucciones<\/p>\n<p>Edad Recomendada: +8 a\u00f1os<br \/>\nJugadores: 2 a 6.<\/p>\n<p><strong>Las im\u00e1genes y colores son a modo ilustrativo, pueden variar.<\/strong><\/h6>\n","protected":false},"excerpt":{"rendered":"<h3>Juego de Mesa Monopoly Spider Man Hasbro<\/h3>\n<p>&nbsp;<\/p>\n<h6>Este giro en el cl\u00e1sico juego Monopoly cuenta con obras de arte, personajes y temas inspirados en los h\u00e9roes y villanos del universo Spider-Man de Marvel. Los ni\u00f1os se imaginan disfrazados como\u00a0Spider-Man para salvar la ciudad. Se mueven alrededor de la tabla capturando tantos supervillanos como puedan. Utilizan poderes de ara\u00f1a: agarrar el s\u00edmbolo de gran responsabilidad permite a los jugadores utilizar la habilidad especial de su personaje de Marvel como se muestra en las tarjetas Spider-Power. S\u00faper h\u00e9roes y s\u00faper aldeas: \u00a1la red se pone en acci\u00f3n! Utiliza redes para capturar s\u00faper villanos en un conjunto de colores. Luego conecta Spider-Tracers y despliega Spider-Bots para cargar a\u00fan m\u00e1s alquiler.<\/h6>\n","protected":false},"featured_media":24951,"comment_status":"open","ping_status":"closed","template":"","meta":{"site-sidebar-layout":"default","site-content-layout":"","ast-site-content-layout":"default","site-content-style":"default","site-sidebar-style":"default","ast-global-header-display":"","ast-banner-title-visibility":"","ast-main-header-display":"","ast-hfb-above-header-display":"","ast-hfb-below-header-display":"","ast-hfb-mobile-header-display":"","site-post-title":"","ast-breadcrumbs-content":"","ast-featured-img":"","footer-sml-layout":"","theme-transparent-header-meta":"default","adv-header-id-meta":"","stick-header-meta":"","header-above-stick-meta":"","header-main-stick-meta":"","header-below-stick-meta":"","astra-migrate-meta-layouts":"set","ast-page-background-enabled":"default","ast-page-background-meta":{"desktop":{"background-color":"","background-image":"","background-repeat":"repeat","background-position":"center center","background-size":"auto","background-attachment":"scroll","background-type":"","background-media":"","overlay-type":"","overlay-color":"","overlay-opacity":"","overlay-gradient":""},"tablet":{"background-color":"","background-image":"","background-repeat":"repeat","background-position":"center center","background-size":"auto","background-attachment":"scroll","background-type":"","background-media":"","overlay-type":"","overlay-color":"","overlay-opacity":"","overlay-gradient":""},"mobile":{"background-color":"","background-image":"","background-repeat":"repeat","background-position":"center center","background-size":"auto","background-attachment":"scroll","background-type":"","background-media":"","overlay-type":"","overlay-color":"","overlay-opacity":"","overlay-gradient":""}},"ast-content-background-meta":{"desktop":{"background-color":"var(--ast-global-color-5)","background-image":"","background-repeat":"repeat","background-position":"center center","background-size":"auto","background-attachment":"scroll","background-type":"","background-media":"","overlay-type":"","overlay-color":"","overlay-opacity":"","overlay-gradient":""},"tablet":{"background-color":"var(--ast-global-color-5)","background-image":"","background-repeat":"repeat","background-position":"center center","background-size":"auto","background-attachment":"scroll","background-type":"","background-media":"","overlay-type":"","overlay-color":"","overlay-opacity":"","overlay-gradient":""},"mobile":{"background-color":"var(--ast-global-color-5)","background-image":"","background-repeat":"repeat","background-position":"center center","background-size":"auto","background-attachment":"scroll","background-type":"","background-media":"","overlay-type":"","overlay-color":"","overlay-opacity":"","overlay-gradient":""}},"spay_email":""},"product_cat":[168,167,74],"product_tag":[],"_links":{"self":[{"href":"https:\/\/jugueterialudico.com.ar\/index.php?rest_route=\/wp\/v2\/product\/24949"}],"collection":[{"href":"https:\/\/jugueterialudico.com.ar\/index.php?rest_route=\/wp\/v2\/product"}],"about":[{"href":"https:\/\/jugueterialudico.com.ar\/index.php?rest_route=\/wp\/v2\/types\/product"}],"replies":[{"embeddable":true,"href":"https:\/\/jugueterialudico.com.ar\/index.php?rest_route=%2Fwp%2Fv2%2Fcomments&post=24949"}],"wp:featuredmedia":[{"embeddable":true,"href":"https:\/\/jugueterialudico.com.ar\/index.php?rest_route=\/wp\/v2\/media\/24951"}],"wp:attachment":[{"href":"https:\/\/jugueterialudico.com.ar\/index.php?rest_route=%2Fwp%2Fv2%2Fmedia&parent=24949"}],"wp:term":[{"taxonomy":"product_cat","embeddable":true,"href":"https:\/\/jugueterialudico.com.ar\/index.php?rest_route=%2Fwp%2Fv2%2Fproduct_cat&post=24949"},{"taxonomy":"product_tag","embeddable":true,"href":"https:\/\/jugueterialudico.com.ar\/index.php?rest_route=%2Fwp%2Fv2%2Fproduct_tag&post=24949"}],"curies":[{"name":"wp","href":"https:\/\/api.w.org\/{rel}","templated":true}]}}