{"id":24968,"date":"2024-06-25T18:02:29","date_gmt":"2024-06-25T21:02:29","guid":{"rendered":"https:\/\/jugueterialudico.com.ar\/?post_type=product&#038;p=24968"},"modified":"2025-09-06T16:28:21","modified_gmt":"2025-09-06T19:28:21","slug":"4-en-linea-imantado-129","status":"publish","type":"product","link":"https:\/\/jugueterialudico.com.ar\/?product=4-en-linea-imantado-129","title":{"rendered":"4 EN L\u00cdNEA IMANTADO- 129"},"content":{"rendered":"<p><strong>EDAD RECOMENDADA<\/strong><br \/>\nEl 4 en l\u00ednea imantado es un juego recomendado para ni\u00f1os de entre\u00a04 y 8 a\u00f1os.<\/p>\n<p>&nbsp;<\/p>\n<p>C\u00d3MO SE JUEGA<br \/>\nJuego cuya meta es ubicar las fichas\u00a0del mismo color en su respectiva fila, desplaz\u00e1ndolas con el im\u00e1n. Luego de cumplido el objetivo, se comienza de nuevo en el lado contrario.\u00a0El uso del im\u00e1n genera sorpresa a esa edad, haciendo el juego a\u00fan m\u00e1s atractivo.<br \/>\nBENEFICIOS<br \/>\nEste 4 en l\u00ednea magn\u00e9tico estimula especialmente\u00a0el desarrollo cognitivo, adem\u00e1s de la motricidad fina y gruesa.<\/p>\n<p>&nbsp;<\/p>\n<p>Medidas: Largo: 20 cm.- Alto: 25 cm.- Ancho: 10 cm.- Peso: 0.520 kg.<\/p>\n","protected":false},"excerpt":{"rendered":"<h2>4 en l\u00ednea imantado<\/h2>\n<p>&nbsp;<\/p>\n","protected":false},"featured_media":24970,"comment_status":"open","ping_status":"closed","template":"","meta":{"site-sidebar-layout":"default","site-content-layout":"","ast-site-content-layout":"default","site-content-style":"default","site-sidebar-style":"default","ast-global-header-display":"","ast-banner-title-visibility":"","ast-main-header-display":"","ast-hfb-above-header-display":"","ast-hfb-below-header-display":"","ast-hfb-mobile-header-display":"","site-post-title":"","ast-breadcrumbs-content":"","ast-featured-img":"","footer-sml-layout":"","theme-transparent-header-meta":"default","adv-header-id-meta":"","stick-header-meta":"","header-above-stick-meta":"","header-main-stick-meta":"","header-below-stick-meta":"","astra-migrate-meta-layouts":"set","ast-page-background-enabled":"default","ast-page-background-meta":{"desktop":{"background-color":"","background-image":"","background-repeat":"repeat","background-position":"center center","background-size":"auto","background-attachment":"scroll","background-type":"","background-media":"","overlay-type":"","overlay-color":"","overlay-opacity":"","overlay-gradient":""},"tablet":{"background-color":"","background-image":"","background-repeat":"repeat","background-position":"center center","background-size":"auto","background-attachment":"scroll","background-type":"","background-media":"","overlay-type":"","overlay-color":"","overlay-opacity":"","overlay-gradient":""},"mobile":{"background-color":"","background-image":"","background-repeat":"repeat","background-position":"center center","background-size":"auto","background-attachment":"scroll","background-type":"","background-media":"","overlay-type":"","overlay-color":"","overlay-opacity":"","overlay-gradient":""}},"ast-content-background-meta":{"desktop":{"background-color":"var(--ast-global-color-5)","background-image":"","background-repeat":"repeat","background-position":"center center","background-size":"auto","background-attachment":"scroll","background-type":"","background-media":"","overlay-type":"","overlay-color":"","overlay-opacity":"","overlay-gradient":""},"tablet":{"background-color":"var(--ast-global-color-5)","background-image":"","background-repeat":"repeat","background-position":"center center","background-size":"auto","background-attachment":"scroll","background-type":"","background-media":"","overlay-type":"","overlay-color":"","overlay-opacity":"","overlay-gradient":""},"mobile":{"background-color":"var(--ast-global-color-5)","background-image":"","background-repeat":"repeat","background-position":"center center","background-size":"auto","background-attachment":"scroll","background-type":"","background-media":"","overlay-type":"","overlay-color":"","overlay-opacity":"","overlay-gradient":""}},"spay_email":""},"product_cat":[165,166,167,205,93],"product_tag":[],"_links":{"self":[{"href":"https:\/\/jugueterialudico.com.ar\/index.php?rest_route=\/wp\/v2\/product\/24968"}],"collection":[{"href":"https:\/\/jugueterialudico.com.ar\/index.php?rest_route=\/wp\/v2\/product"}],"about":[{"href":"https:\/\/jugueterialudico.com.ar\/index.php?rest_route=\/wp\/v2\/types\/product"}],"replies":[{"embeddable":true,"href":"https:\/\/jugueterialudico.com.ar\/index.php?rest_route=%2Fwp%2Fv2%2Fcomments&post=24968"}],"wp:featuredmedia":[{"embeddable":true,"href":"https:\/\/jugueterialudico.com.ar\/index.php?rest_route=\/wp\/v2\/media\/24970"}],"wp:attachment":[{"href":"https:\/\/jugueterialudico.com.ar\/index.php?rest_route=%2Fwp%2Fv2%2Fmedia&parent=24968"}],"wp:term":[{"taxonomy":"product_cat","embeddable":true,"href":"https:\/\/jugueterialudico.com.ar\/index.php?rest_route=%2Fwp%2Fv2%2Fproduct_cat&post=24968"},{"taxonomy":"product_tag","embeddable":true,"href":"https:\/\/jugueterialudico.com.ar\/index.php?rest_route=%2Fwp%2Fv2%2Fproduct_tag&post=24968"}],"curies":[{"name":"wp","href":"https:\/\/api.w.org\/{rel}","templated":true}]}}