{"id":24987,"date":"2024-07-13T11:52:57","date_gmt":"2024-07-13T14:52:57","guid":{"rendered":"https:\/\/jugueterialudico.com.ar\/?post_type=product&#038;p=24987"},"modified":"2025-07-18T12:41:30","modified_gmt":"2025-07-18T15:41:30","slug":"la-historia-de-la-seleccion-dno-041","status":"publish","type":"product","link":"https:\/\/jugueterialudico.com.ar\/?product=la-historia-de-la-seleccion-dno-041","title":{"rendered":"LA HISTORIA DE LA SELECCI\u00d3N DNO &#8211; 041"},"content":{"rendered":"<p>\ud83d\udc47 \u00bfQU\u00c9 ES DATOS NO OPINIONES: LA HISTORIA DE LA SELECCI\u00d3N? \ud83d\udc47<\/p>\n<p>Se suma a la colecci\u00f3n de Datos No Opiniones una versi\u00f3n ATP para que demuestres tu pasi\u00f3n f\u00fatbolera y manije\u00e9s los pr\u00f3ximos partidos de La Scaloneta.<\/p>\n<p>Incluye datos sobre vida, logros, proezas (y algunas macanas) de nuestra Selecci\u00f3n y los que la coronaron de gloria.<\/p>\n<p>\u00bfCu\u00e1ntos segundos pasaron entre la Mano de Dios y el Gol del Siglo? \u00bfCu\u00e1ntos partidos jug\u00f3 Messi en la Selecci\u00f3n hasta que meti\u00f3 su primer hat-trick para Argentina? \u00bfCu\u00e1l se dice que es el \u00abminuto fat\u00eddico\u00bb de la selecci\u00f3n?<\/p>\n<p>Pon\u00e9 a prueba tu conocimiento f\u00fatbolero y demostrale a tus amigos que tu pasi\u00f3n es la m\u00e1s grande.<\/p>\n<p>\u00a1Ojo! A medida que vaya avanzando el juego va a haber m\u00e1s cartas en la fila de datos y vas a tener que tener a todas en cuenta a la hora de colocar la pregunta que te toque en tu turno.<\/p>\n","protected":false},"excerpt":{"rendered":"<p>\ud83d\udc47 \u00bfQU\u00c9 ES DATOS NO OPINIONES: LA HISTORIA DE LA SELECCI\u00d3N? \ud83d\udc47 Se suma a la colecci\u00f3n de Datos No Opiniones una versi\u00f3n ATP para que demuestres tu pasi\u00f3n f\u00fatbolera y manije\u00e9s los pr\u00f3ximos partidos de La Scaloneta. Incluye datos sobre vida, logros, proezas (y algunas macanas) de nuestra Selecci\u00f3n y los que la coronaron [&hellip;]<\/p>\n","protected":false},"featured_media":24989,"comment_status":"open","ping_status":"closed","template":"","meta":{"site-sidebar-layout":"default","site-content-layout":"","ast-site-content-layout":"default","site-content-style":"default","site-sidebar-style":"default","ast-global-header-display":"","ast-banner-title-visibility":"","ast-main-header-display":"","ast-hfb-above-header-display":"","ast-hfb-below-header-display":"","ast-hfb-mobile-header-display":"","site-post-title":"","ast-breadcrumbs-content":"","ast-featured-img":"","footer-sml-layout":"","theme-transparent-header-meta":"default","adv-header-id-meta":"","stick-header-meta":"","header-above-stick-meta":"","header-main-stick-meta":"","header-below-stick-meta":"","astra-migrate-meta-layouts":"set","ast-page-background-enabled":"default","ast-page-background-meta":{"desktop":{"background-color":"","background-image":"","background-repeat":"repeat","background-position":"center center","background-size":"auto","background-attachment":"scroll","background-type":"","background-media":"","overlay-type":"","overlay-color":"","overlay-opacity":"","overlay-gradient":""},"tablet":{"background-color":"","background-image":"","background-repeat":"repeat","background-position":"center center","background-size":"auto","background-attachment":"scroll","background-type":"","background-media":"","overlay-type":"","overlay-color":"","overlay-opacity":"","overlay-gradient":""},"mobile":{"background-color":"","background-image":"","background-repeat":"repeat","background-position":"center center","background-size":"auto","background-attachment":"scroll","background-type":"","background-media":"","overlay-type":"","overlay-color":"","overlay-opacity":"","overlay-gradient":""}},"ast-content-background-meta":{"desktop":{"background-color":"var(--ast-global-color-5)","background-image":"","background-repeat":"repeat","background-position":"center center","background-size":"auto","background-attachment":"scroll","background-type":"","background-media":"","overlay-type":"","overlay-color":"","overlay-opacity":"","overlay-gradient":""},"tablet":{"background-color":"var(--ast-global-color-5)","background-image":"","background-repeat":"repeat","background-position":"center center","background-size":"auto","background-attachment":"scroll","background-type":"","background-media":"","overlay-type":"","overlay-color":"","overlay-opacity":"","overlay-gradient":""},"mobile":{"background-color":"var(--ast-global-color-5)","background-image":"","background-repeat":"repeat","background-position":"center center","background-size":"auto","background-attachment":"scroll","background-type":"","background-media":"","overlay-type":"","overlay-color":"","overlay-opacity":"","overlay-gradient":""}},"spay_email":""},"product_cat":[185,74],"product_tag":[],"_links":{"self":[{"href":"https:\/\/jugueterialudico.com.ar\/index.php?rest_route=\/wp\/v2\/product\/24987"}],"collection":[{"href":"https:\/\/jugueterialudico.com.ar\/index.php?rest_route=\/wp\/v2\/product"}],"about":[{"href":"https:\/\/jugueterialudico.com.ar\/index.php?rest_route=\/wp\/v2\/types\/product"}],"replies":[{"embeddable":true,"href":"https:\/\/jugueterialudico.com.ar\/index.php?rest_route=%2Fwp%2Fv2%2Fcomments&post=24987"}],"wp:featuredmedia":[{"embeddable":true,"href":"https:\/\/jugueterialudico.com.ar\/index.php?rest_route=\/wp\/v2\/media\/24989"}],"wp:attachment":[{"href":"https:\/\/jugueterialudico.com.ar\/index.php?rest_route=%2Fwp%2Fv2%2Fmedia&parent=24987"}],"wp:term":[{"taxonomy":"product_cat","embeddable":true,"href":"https:\/\/jugueterialudico.com.ar\/index.php?rest_route=%2Fwp%2Fv2%2Fproduct_cat&post=24987"},{"taxonomy":"product_tag","embeddable":true,"href":"https:\/\/jugueterialudico.com.ar\/index.php?rest_route=%2Fwp%2Fv2%2Fproduct_tag&post=24987"}],"curies":[{"name":"wp","href":"https:\/\/api.w.org\/{rel}","templated":true}]}}