{"id":25015,"date":"2024-07-23T11:00:06","date_gmt":"2024-07-23T14:00:06","guid":{"rendered":"https:\/\/jugueterialudico.com.ar\/?post_type=product&#038;p=25015"},"modified":"2026-04-18T17:43:00","modified_gmt":"2026-04-18T20:43:00","slug":"rolling-balls-182-piezas-195","status":"publish","type":"product","link":"https:\/\/jugueterialudico.com.ar\/?product=rolling-balls-182-piezas-195","title":{"rendered":"ROLLING BALLS 182 PIEZAS &#8211; 195"},"content":{"rendered":"<p>Rolling Ball Tubos y Bloques 182 Pzs<br \/>\nContenido:<br \/>\n*1 instructivo<br \/>\n*8 bolitas<br \/>\n*24 ventanas<br \/>\n*24 ventanas para stickers<br \/>\n*4 bloques de colores triangulo<br \/>\n*24 bloques de colores para ventanas<br \/>\n*32 bloques de colores para tramos<br \/>\n*6 bloques de colores para stickers<br \/>\n*4 medios tramos tobog\u00e1n largos<br \/>\n*8 medios tramos curvos largos<br \/>\n*12 medios tramos curvos cortos<br \/>\n*32 medios tramos rectos<br \/>\n*3 planchas de stickers<\/p>\n","protected":false},"excerpt":{"rendered":"<h2>Juego de construcci\u00f3n de laberintos<\/h2>\n<p>Podr\u00e1s dejar volar tu imaginaci\u00f3n con las creaciones m\u00e1s divertidas y llenas de magia. Aprender\u00e1s jugando, explorar\u00e1s tu lado creativo y pondr\u00e1s en pr\u00e1ctica tus habilidades motoras y de memoria. \u00bfEst\u00e1s listo para convertirte en un arquitecto de tus propias aventuras?<\/p>\n<p>Tu propio universo interactivo<br \/>\nIncluye la minifigura de Formas para complementar tus creaciones y darle vida a cada una de tus historias. Tu creatividad no tendr\u00e1 l\u00edmites, prep\u00e1rate para asumir incre\u00edbles desaf\u00edos.<\/p>\n","protected":false},"featured_media":25016,"comment_status":"open","ping_status":"closed","template":"","meta":{"site-sidebar-layout":"default","site-content-layout":"","ast-site-content-layout":"default","site-content-style":"default","site-sidebar-style":"default","ast-global-header-display":"","ast-banner-title-visibility":"","ast-main-header-display":"","ast-hfb-above-header-display":"","ast-hfb-below-header-display":"","ast-hfb-mobile-header-display":"","site-post-title":"","ast-breadcrumbs-content":"","ast-featured-img":"","footer-sml-layout":"","theme-transparent-header-meta":"default","adv-header-id-meta":"","stick-header-meta":"","header-above-stick-meta":"","header-main-stick-meta":"","header-below-stick-meta":"","astra-migrate-meta-layouts":"set","ast-page-background-enabled":"default","ast-page-background-meta":{"desktop":{"background-color":"","background-image":"","background-repeat":"repeat","background-position":"center center","background-size":"auto","background-attachment":"scroll","background-type":"","background-media":"","overlay-type":"","overlay-color":"","overlay-opacity":"","overlay-gradient":""},"tablet":{"background-color":"","background-image":"","background-repeat":"repeat","background-position":"center center","background-size":"auto","background-attachment":"scroll","background-type":"","background-media":"","overlay-type":"","overlay-color":"","overlay-opacity":"","overlay-gradient":""},"mobile":{"background-color":"","background-image":"","background-repeat":"repeat","background-position":"center center","background-size":"auto","background-attachment":"scroll","background-type":"","background-media":"","overlay-type":"","overlay-color":"","overlay-opacity":"","overlay-gradient":""}},"ast-content-background-meta":{"desktop":{"background-color":"var(--ast-global-color-5)","background-image":"","background-repeat":"repeat","background-position":"center center","background-size":"auto","background-attachment":"scroll","background-type":"","background-media":"","overlay-type":"","overlay-color":"","overlay-opacity":"","overlay-gradient":""},"tablet":{"background-color":"var(--ast-global-color-5)","background-image":"","background-repeat":"repeat","background-position":"center center","background-size":"auto","background-attachment":"scroll","background-type":"","background-media":"","overlay-type":"","overlay-color":"","overlay-opacity":"","overlay-gradient":""},"mobile":{"background-color":"var(--ast-global-color-5)","background-image":"","background-repeat":"repeat","background-position":"center center","background-size":"auto","background-attachment":"scroll","background-type":"","background-media":"","overlay-type":"","overlay-color":"","overlay-opacity":"","overlay-gradient":""}},"spay_email":""},"product_cat":[164,165,166,167,77],"product_tag":[],"_links":{"self":[{"href":"https:\/\/jugueterialudico.com.ar\/index.php?rest_route=\/wp\/v2\/product\/25015"}],"collection":[{"href":"https:\/\/jugueterialudico.com.ar\/index.php?rest_route=\/wp\/v2\/product"}],"about":[{"href":"https:\/\/jugueterialudico.com.ar\/index.php?rest_route=\/wp\/v2\/types\/product"}],"replies":[{"embeddable":true,"href":"https:\/\/jugueterialudico.com.ar\/index.php?rest_route=%2Fwp%2Fv2%2Fcomments&post=25015"}],"wp:featuredmedia":[{"embeddable":true,"href":"https:\/\/jugueterialudico.com.ar\/index.php?rest_route=\/wp\/v2\/media\/25016"}],"wp:attachment":[{"href":"https:\/\/jugueterialudico.com.ar\/index.php?rest_route=%2Fwp%2Fv2%2Fmedia&parent=25015"}],"wp:term":[{"taxonomy":"product_cat","embeddable":true,"href":"https:\/\/jugueterialudico.com.ar\/index.php?rest_route=%2Fwp%2Fv2%2Fproduct_cat&post=25015"},{"taxonomy":"product_tag","embeddable":true,"href":"https:\/\/jugueterialudico.com.ar\/index.php?rest_route=%2Fwp%2Fv2%2Fproduct_tag&post=25015"}],"curies":[{"name":"wp","href":"https:\/\/api.w.org\/{rel}","templated":true}]}}