{"id":25019,"date":"2024-07-23T11:06:38","date_gmt":"2024-07-23T14:06:38","guid":{"rendered":"https:\/\/jugueterialudico.com.ar\/?post_type=product&#038;p=25019"},"modified":"2025-09-13T16:34:58","modified_gmt":"2025-09-13T19:34:58","slug":"rolling-balls-49-piezas-195","status":"publish","type":"product","link":"https:\/\/jugueterialudico.com.ar\/?product=rolling-balls-49-piezas-195","title":{"rendered":"ROLLING BALLS 49 PIEZAS- 195"},"content":{"rendered":"<p>&#8211; Contiene: 4 bolitas, 20 bloques de colores, 12 medio tramo recto, 12 medio tramo curvo, 1 instructivo.<br \/>\n&#8211; Material: Pl\u00e1stico<br \/>\n&#8211; Medidas de la caja: 21,5cm de largo, 16,5cm de alto, 8cm de ancho<\/p>\n","protected":false},"excerpt":{"rendered":"<h2>Juego de construcci\u00f3n de laberintos<\/h2>\n<p>Con el Rolling Ball, podr\u00e1s dar rienda suelta a tu imaginaci\u00f3n y dise\u00f1ar el laberinto de tus sue\u00f1os. Luego, desliza las bolitas y disfruta viendo c\u00f3mo atraviesan tu creaci\u00f3n en una carrera llena de emoci\u00f3n!<\/p>\n<p>Este juego de construcci\u00f3n te ofrece infinitas posibilidades para experimentar, aprender y divertirte. Desarrolla tus habilidades motoras, estimula tu creatividad y desaf\u00eda tus habilidades l\u00f3gicas mientras juegas con amigos o en solitario.<\/p>\n","protected":false},"featured_media":25021,"comment_status":"open","ping_status":"closed","template":"","meta":{"site-sidebar-layout":"default","site-content-layout":"","ast-site-content-layout":"default","site-content-style":"default","site-sidebar-style":"default","ast-global-header-display":"","ast-banner-title-visibility":"","ast-main-header-display":"","ast-hfb-above-header-display":"","ast-hfb-below-header-display":"","ast-hfb-mobile-header-display":"","site-post-title":"","ast-breadcrumbs-content":"","ast-featured-img":"","footer-sml-layout":"","theme-transparent-header-meta":"default","adv-header-id-meta":"","stick-header-meta":"","header-above-stick-meta":"","header-main-stick-meta":"","header-below-stick-meta":"","astra-migrate-meta-layouts":"set","ast-page-background-enabled":"default","ast-page-background-meta":{"desktop":{"background-color":"","background-image":"","background-repeat":"repeat","background-position":"center center","background-size":"auto","background-attachment":"scroll","background-type":"","background-media":"","overlay-type":"","overlay-color":"","overlay-opacity":"","overlay-gradient":""},"tablet":{"background-color":"","background-image":"","background-repeat":"repeat","background-position":"center center","background-size":"auto","background-attachment":"scroll","background-type":"","background-media":"","overlay-type":"","overlay-color":"","overlay-opacity":"","overlay-gradient":""},"mobile":{"background-color":"","background-image":"","background-repeat":"repeat","background-position":"center center","background-size":"auto","background-attachment":"scroll","background-type":"","background-media":"","overlay-type":"","overlay-color":"","overlay-opacity":"","overlay-gradient":""}},"ast-content-background-meta":{"desktop":{"background-color":"var(--ast-global-color-5)","background-image":"","background-repeat":"repeat","background-position":"center center","background-size":"auto","background-attachment":"scroll","background-type":"","background-media":"","overlay-type":"","overlay-color":"","overlay-opacity":"","overlay-gradient":""},"tablet":{"background-color":"var(--ast-global-color-5)","background-image":"","background-repeat":"repeat","background-position":"center center","background-size":"auto","background-attachment":"scroll","background-type":"","background-media":"","overlay-type":"","overlay-color":"","overlay-opacity":"","overlay-gradient":""},"mobile":{"background-color":"var(--ast-global-color-5)","background-image":"","background-repeat":"repeat","background-position":"center center","background-size":"auto","background-attachment":"scroll","background-type":"","background-media":"","overlay-type":"","overlay-color":"","overlay-opacity":"","overlay-gradient":""}},"spay_email":""},"product_cat":[164,165,166,167,77],"product_tag":[],"_links":{"self":[{"href":"https:\/\/jugueterialudico.com.ar\/index.php?rest_route=\/wp\/v2\/product\/25019"}],"collection":[{"href":"https:\/\/jugueterialudico.com.ar\/index.php?rest_route=\/wp\/v2\/product"}],"about":[{"href":"https:\/\/jugueterialudico.com.ar\/index.php?rest_route=\/wp\/v2\/types\/product"}],"replies":[{"embeddable":true,"href":"https:\/\/jugueterialudico.com.ar\/index.php?rest_route=%2Fwp%2Fv2%2Fcomments&post=25019"}],"wp:featuredmedia":[{"embeddable":true,"href":"https:\/\/jugueterialudico.com.ar\/index.php?rest_route=\/wp\/v2\/media\/25021"}],"wp:attachment":[{"href":"https:\/\/jugueterialudico.com.ar\/index.php?rest_route=%2Fwp%2Fv2%2Fmedia&parent=25019"}],"wp:term":[{"taxonomy":"product_cat","embeddable":true,"href":"https:\/\/jugueterialudico.com.ar\/index.php?rest_route=%2Fwp%2Fv2%2Fproduct_cat&post=25019"},{"taxonomy":"product_tag","embeddable":true,"href":"https:\/\/jugueterialudico.com.ar\/index.php?rest_route=%2Fwp%2Fv2%2Fproduct_tag&post=25019"}],"curies":[{"name":"wp","href":"https:\/\/api.w.org\/{rel}","templated":true}]}}