{"id":25023,"date":"2024-07-23T11:14:17","date_gmt":"2024-07-23T14:14:17","guid":{"rendered":"https:\/\/jugueterialudico.com.ar\/?post_type=product&#038;p=25023"},"modified":"2025-09-13T16:34:39","modified_gmt":"2025-09-13T19:34:39","slug":"rolling-balls-98-piezas-195","status":"publish","type":"product","link":"https:\/\/jugueterialudico.com.ar\/?product=rolling-balls-98-piezas-195","title":{"rendered":"ROLLING BALLS 98 PIEZAS &#8211; 195"},"content":{"rendered":"<p>Incluye:8 bolitas, 12 ventanas, 12 ventanas para stickers, 12 bloques para ventana, 20 bloques paraa tobog\u00e1n, 12 toboganes curvos cortos, 12 toboganes curvos largos, 12 toboganes rectos, 1 planchea de stickes y 1 instructivo<\/p>\n<p>Cantidad total de piezas: 98<\/p>\n<p>Edad: 3 a\u00f1os en adealnte<\/p>\n<p>Material: pl\u00e1stico<\/p>\n<p>Medidas de la caja:32cm X 22cm X 8cm.<\/p>\n","protected":false},"excerpt":{"rendered":"<p>Con el Rolling Ball, podr\u00e1s dar rienda suelta a tu imaginaci\u00f3n y dise\u00f1ar el laberinto de tus sue\u00f1os. Luego, desliza las bolitas y disfruta viendo c\u00f3mo atraviesan tu creaci\u00f3n en una carrera llena de emoci\u00f3n!<\/p>\n<p>Este juego de construcci\u00f3n te ofrece infinitas posibilidades para experimentar, aprender y divertirte. Desarrolla tus habilidades motoras, estimula tu creatividad y desaf\u00eda tus habilidades l\u00f3gicas mientras juegas con amigos o en solitario.<\/p>\n","protected":false},"featured_media":25025,"comment_status":"open","ping_status":"closed","template":"","meta":{"site-sidebar-layout":"default","site-content-layout":"","ast-site-content-layout":"default","site-content-style":"default","site-sidebar-style":"default","ast-global-header-display":"","ast-banner-title-visibility":"","ast-main-header-display":"","ast-hfb-above-header-display":"","ast-hfb-below-header-display":"","ast-hfb-mobile-header-display":"","site-post-title":"","ast-breadcrumbs-content":"","ast-featured-img":"","footer-sml-layout":"","theme-transparent-header-meta":"default","adv-header-id-meta":"","stick-header-meta":"","header-above-stick-meta":"","header-main-stick-meta":"","header-below-stick-meta":"","astra-migrate-meta-layouts":"set","ast-page-background-enabled":"default","ast-page-background-meta":{"desktop":{"background-color":"","background-image":"","background-repeat":"repeat","background-position":"center center","background-size":"auto","background-attachment":"scroll","background-type":"","background-media":"","overlay-type":"","overlay-color":"","overlay-opacity":"","overlay-gradient":""},"tablet":{"background-color":"","background-image":"","background-repeat":"repeat","background-position":"center center","background-size":"auto","background-attachment":"scroll","background-type":"","background-media":"","overlay-type":"","overlay-color":"","overlay-opacity":"","overlay-gradient":""},"mobile":{"background-color":"","background-image":"","background-repeat":"repeat","background-position":"center center","background-size":"auto","background-attachment":"scroll","background-type":"","background-media":"","overlay-type":"","overlay-color":"","overlay-opacity":"","overlay-gradient":""}},"ast-content-background-meta":{"desktop":{"background-color":"var(--ast-global-color-5)","background-image":"","background-repeat":"repeat","background-position":"center center","background-size":"auto","background-attachment":"scroll","background-type":"","background-media":"","overlay-type":"","overlay-color":"","overlay-opacity":"","overlay-gradient":""},"tablet":{"background-color":"var(--ast-global-color-5)","background-image":"","background-repeat":"repeat","background-position":"center center","background-size":"auto","background-attachment":"scroll","background-type":"","background-media":"","overlay-type":"","overlay-color":"","overlay-opacity":"","overlay-gradient":""},"mobile":{"background-color":"var(--ast-global-color-5)","background-image":"","background-repeat":"repeat","background-position":"center center","background-size":"auto","background-attachment":"scroll","background-type":"","background-media":"","overlay-type":"","overlay-color":"","overlay-opacity":"","overlay-gradient":""}},"spay_email":""},"product_cat":[164,165,166,167,77],"product_tag":[],"_links":{"self":[{"href":"https:\/\/jugueterialudico.com.ar\/index.php?rest_route=\/wp\/v2\/product\/25023"}],"collection":[{"href":"https:\/\/jugueterialudico.com.ar\/index.php?rest_route=\/wp\/v2\/product"}],"about":[{"href":"https:\/\/jugueterialudico.com.ar\/index.php?rest_route=\/wp\/v2\/types\/product"}],"replies":[{"embeddable":true,"href":"https:\/\/jugueterialudico.com.ar\/index.php?rest_route=%2Fwp%2Fv2%2Fcomments&post=25023"}],"wp:featuredmedia":[{"embeddable":true,"href":"https:\/\/jugueterialudico.com.ar\/index.php?rest_route=\/wp\/v2\/media\/25025"}],"wp:attachment":[{"href":"https:\/\/jugueterialudico.com.ar\/index.php?rest_route=%2Fwp%2Fv2%2Fmedia&parent=25023"}],"wp:term":[{"taxonomy":"product_cat","embeddable":true,"href":"https:\/\/jugueterialudico.com.ar\/index.php?rest_route=%2Fwp%2Fv2%2Fproduct_cat&post=25023"},{"taxonomy":"product_tag","embeddable":true,"href":"https:\/\/jugueterialudico.com.ar\/index.php?rest_route=%2Fwp%2Fv2%2Fproduct_tag&post=25023"}],"curies":[{"name":"wp","href":"https:\/\/api.w.org\/{rel}","templated":true}]}}