{"id":25056,"date":"2024-07-29T11:10:50","date_gmt":"2024-07-29T14:10:50","guid":{"rendered":"https:\/\/jugueterialudico.com.ar\/?post_type=product&#038;p=25056"},"modified":"2024-10-02T10:52:32","modified_gmt":"2024-10-02T13:52:32","slug":"volcan-de-amonites-181","status":"publish","type":"product","link":"https:\/\/jugueterialudico.com.ar\/?product=volcan-de-amonites-181","title":{"rendered":"VOLC\u00c1N DE AMONITES &#8211; 181"},"content":{"rendered":"<p>VOLC\u00c1N DE AMONITES<br \/>\nJuego divertido para ni\u00f1os \u00a13 en 1!<br \/>\n.\u00a1Experiment\u00e1 la emoci\u00f3n de un volc\u00e1n en erupci\u00f3n con lava volc\u00e1nica!<br \/>\nMezcl\u00e1 bicarbonato con vinagre y observa c\u00f3mo hace erupci\u00f3n. Pod\u00e9s crear lava volc\u00e1nica con adhesivo blanco mezclado con las pinturas que vienen en el juego.<br \/>\n. Colecciona y decora tu propio f\u00f3sil de amonite para usarlo como amuleto o collar. Enterralo en yeso, excav\u00e1 con el palo incluido, pintalo como quieras y agregalo a tu colecci\u00f3n<br \/>\n. Cre\u00e1 tus propias piedras volc\u00e1nicas con yeso y adhesivo blanco, pintalas y decoralas como prefieras.<\/p>\n","protected":false},"excerpt":{"rendered":"<p>VOLC\u00c1N DE AMONITES Juego divertido para ni\u00f1os \u00a13 en 1! .\u00a1Experiment\u00e1 la emoci\u00f3n de un volc\u00e1n en erupci\u00f3n con lava volc\u00e1nica! Mezcl\u00e1 bicarbonato con vinagre y observa c\u00f3mo hace erupci\u00f3n. Pod\u00e9s crear lava volc\u00e1nica con adhesivo blanco mezclado con las pinturas que vienen en el juego. . Colecciona y decora tu propio f\u00f3sil de amonite [&hellip;]<\/p>\n","protected":false},"featured_media":25057,"comment_status":"open","ping_status":"closed","template":"","meta":{"site-sidebar-layout":"default","site-content-layout":"","ast-site-content-layout":"default","site-content-style":"default","site-sidebar-style":"default","ast-global-header-display":"","ast-banner-title-visibility":"","ast-main-header-display":"","ast-hfb-above-header-display":"","ast-hfb-below-header-display":"","ast-hfb-mobile-header-display":"","site-post-title":"","ast-breadcrumbs-content":"","ast-featured-img":"","footer-sml-layout":"","theme-transparent-header-meta":"default","adv-header-id-meta":"","stick-header-meta":"","header-above-stick-meta":"","header-main-stick-meta":"","header-below-stick-meta":"","astra-migrate-meta-layouts":"set","ast-page-background-enabled":"default","ast-page-background-meta":{"desktop":{"background-color":"","background-image":"","background-repeat":"repeat","background-position":"center center","background-size":"auto","background-attachment":"scroll","background-type":"","background-media":"","overlay-type":"","overlay-color":"","overlay-opacity":"","overlay-gradient":""},"tablet":{"background-color":"","background-image":"","background-repeat":"repeat","background-position":"center center","background-size":"auto","background-attachment":"scroll","background-type":"","background-media":"","overlay-type":"","overlay-color":"","overlay-opacity":"","overlay-gradient":""},"mobile":{"background-color":"","background-image":"","background-repeat":"repeat","background-position":"center center","background-size":"auto","background-attachment":"scroll","background-type":"","background-media":"","overlay-type":"","overlay-color":"","overlay-opacity":"","overlay-gradient":""}},"ast-content-background-meta":{"desktop":{"background-color":"var(--ast-global-color-5)","background-image":"","background-repeat":"repeat","background-position":"center center","background-size":"auto","background-attachment":"scroll","background-type":"","background-media":"","overlay-type":"","overlay-color":"","overlay-opacity":"","overlay-gradient":""},"tablet":{"background-color":"var(--ast-global-color-5)","background-image":"","background-repeat":"repeat","background-position":"center center","background-size":"auto","background-attachment":"scroll","background-type":"","background-media":"","overlay-type":"","overlay-color":"","overlay-opacity":"","overlay-gradient":""},"mobile":{"background-color":"var(--ast-global-color-5)","background-image":"","background-repeat":"repeat","background-position":"center center","background-size":"auto","background-attachment":"scroll","background-type":"","background-media":"","overlay-type":"","overlay-color":"","overlay-opacity":"","overlay-gradient":""}},"spay_email":""},"product_cat":[185,168,166,167,146,77],"product_tag":[],"_links":{"self":[{"href":"https:\/\/jugueterialudico.com.ar\/index.php?rest_route=\/wp\/v2\/product\/25056"}],"collection":[{"href":"https:\/\/jugueterialudico.com.ar\/index.php?rest_route=\/wp\/v2\/product"}],"about":[{"href":"https:\/\/jugueterialudico.com.ar\/index.php?rest_route=\/wp\/v2\/types\/product"}],"replies":[{"embeddable":true,"href":"https:\/\/jugueterialudico.com.ar\/index.php?rest_route=%2Fwp%2Fv2%2Fcomments&post=25056"}],"wp:featuredmedia":[{"embeddable":true,"href":"https:\/\/jugueterialudico.com.ar\/index.php?rest_route=\/wp\/v2\/media\/25057"}],"wp:attachment":[{"href":"https:\/\/jugueterialudico.com.ar\/index.php?rest_route=%2Fwp%2Fv2%2Fmedia&parent=25056"}],"wp:term":[{"taxonomy":"product_cat","embeddable":true,"href":"https:\/\/jugueterialudico.com.ar\/index.php?rest_route=%2Fwp%2Fv2%2Fproduct_cat&post=25056"},{"taxonomy":"product_tag","embeddable":true,"href":"https:\/\/jugueterialudico.com.ar\/index.php?rest_route=%2Fwp%2Fv2%2Fproduct_tag&post=25056"}],"curies":[{"name":"wp","href":"https:\/\/api.w.org\/{rel}","templated":true}]}}