{"id":25065,"date":"2024-08-03T11:20:03","date_gmt":"2024-08-03T14:20:03","guid":{"rendered":"https:\/\/jugueterialudico.com.ar\/?post_type=product&#038;p=25065"},"modified":"2026-04-28T18:00:10","modified_gmt":"2026-04-28T21:00:10","slug":"memo-michi-043","status":"publish","type":"product","link":"https:\/\/jugueterialudico.com.ar\/?product=memo-michi-043","title":{"rendered":"MEMO MICHI &#8211; 043"},"content":{"rendered":"<p>Edad sugerida: + 3 a\u00f1os<\/p>\n<p>Juego de 24 cartas 24 cartas para juntar 12 pares de gatitos con sus objetos.<\/p>\n<p><strong>C\u00d3MO JUGAMOS<\/strong><\/p>\n<p>Este es un Memo de correspondencia. Hay 12 fichas con diferentes gatitos con un objeto y 12 cartas s\u00f3lo con los objetos. El objetivo es juntar una carta del gatito con su par carta de objeto.<\/p>\n<p>Se colocan las 24 cartas con las ilustraciones hacia abajo y, por turnos, cada participante da vuelta 2 cartas tratando de encontrar el par. Si lo logra, guarda ambas cartas y juega otra vuelta. Sino, cede el turno al pr\u00f3ximo participante. El objetivo es juntar la mayor cantidad de pares de cartas.<\/p>\n<p>Los m\u00e1s peque\u00f1os pueden comenzar a jugar con menos pares de cartas, que podr\u00e1n ir incrementando a medida que las vayan reconociendo.<\/p>\n<p>&nbsp;<\/p>\n<p>Desarrolla la memoria visual y capacidad de observaci\u00f3n. Favorece la creatividad e imaginaci\u00f3n. Dificultad progresiva.<\/p>\n","protected":false},"excerpt":{"rendered":"<p>Edad sugerida: + 3 a\u00f1os Juego de 24 cartas 24 cartas para juntar 12 pares de gatitos con sus objetos. C\u00d3MO JUGAMOS Este es un Memo de correspondencia. Hay 12 fichas con diferentes gatitos con un objeto y 12 cartas s\u00f3lo con los objetos. El objetivo es juntar una carta del gatito con su par [&hellip;]<\/p>\n","protected":false},"featured_media":25066,"comment_status":"open","ping_status":"closed","template":"","meta":{"site-sidebar-layout":"default","site-content-layout":"","ast-site-content-layout":"default","site-content-style":"default","site-sidebar-style":"default","ast-global-header-display":"","ast-banner-title-visibility":"","ast-main-header-display":"","ast-hfb-above-header-display":"","ast-hfb-below-header-display":"","ast-hfb-mobile-header-display":"","site-post-title":"","ast-breadcrumbs-content":"","ast-featured-img":"","footer-sml-layout":"","theme-transparent-header-meta":"default","adv-header-id-meta":"","stick-header-meta":"","header-above-stick-meta":"","header-main-stick-meta":"","header-below-stick-meta":"","astra-migrate-meta-layouts":"set","ast-page-background-enabled":"default","ast-page-background-meta":{"desktop":{"background-color":"","background-image":"","background-repeat":"repeat","background-position":"center center","background-size":"auto","background-attachment":"scroll","background-type":"","background-media":"","overlay-type":"","overlay-color":"","overlay-opacity":"","overlay-gradient":""},"tablet":{"background-color":"","background-image":"","background-repeat":"repeat","background-position":"center center","background-size":"auto","background-attachment":"scroll","background-type":"","background-media":"","overlay-type":"","overlay-color":"","overlay-opacity":"","overlay-gradient":""},"mobile":{"background-color":"","background-image":"","background-repeat":"repeat","background-position":"center center","background-size":"auto","background-attachment":"scroll","background-type":"","background-media":"","overlay-type":"","overlay-color":"","overlay-opacity":"","overlay-gradient":""}},"ast-content-background-meta":{"desktop":{"background-color":"var(--ast-global-color-5)","background-image":"","background-repeat":"repeat","background-position":"center center","background-size":"auto","background-attachment":"scroll","background-type":"","background-media":"","overlay-type":"","overlay-color":"","overlay-opacity":"","overlay-gradient":""},"tablet":{"background-color":"var(--ast-global-color-5)","background-image":"","background-repeat":"repeat","background-position":"center center","background-size":"auto","background-attachment":"scroll","background-type":"","background-media":"","overlay-type":"","overlay-color":"","overlay-opacity":"","overlay-gradient":""},"mobile":{"background-color":"var(--ast-global-color-5)","background-image":"","background-repeat":"repeat","background-position":"center center","background-size":"auto","background-attachment":"scroll","background-type":"","background-media":"","overlay-type":"","overlay-color":"","overlay-opacity":"","overlay-gradient":""}},"spay_email":""},"product_cat":[164,165,166,74],"product_tag":[],"_links":{"self":[{"href":"https:\/\/jugueterialudico.com.ar\/index.php?rest_route=\/wp\/v2\/product\/25065"}],"collection":[{"href":"https:\/\/jugueterialudico.com.ar\/index.php?rest_route=\/wp\/v2\/product"}],"about":[{"href":"https:\/\/jugueterialudico.com.ar\/index.php?rest_route=\/wp\/v2\/types\/product"}],"replies":[{"embeddable":true,"href":"https:\/\/jugueterialudico.com.ar\/index.php?rest_route=%2Fwp%2Fv2%2Fcomments&post=25065"}],"wp:featuredmedia":[{"embeddable":true,"href":"https:\/\/jugueterialudico.com.ar\/index.php?rest_route=\/wp\/v2\/media\/25066"}],"wp:attachment":[{"href":"https:\/\/jugueterialudico.com.ar\/index.php?rest_route=%2Fwp%2Fv2%2Fmedia&parent=25065"}],"wp:term":[{"taxonomy":"product_cat","embeddable":true,"href":"https:\/\/jugueterialudico.com.ar\/index.php?rest_route=%2Fwp%2Fv2%2Fproduct_cat&post=25065"},{"taxonomy":"product_tag","embeddable":true,"href":"https:\/\/jugueterialudico.com.ar\/index.php?rest_route=%2Fwp%2Fv2%2Fproduct_tag&post=25065"}],"curies":[{"name":"wp","href":"https:\/\/api.w.org\/{rel}","templated":true}]}}