{"id":25071,"date":"2024-08-03T11:30:11","date_gmt":"2024-08-03T14:30:11","guid":{"rendered":"https:\/\/jugueterialudico.com.ar\/?post_type=product&#038;p=25071"},"modified":"2026-04-28T17:59:54","modified_gmt":"2026-04-28T20:59:54","slug":"adivina-adivinador","status":"publish","type":"product","link":"https:\/\/jugueterialudico.com.ar\/?product=adivina-adivinador","title":{"rendered":"ADIVINA ADIVINADOR -043"},"content":{"rendered":"<p>Edad sugerida: + 3 a\u00f1os<\/p>\n<p>Juego de 52 cartas: 26 para adivinar con m\u00edmica y 26 para adivinar con sonido<\/p>\n<p>&nbsp;<\/p>\n<p><strong>C\u00d3MO JUGAMOS<\/strong><\/p>\n<p><strong>-Decilo como puedas!<\/strong><\/p>\n<p>Se puede jugar individualmente o por equipos. Se coloca el mazo boca abajo y el primer participante saca una carta que no tiene que mostrarla. Seg\u00fan el s\u00edmbolo que tenga esa carta, tiene que hacer\u00a0<strong>m\u00edmica\u00a0<\/strong>o un<strong>\u00a0sonido<\/strong>, para lograr que el otro adivine el objeto.<\/p>\n<p>Luego le toca al siguiente participante y pueden decidir jugar por tiempo o elegir s\u00f3lo las cartas de\u00a0<strong>m\u00edmica<\/strong>\u00a0o solo las de\u00a0<strong>sonido<\/strong>.<\/p>\n<p><strong>Para lo m\u00e1s grandes<\/strong>, pueden jugar con consignas m\u00e1s complejas para adivinar. Te damos algunos ejemplos, pero pueden pensar una nueva.<\/p>\n<ul>\n<li>Definir con tres palabras la imagen<\/li>\n<li>Definir la imagen con palabras que s\u00f3lo contengan la vocal \u201cA\u201d<\/li>\n<li>Cantar una canci\u00f3n que contenga la imagen<\/li>\n<li>Inventar un verso que defina la imagen<\/li>\n<li>Hacer preguntas que s\u00f3lo se pueden responder con un SI o un NO<\/li>\n<\/ul>\n<p><strong>-Historias inventadas<\/strong><\/p>\n<p>Tambi\u00e9n se puede jugar s\u00f3lo con las cartas que tienen personajes. Hay 6 protagonistas de posibles historias, que cada uno est\u00e1 haciendo 4 actividades distintas. Se puede elegir una secuencia de cartas del mismo personaje (que tienen el mismo color de fondo) e inventar un relato con lo que est\u00e1n haciendo. Tambi\u00e9n pod\u00e9s mezclar con otras cartas y armar un cuento largu\u00edsimo.<\/p>\n<p>&nbsp;<\/p>\n<p><strong>Desarrolla la memoria visual y capacidad de observaci\u00f3n. Favorece la creatividad e imaginaci\u00f3n. Dificultad progresiva.<\/strong><\/p>\n","protected":false},"excerpt":{"rendered":"<p>Edad sugerida: + 3 a\u00f1os Juego de 52 cartas: 26 para adivinar con m\u00edmica y 26 para adivinar con sonido &nbsp; C\u00d3MO JUGAMOS -Decilo como puedas! Se puede jugar individualmente o por equipos. Se coloca el mazo boca abajo y el primer participante saca una carta que no tiene que mostrarla. Seg\u00fan el s\u00edmbolo que [&hellip;]<\/p>\n","protected":false},"featured_media":25072,"comment_status":"open","ping_status":"closed","template":"","meta":{"site-sidebar-layout":"default","site-content-layout":"","ast-site-content-layout":"default","site-content-style":"default","site-sidebar-style":"default","ast-global-header-display":"","ast-banner-title-visibility":"","ast-main-header-display":"","ast-hfb-above-header-display":"","ast-hfb-below-header-display":"","ast-hfb-mobile-header-display":"","site-post-title":"","ast-breadcrumbs-content":"","ast-featured-img":"","footer-sml-layout":"","theme-transparent-header-meta":"default","adv-header-id-meta":"","stick-header-meta":"","header-above-stick-meta":"","header-main-stick-meta":"","header-below-stick-meta":"","astra-migrate-meta-layouts":"set","ast-page-background-enabled":"default","ast-page-background-meta":{"desktop":{"background-color":"","background-image":"","background-repeat":"repeat","background-position":"center center","background-size":"auto","background-attachment":"scroll","background-type":"","background-media":"","overlay-type":"","overlay-color":"","overlay-opacity":"","overlay-gradient":""},"tablet":{"background-color":"","background-image":"","background-repeat":"repeat","background-position":"center center","background-size":"auto","background-attachment":"scroll","background-type":"","background-media":"","overlay-type":"","overlay-color":"","overlay-opacity":"","overlay-gradient":""},"mobile":{"background-color":"","background-image":"","background-repeat":"repeat","background-position":"center center","background-size":"auto","background-attachment":"scroll","background-type":"","background-media":"","overlay-type":"","overlay-color":"","overlay-opacity":"","overlay-gradient":""}},"ast-content-background-meta":{"desktop":{"background-color":"var(--ast-global-color-5)","background-image":"","background-repeat":"repeat","background-position":"center center","background-size":"auto","background-attachment":"scroll","background-type":"","background-media":"","overlay-type":"","overlay-color":"","overlay-opacity":"","overlay-gradient":""},"tablet":{"background-color":"var(--ast-global-color-5)","background-image":"","background-repeat":"repeat","background-position":"center center","background-size":"auto","background-attachment":"scroll","background-type":"","background-media":"","overlay-type":"","overlay-color":"","overlay-opacity":"","overlay-gradient":""},"mobile":{"background-color":"var(--ast-global-color-5)","background-image":"","background-repeat":"repeat","background-position":"center center","background-size":"auto","background-attachment":"scroll","background-type":"","background-media":"","overlay-type":"","overlay-color":"","overlay-opacity":"","overlay-gradient":""}},"spay_email":""},"product_cat":[164,165,166,74],"product_tag":[],"_links":{"self":[{"href":"https:\/\/jugueterialudico.com.ar\/index.php?rest_route=\/wp\/v2\/product\/25071"}],"collection":[{"href":"https:\/\/jugueterialudico.com.ar\/index.php?rest_route=\/wp\/v2\/product"}],"about":[{"href":"https:\/\/jugueterialudico.com.ar\/index.php?rest_route=\/wp\/v2\/types\/product"}],"replies":[{"embeddable":true,"href":"https:\/\/jugueterialudico.com.ar\/index.php?rest_route=%2Fwp%2Fv2%2Fcomments&post=25071"}],"wp:featuredmedia":[{"embeddable":true,"href":"https:\/\/jugueterialudico.com.ar\/index.php?rest_route=\/wp\/v2\/media\/25072"}],"wp:attachment":[{"href":"https:\/\/jugueterialudico.com.ar\/index.php?rest_route=%2Fwp%2Fv2%2Fmedia&parent=25071"}],"wp:term":[{"taxonomy":"product_cat","embeddable":true,"href":"https:\/\/jugueterialudico.com.ar\/index.php?rest_route=%2Fwp%2Fv2%2Fproduct_cat&post=25071"},{"taxonomy":"product_tag","embeddable":true,"href":"https:\/\/jugueterialudico.com.ar\/index.php?rest_route=%2Fwp%2Fv2%2Fproduct_tag&post=25071"}],"curies":[{"name":"wp","href":"https:\/\/api.w.org\/{rel}","templated":true}]}}