{"id":25128,"date":"2024-08-26T10:49:49","date_gmt":"2024-08-26T13:49:49","guid":{"rendered":"https:\/\/jugueterialudico.com.ar\/?post_type=product&#038;p=25128"},"modified":"2026-02-18T16:18:31","modified_gmt":"2026-02-18T19:18:31","slug":"unanimo-035","status":"publish","type":"product","link":"https:\/\/jugueterialudico.com.ar\/?product=unanimo-035","title":{"rendered":"UNANIMO &#8211; 035"},"content":{"rendered":"<p><strong>Desarrollo:<\/strong> cada jugador tiene una hoja del block y un l\u00e1piz. Se da vuelta una carta y todos los jugadores deber\u00e1n anotar 8 palabras que les vengan a la mente al observar la ilustraci\u00f3n representada.<br \/>\nLuego de un tiempo razonable se da por terminada la etapa y se cuentan los puntajes. Si alguien no lleg\u00f3 a escribir las 8 palabras, no pasa nada, ese jugador tendr\u00e1 menos posibilidades de sumar puntos.<\/p>\n<p><strong>Puntaje:<\/strong>\u00a0el primer jugador lee en voz alta su primera palabra. Los jugadores que tambi\u00e9n anotaron esa misma palabra en su hoja levantan la mano y anotan tantos puntos como manos levantadas haya. Si, en cambio, nadie m\u00e1s escribi\u00f3 esa palabra, no obtendr\u00e1 ning\u00fan punto.<\/p>\n<p>Tras leer las 8 palabras, sigue la ronda, y el siguiente jugador lee las palabras que no se repitieron ya., y as\u00ed hasta que todos lean sus palabras.<\/p>\n<p>Se suman los puntos finales de la ronda, y se anotan al final en el papel.<\/p>\n<p>Comienza una nueva ronda, se da vuelta una nueva carta, y se procede de la misma manera.<\/p>\n<p><strong>IMPORTANTE:\u00a0<\/strong>est\u00e1 prohibido escribir palabras que tengan una ra\u00edz com\u00fan con la palabra escrita en la carta, ejemplo: en la carta ROCKERO, no se puede escribir ROCK. Las palabras repetidas deben ser exactamente iguales,\u00a0 si alguien escribi\u00f3 BANDA y BANDAS se consideran diferentes.<\/p>\n<p><strong>Fin del juego:\u00a0<\/strong>una vez que se hayan jugado las 3 rondas, todos suman el total de cada columna y el jugador con mayor cantidad de puntos gana la partida.<\/p>\n<p><strong>Jugadores:\u00a0<\/strong>3 a 8\u00a0jugadores<br \/>\n<strong>Tiempo:<\/strong>\u00a020 minutos<br \/>\n<strong>Edad:<\/strong>\u00a08\u00a0a 99\u00a0a\u00f1os<\/p>\n","protected":false},"excerpt":{"rendered":"<h3><strong>UN\u00c1NIMO &#8211; Todos a conectar<\/strong><\/h3>\n<p>Un juego para divertirse con familia y amigos donde pensar igual que los dem\u00e1s es LA CLAVE DEL \u00c9XITO.<\/p>\n<p>El objetivo de este entretenido juego es conseguir la mayor cantidad de puntos escribiendo palabras comunes con los dem\u00e1s.<\/p>\n<p>El juego se desarrolla en 3 rondas. Cada ronda consiste en anotar 8 palabras y puntuar seg\u00fan lo que hayan escrito todos los jugadores.<\/p>\n","protected":false},"featured_media":25130,"comment_status":"open","ping_status":"closed","template":"","meta":{"site-sidebar-layout":"default","site-content-layout":"","ast-site-content-layout":"default","site-content-style":"default","site-sidebar-style":"default","ast-global-header-display":"","ast-banner-title-visibility":"","ast-main-header-display":"","ast-hfb-above-header-display":"","ast-hfb-below-header-display":"","ast-hfb-mobile-header-display":"","site-post-title":"","ast-breadcrumbs-content":"","ast-featured-img":"","footer-sml-layout":"","theme-transparent-header-meta":"default","adv-header-id-meta":"","stick-header-meta":"","header-above-stick-meta":"","header-main-stick-meta":"","header-below-stick-meta":"","astra-migrate-meta-layouts":"set","ast-page-background-enabled":"default","ast-page-background-meta":{"desktop":{"background-color":"","background-image":"","background-repeat":"repeat","background-position":"center center","background-size":"auto","background-attachment":"scroll","background-type":"","background-media":"","overlay-type":"","overlay-color":"","overlay-opacity":"","overlay-gradient":""},"tablet":{"background-color":"","background-image":"","background-repeat":"repeat","background-position":"center center","background-size":"auto","background-attachment":"scroll","background-type":"","background-media":"","overlay-type":"","overlay-color":"","overlay-opacity":"","overlay-gradient":""},"mobile":{"background-color":"","background-image":"","background-repeat":"repeat","background-position":"center center","background-size":"auto","background-attachment":"scroll","background-type":"","background-media":"","overlay-type":"","overlay-color":"","overlay-opacity":"","overlay-gradient":""}},"ast-content-background-meta":{"desktop":{"background-color":"var(--ast-global-color-5)","background-image":"","background-repeat":"repeat","background-position":"center center","background-size":"auto","background-attachment":"scroll","background-type":"","background-media":"","overlay-type":"","overlay-color":"","overlay-opacity":"","overlay-gradient":""},"tablet":{"background-color":"var(--ast-global-color-5)","background-image":"","background-repeat":"repeat","background-position":"center center","background-size":"auto","background-attachment":"scroll","background-type":"","background-media":"","overlay-type":"","overlay-color":"","overlay-opacity":"","overlay-gradient":""},"mobile":{"background-color":"var(--ast-global-color-5)","background-image":"","background-repeat":"repeat","background-position":"center center","background-size":"auto","background-attachment":"scroll","background-type":"","background-media":"","overlay-type":"","overlay-color":"","overlay-opacity":"","overlay-gradient":""}},"spay_email":""},"product_cat":[168,167,74],"product_tag":[],"_links":{"self":[{"href":"https:\/\/jugueterialudico.com.ar\/index.php?rest_route=\/wp\/v2\/product\/25128"}],"collection":[{"href":"https:\/\/jugueterialudico.com.ar\/index.php?rest_route=\/wp\/v2\/product"}],"about":[{"href":"https:\/\/jugueterialudico.com.ar\/index.php?rest_route=\/wp\/v2\/types\/product"}],"replies":[{"embeddable":true,"href":"https:\/\/jugueterialudico.com.ar\/index.php?rest_route=%2Fwp%2Fv2%2Fcomments&post=25128"}],"wp:featuredmedia":[{"embeddable":true,"href":"https:\/\/jugueterialudico.com.ar\/index.php?rest_route=\/wp\/v2\/media\/25130"}],"wp:attachment":[{"href":"https:\/\/jugueterialudico.com.ar\/index.php?rest_route=%2Fwp%2Fv2%2Fmedia&parent=25128"}],"wp:term":[{"taxonomy":"product_cat","embeddable":true,"href":"https:\/\/jugueterialudico.com.ar\/index.php?rest_route=%2Fwp%2Fv2%2Fproduct_cat&post=25128"},{"taxonomy":"product_tag","embeddable":true,"href":"https:\/\/jugueterialudico.com.ar\/index.php?rest_route=%2Fwp%2Fv2%2Fproduct_tag&post=25128"}],"curies":[{"name":"wp","href":"https:\/\/api.w.org\/{rel}","templated":true}]}}