{"id":25133,"date":"2024-08-26T10:56:46","date_gmt":"2024-08-26T13:56:46","guid":{"rendered":"https:\/\/jugueterialudico.com.ar\/?post_type=product&#038;p=25133"},"modified":"2026-02-18T16:18:18","modified_gmt":"2026-02-18T19:18:18","slug":"count-up-035","status":"publish","type":"product","link":"https:\/\/jugueterialudico.com.ar\/?product=count-up-035","title":{"rendered":"COUNT UP &#8211; 035"},"content":{"rendered":"<p>Cada jugador tiene un tablero, un papel de puntos y un pe\u00f3n.<\/p>\n<p>Se da vuelta una carta de restricci\u00f3n con n\u00fameros que no se podr\u00e1n utilizar, por ejemplo 3 &#8211; 5 &#8211; 7.\u00a0 Todos escriben en sus papeles 5 n\u00fameros del 1 al 49 y no pueden terminar en los n\u00fameros de la carta de restricci\u00f3n, ejemplo 13, 25, 37&#8230;<\/p>\n<p>Empiezan a contar 1&#8230;2&#8230;3&#8230;4.. Cuando alquien escucha uno de sus n\u00fameros levanta la mano y dice M\u00cdO&#8230;si nadie m\u00e1s anot\u00f3 ese n\u00famero, se apodera del conteo y contin\u00faa contando y va avanzando con su pe\u00f3n en su tablero personal, una casilla por cada n\u00famero, hasta que alguien dice M\u00cdO y ah\u00ed frena, ya que otro se apoder\u00f3 del conteo.<\/p>\n<p>Si mas de un jugador anot\u00f3 el mismo n\u00famero y se escuchan 2 o m\u00e1s M\u00cdO&#8230;deben tachar cada uno ese n\u00famero en su papel y seguir contando, SIN AVANZAR en el tablero. El punto extra que gana cada uno de ellos por tachar se encuentra en el borde superior del circulo tachado.<\/p>\n<p>Cuando se cuenta hasta el 49, se acaba la ronda, se cuentan los puntos extras por cada n\u00famero tachado m\u00e1s el n\u00famero que queda en el tablero seg\u00fan se haya avanzado. y se inicia una nueva ronda.<\/p>\n<p>Luego de 4 rondas, se suma el puntaje total y se obtiene un ganador. Si alguien logra sumar m\u00e1s de 20 puntos en 2 rondas, autom\u00e1ticamente se convierte en ganador.<\/p>\n<p>&nbsp;<\/p>\n<p><strong>Jugadores:\u00a0<\/strong>3 a 7 jugadores<br \/>\n<strong>Tiempo:<\/strong>\u00a010 minutos<br \/>\n<strong>Edad:<\/strong>\u00a06 a 99\u00a0a\u00f1os<\/p>\n","protected":false},"excerpt":{"rendered":"<h3><strong>COUNT UP\u00a0<\/strong><\/h3>\n<p>Un juego simple y entretenido donde tendr\u00e1s que predecir qu\u00e9 n\u00fameros elegir\u00e1n tus rivales y usarlo\u00a0a tu favor,\u00a0evitando usar los mismos para avanzar en el tablero, o repetirlo y ganar puntos extras.<\/p>\n","protected":false},"featured_media":25134,"comment_status":"open","ping_status":"closed","template":"","meta":{"site-sidebar-layout":"default","site-content-layout":"","ast-site-content-layout":"default","site-content-style":"default","site-sidebar-style":"default","ast-global-header-display":"","ast-banner-title-visibility":"","ast-main-header-display":"","ast-hfb-above-header-display":"","ast-hfb-below-header-display":"","ast-hfb-mobile-header-display":"","site-post-title":"","ast-breadcrumbs-content":"","ast-featured-img":"","footer-sml-layout":"","theme-transparent-header-meta":"default","adv-header-id-meta":"","stick-header-meta":"","header-above-stick-meta":"","header-main-stick-meta":"","header-below-stick-meta":"","astra-migrate-meta-layouts":"set","ast-page-background-enabled":"default","ast-page-background-meta":{"desktop":{"background-color":"","background-image":"","background-repeat":"repeat","background-position":"center center","background-size":"auto","background-attachment":"scroll","background-type":"","background-media":"","overlay-type":"","overlay-color":"","overlay-opacity":"","overlay-gradient":""},"tablet":{"background-color":"","background-image":"","background-repeat":"repeat","background-position":"center center","background-size":"auto","background-attachment":"scroll","background-type":"","background-media":"","overlay-type":"","overlay-color":"","overlay-opacity":"","overlay-gradient":""},"mobile":{"background-color":"","background-image":"","background-repeat":"repeat","background-position":"center center","background-size":"auto","background-attachment":"scroll","background-type":"","background-media":"","overlay-type":"","overlay-color":"","overlay-opacity":"","overlay-gradient":""}},"ast-content-background-meta":{"desktop":{"background-color":"var(--ast-global-color-5)","background-image":"","background-repeat":"repeat","background-position":"center center","background-size":"auto","background-attachment":"scroll","background-type":"","background-media":"","overlay-type":"","overlay-color":"","overlay-opacity":"","overlay-gradient":""},"tablet":{"background-color":"var(--ast-global-color-5)","background-image":"","background-repeat":"repeat","background-position":"center center","background-size":"auto","background-attachment":"scroll","background-type":"","background-media":"","overlay-type":"","overlay-color":"","overlay-opacity":"","overlay-gradient":""},"mobile":{"background-color":"var(--ast-global-color-5)","background-image":"","background-repeat":"repeat","background-position":"center center","background-size":"auto","background-attachment":"scroll","background-type":"","background-media":"","overlay-type":"","overlay-color":"","overlay-opacity":"","overlay-gradient":""}},"spay_email":""},"product_cat":[168,166,167,74],"product_tag":[],"_links":{"self":[{"href":"https:\/\/jugueterialudico.com.ar\/index.php?rest_route=\/wp\/v2\/product\/25133"}],"collection":[{"href":"https:\/\/jugueterialudico.com.ar\/index.php?rest_route=\/wp\/v2\/product"}],"about":[{"href":"https:\/\/jugueterialudico.com.ar\/index.php?rest_route=\/wp\/v2\/types\/product"}],"replies":[{"embeddable":true,"href":"https:\/\/jugueterialudico.com.ar\/index.php?rest_route=%2Fwp%2Fv2%2Fcomments&post=25133"}],"wp:featuredmedia":[{"embeddable":true,"href":"https:\/\/jugueterialudico.com.ar\/index.php?rest_route=\/wp\/v2\/media\/25134"}],"wp:attachment":[{"href":"https:\/\/jugueterialudico.com.ar\/index.php?rest_route=%2Fwp%2Fv2%2Fmedia&parent=25133"}],"wp:term":[{"taxonomy":"product_cat","embeddable":true,"href":"https:\/\/jugueterialudico.com.ar\/index.php?rest_route=%2Fwp%2Fv2%2Fproduct_cat&post=25133"},{"taxonomy":"product_tag","embeddable":true,"href":"https:\/\/jugueterialudico.com.ar\/index.php?rest_route=%2Fwp%2Fv2%2Fproduct_tag&post=25133"}],"curies":[{"name":"wp","href":"https:\/\/api.w.org\/{rel}","templated":true}]}}