{"id":25280,"date":"2024-10-31T10:14:56","date_gmt":"2024-10-31T13:14:56","guid":{"rendered":"https:\/\/jugueterialudico.com.ar\/?post_type=product&#038;p=25280"},"modified":"2025-11-18T17:21:09","modified_gmt":"2025-11-18T20:21:09","slug":"celina-015","status":"publish","type":"product","link":"https:\/\/jugueterialudico.com.ar\/?product=celina-015","title":{"rendered":"CELINA &#8211; 015"},"content":{"rendered":"<p>\ud83c\udfbc\ud83c\udfb5CELINA \ud83c\udfb6<\/p>\n<p>Es un instrumento doble funcion:<br \/>\npiano \/ xilofon<br \/>\ncon 8 notas musicales<br \/>\nen su posicion vertical le dan el sonido al piano, y cuando lo desmontamos tenemos un xilofon simple para tocar.<\/p>\n<p>Adem\u00e1s, a los peque\u00f1os les encanta jugar con el debido a la necesidad de energ\u00eda, el sonido y sus bonitos colores.<br \/>\n*Estimula el sentido r\u00edtmico.<br \/>\n*Favorece los movimientos \u00e1giles.<br \/>\n*Tambi\u00e9n es maravilloso para estimular la coordinaci\u00f3n \u00f3culo-manual.<br \/>\n*Ayuda a favorecer la capacidad de concentraci\u00f3n.<\/p>\n<p>&nbsp;<\/p>\n<p>&nbsp;<\/p>\n<p><b>Edad Recomendada<\/b>\u00a0+3<br \/>\n<b>Tama\u00f1o<\/b>\u00a030 X 30 X 20<br \/>\n<b>Peso<\/b>\u00a02.800g<\/p>\n<p>&nbsp;<\/p>\n<p>&nbsp;<\/p>\n","protected":false},"excerpt":{"rendered":"<p>\ud83c\udfbc\ud83c\udfb5CELINA \ud83c\udfb6 Es un instrumento doble funcion: piano \/ xilofon con 8 notas musicales en su posicion vertical le dan el sonido al piano, y cuando lo desmontamos tenemos un xilofon simple para tocar. Adem\u00e1s, a los peque\u00f1os les encanta jugar con el debido a la necesidad de energ\u00eda, el sonido y sus bonitos colores. [&hellip;]<\/p>\n","protected":false},"featured_media":25281,"comment_status":"open","ping_status":"closed","template":"","meta":{"site-sidebar-layout":"default","site-content-layout":"","ast-site-content-layout":"default","site-content-style":"default","site-sidebar-style":"default","ast-global-header-display":"","ast-banner-title-visibility":"","ast-main-header-display":"","ast-hfb-above-header-display":"","ast-hfb-below-header-display":"","ast-hfb-mobile-header-display":"","site-post-title":"","ast-breadcrumbs-content":"","ast-featured-img":"","footer-sml-layout":"","theme-transparent-header-meta":"default","adv-header-id-meta":"","stick-header-meta":"","header-above-stick-meta":"","header-main-stick-meta":"","header-below-stick-meta":"","astra-migrate-meta-layouts":"set","ast-page-background-enabled":"default","ast-page-background-meta":{"desktop":{"background-color":"","background-image":"","background-repeat":"repeat","background-position":"center center","background-size":"auto","background-attachment":"scroll","background-type":"","background-media":"","overlay-type":"","overlay-color":"","overlay-opacity":"","overlay-gradient":""},"tablet":{"background-color":"","background-image":"","background-repeat":"repeat","background-position":"center center","background-size":"auto","background-attachment":"scroll","background-type":"","background-media":"","overlay-type":"","overlay-color":"","overlay-opacity":"","overlay-gradient":""},"mobile":{"background-color":"","background-image":"","background-repeat":"repeat","background-position":"center center","background-size":"auto","background-attachment":"scroll","background-type":"","background-media":"","overlay-type":"","overlay-color":"","overlay-opacity":"","overlay-gradient":""}},"ast-content-background-meta":{"desktop":{"background-color":"var(--ast-global-color-5)","background-image":"","background-repeat":"repeat","background-position":"center center","background-size":"auto","background-attachment":"scroll","background-type":"","background-media":"","overlay-type":"","overlay-color":"","overlay-opacity":"","overlay-gradient":""},"tablet":{"background-color":"var(--ast-global-color-5)","background-image":"","background-repeat":"repeat","background-position":"center center","background-size":"auto","background-attachment":"scroll","background-type":"","background-media":"","overlay-type":"","overlay-color":"","overlay-opacity":"","overlay-gradient":""},"mobile":{"background-color":"var(--ast-global-color-5)","background-image":"","background-repeat":"repeat","background-position":"center center","background-size":"auto","background-attachment":"scroll","background-type":"","background-media":"","overlay-type":"","overlay-color":"","overlay-opacity":"","overlay-gradient":""}},"spay_email":""},"product_cat":[164,165,166,167,200,146,205,93,73,208],"product_tag":[],"_links":{"self":[{"href":"https:\/\/jugueterialudico.com.ar\/index.php?rest_route=\/wp\/v2\/product\/25280"}],"collection":[{"href":"https:\/\/jugueterialudico.com.ar\/index.php?rest_route=\/wp\/v2\/product"}],"about":[{"href":"https:\/\/jugueterialudico.com.ar\/index.php?rest_route=\/wp\/v2\/types\/product"}],"replies":[{"embeddable":true,"href":"https:\/\/jugueterialudico.com.ar\/index.php?rest_route=%2Fwp%2Fv2%2Fcomments&post=25280"}],"wp:featuredmedia":[{"embeddable":true,"href":"https:\/\/jugueterialudico.com.ar\/index.php?rest_route=\/wp\/v2\/media\/25281"}],"wp:attachment":[{"href":"https:\/\/jugueterialudico.com.ar\/index.php?rest_route=%2Fwp%2Fv2%2Fmedia&parent=25280"}],"wp:term":[{"taxonomy":"product_cat","embeddable":true,"href":"https:\/\/jugueterialudico.com.ar\/index.php?rest_route=%2Fwp%2Fv2%2Fproduct_cat&post=25280"},{"taxonomy":"product_tag","embeddable":true,"href":"https:\/\/jugueterialudico.com.ar\/index.php?rest_route=%2Fwp%2Fv2%2Fproduct_tag&post=25280"}],"curies":[{"name":"wp","href":"https:\/\/api.w.org\/{rel}","templated":true}]}}