{"id":25313,"date":"2024-10-31T11:18:49","date_gmt":"2024-10-31T14:18:49","guid":{"rendered":"https:\/\/jugueterialudico.com.ar\/?post_type=product&#038;p=25313"},"modified":"2026-02-03T11:48:52","modified_gmt":"2026-02-03T14:48:52","slug":"que-forma-tienen-las-nubes-014","status":"publish","type":"product","link":"https:\/\/jugueterialudico.com.ar\/?product=que-forma-tienen-las-nubes-014","title":{"rendered":"\u00bfQUE FORMA TIENEN LAS NUBES? &#8211; 014"},"content":{"rendered":"<h1 id=\"product-name\" class=\"product-name h2 h4-xs\" data-store=\"product-name-221255758\" data-component=\"product.name\" data-component-value=\"\u00bfQUE FORMA TIENEN LAS NUBES? Un juego de observaci\u00f3n y creatividad \u2601\ufe0f para los que est\u00e1n en las nubes.\">Un juego de observaci\u00f3n y creatividad \u2601\ufe0f para los que est\u00e1n en las nubes.<\/h1>\n<p style=\"font-weight: 400;\"><b><strong>\u00a1En un minuto, hay que construir y reconocer todas las formas que puedas! B<\/strong><\/b>usca armar y representar con cordones el objeto que ves, construyendo el contorno de la figura como si fuera una nube.<\/p>\n<p style=\"font-weight: 400;\">Un\u00a0 juego inspirado en el cl\u00e1sico reto de los viajes mirando por las ventanas, cuando imaginamos que forma tienen las nubes. Mirar al cielo, y buscar figuras, tratar de encontrarles forma a las nubes con la imaginaci\u00f3n.<\/p>\n<p style=\"font-weight: 400;\">Cuanto m\u00e1s hayas jugado e inventado formas con las nubes del cielo, m\u00e1s f\u00e1cil te resultar\u00e1 crear y adivinar las diferentes figuras creadas con los cordones de este juego.<\/p>\n<p style=\"font-weight: 400;\">\n<p style=\"font-weight: 400;\"><b><strong>Contiene:<\/strong><\/b><\/p>\n<p style=\"font-weight: 400;\">2 cordones &#8211; 48 fichas con im\u00e1genes \u2013 1 reloj de arena \u2013 gotas de lluvia (cuentas azules)<\/p>\n<p style=\"font-weight: 400;\">3 a 5 jugadores-<\/p>\n<p style=\"font-weight: 400;\"><b><strong>\u00a0+ 6 a 99 a\u00f1os<\/strong><\/b><\/p>\n","protected":false},"excerpt":{"rendered":"<p>Un juego de observaci\u00f3n y creatividad \u2601\ufe0f para los que est\u00e1n en las nubes. \u00a1En un minuto, hay que construir y reconocer todas las formas que puedas! Busca armar y representar con cordones el objeto que ves, construyendo el contorno de la figura como si fuera una nube. Un\u00a0 juego inspirado en el cl\u00e1sico reto [&hellip;]<\/p>\n","protected":false},"featured_media":25314,"comment_status":"open","ping_status":"closed","template":"","meta":{"site-sidebar-layout":"default","site-content-layout":"","ast-site-content-layout":"default","site-content-style":"default","site-sidebar-style":"default","ast-global-header-display":"","ast-banner-title-visibility":"","ast-main-header-display":"","ast-hfb-above-header-display":"","ast-hfb-below-header-display":"","ast-hfb-mobile-header-display":"","site-post-title":"","ast-breadcrumbs-content":"","ast-featured-img":"","footer-sml-layout":"","theme-transparent-header-meta":"default","adv-header-id-meta":"","stick-header-meta":"","header-above-stick-meta":"","header-main-stick-meta":"","header-below-stick-meta":"","astra-migrate-meta-layouts":"set","ast-page-background-enabled":"default","ast-page-background-meta":{"desktop":{"background-color":"","background-image":"","background-repeat":"repeat","background-position":"center center","background-size":"auto","background-attachment":"scroll","background-type":"","background-media":"","overlay-type":"","overlay-color":"","overlay-opacity":"","overlay-gradient":""},"tablet":{"background-color":"","background-image":"","background-repeat":"repeat","background-position":"center center","background-size":"auto","background-attachment":"scroll","background-type":"","background-media":"","overlay-type":"","overlay-color":"","overlay-opacity":"","overlay-gradient":""},"mobile":{"background-color":"","background-image":"","background-repeat":"repeat","background-position":"center center","background-size":"auto","background-attachment":"scroll","background-type":"","background-media":"","overlay-type":"","overlay-color":"","overlay-opacity":"","overlay-gradient":""}},"ast-content-background-meta":{"desktop":{"background-color":"var(--ast-global-color-5)","background-image":"","background-repeat":"repeat","background-position":"center center","background-size":"auto","background-attachment":"scroll","background-type":"","background-media":"","overlay-type":"","overlay-color":"","overlay-opacity":"","overlay-gradient":""},"tablet":{"background-color":"var(--ast-global-color-5)","background-image":"","background-repeat":"repeat","background-position":"center center","background-size":"auto","background-attachment":"scroll","background-type":"","background-media":"","overlay-type":"","overlay-color":"","overlay-opacity":"","overlay-gradient":""},"mobile":{"background-color":"var(--ast-global-color-5)","background-image":"","background-repeat":"repeat","background-position":"center center","background-size":"auto","background-attachment":"scroll","background-type":"","background-media":"","overlay-type":"","overlay-color":"","overlay-opacity":"","overlay-gradient":""}},"spay_email":""},"product_cat":[185,166,167,74,208],"product_tag":[],"_links":{"self":[{"href":"https:\/\/jugueterialudico.com.ar\/index.php?rest_route=\/wp\/v2\/product\/25313"}],"collection":[{"href":"https:\/\/jugueterialudico.com.ar\/index.php?rest_route=\/wp\/v2\/product"}],"about":[{"href":"https:\/\/jugueterialudico.com.ar\/index.php?rest_route=\/wp\/v2\/types\/product"}],"replies":[{"embeddable":true,"href":"https:\/\/jugueterialudico.com.ar\/index.php?rest_route=%2Fwp%2Fv2%2Fcomments&post=25313"}],"wp:featuredmedia":[{"embeddable":true,"href":"https:\/\/jugueterialudico.com.ar\/index.php?rest_route=\/wp\/v2\/media\/25314"}],"wp:attachment":[{"href":"https:\/\/jugueterialudico.com.ar\/index.php?rest_route=%2Fwp%2Fv2%2Fmedia&parent=25313"}],"wp:term":[{"taxonomy":"product_cat","embeddable":true,"href":"https:\/\/jugueterialudico.com.ar\/index.php?rest_route=%2Fwp%2Fv2%2Fproduct_cat&post=25313"},{"taxonomy":"product_tag","embeddable":true,"href":"https:\/\/jugueterialudico.com.ar\/index.php?rest_route=%2Fwp%2Fv2%2Fproduct_tag&post=25313"}],"curies":[{"name":"wp","href":"https:\/\/api.w.org\/{rel}","templated":true}]}}