{"id":25330,"date":"2024-10-31T17:01:49","date_gmt":"2024-10-31T20:01:49","guid":{"rendered":"https:\/\/jugueterialudico.com.ar\/?post_type=product&#038;p=25330"},"modified":"2026-02-10T16:49:54","modified_gmt":"2026-02-10T19:49:54","slug":"cubos-escalera-061","status":"publish","type":"product","link":"https:\/\/jugueterialudico.com.ar\/?product=cubos-escalera-061","title":{"rendered":"CUBOS ESCALERA &#8211; 061"},"content":{"rendered":"<p><strong>Cada cubo contiene sonajero, texturas y otros soniditos ideales para los mas peques.<\/strong><\/p>\n<p><strong>Contiene bolsita transparente para transportarlos.<\/strong><\/p>\n<p><em>Los cubos de tela son juguetes muy beneficiosos para los beb\u00e9s, ya que ofrecen una variedad de est\u00edmulos y oportunidades de aprendizaje. Aqu\u00ed hay algunos de los beneficios m\u00e1s importantes:<\/em><\/p>\n<ol>\n<li><em><strong>Desarrollo motor<\/strong>: Manipular y apilar cubos de tela ayuda a los beb\u00e9s a desarrollar habilidades motoras finas y gruesas. El agarre, la manipulaci\u00f3n y el apilamiento de los cubos fortalecen los m\u00fasculos de las manos y los dedos, as\u00ed como la coordinaci\u00f3n ojo-mano.<\/em><\/li>\n<li><em><strong>Estimulaci\u00f3n cognitiva<\/strong>: Los cubos de tela pueden presentar patrones, n\u00fameros, letras y formas, lo que puede ayudar a los beb\u00e9s a aprender conceptos b\u00e1sicos como el reconocimiento de colores, el conteo y la identificaci\u00f3n de formas.<\/em><\/li>\n<li><em><strong>Juego seguro<\/strong>: Los cubos de tela son suaves y seguros para los beb\u00e9s, lo que reduce el riesgo de lesiones durante el juego. Esto permite que los beb\u00e9s exploren y jueguen libremente sin que los padres tengan que preocuparse por posibles accidentes.<\/em><\/li>\n<\/ol>\n<p><strong>Edad Recomendada:<\/strong>\u00a00 a 12 meses<\/p>\n<p><strong>Tama\u00f1o aproximado:\u00a0<\/strong>16&#215;16, 14&#215;14, 12&#215;12, 10&#215;10 y 8&#215;8 cm.<\/p>\n","protected":false},"excerpt":{"rendered":"<h3>CUBOS DE TELA ESCALERA<\/h3>\n<p>&nbsp;<\/p>\n<p>5 cubos de tela con dise\u00f1o de hermosos animalitos, adem\u00e1s en las diferentes caras del cubo se encuentran las vocales, los n\u00fameros, y estampado de bellas im\u00e1genes, para que reconozcan y aprendan jugando.<\/p>\n<p>&nbsp;<\/p>\n","protected":false},"featured_media":25333,"comment_status":"open","ping_status":"closed","template":"","meta":{"site-sidebar-layout":"default","site-content-layout":"","ast-site-content-layout":"default","site-content-style":"default","site-sidebar-style":"default","ast-global-header-display":"","ast-banner-title-visibility":"","ast-main-header-display":"","ast-hfb-above-header-display":"","ast-hfb-below-header-display":"","ast-hfb-mobile-header-display":"","site-post-title":"","ast-breadcrumbs-content":"","ast-featured-img":"","footer-sml-layout":"","theme-transparent-header-meta":"default","adv-header-id-meta":"","stick-header-meta":"","header-above-stick-meta":"","header-main-stick-meta":"","header-below-stick-meta":"","astra-migrate-meta-layouts":"set","ast-page-background-enabled":"default","ast-page-background-meta":{"desktop":{"background-color":"","background-image":"","background-repeat":"repeat","background-position":"center center","background-size":"auto","background-attachment":"scroll","background-type":"","background-media":"","overlay-type":"","overlay-color":"","overlay-opacity":"","overlay-gradient":""},"tablet":{"background-color":"","background-image":"","background-repeat":"repeat","background-position":"center center","background-size":"auto","background-attachment":"scroll","background-type":"","background-media":"","overlay-type":"","overlay-color":"","overlay-opacity":"","overlay-gradient":""},"mobile":{"background-color":"","background-image":"","background-repeat":"repeat","background-position":"center center","background-size":"auto","background-attachment":"scroll","background-type":"","background-media":"","overlay-type":"","overlay-color":"","overlay-opacity":"","overlay-gradient":""}},"ast-content-background-meta":{"desktop":{"background-color":"var(--ast-global-color-5)","background-image":"","background-repeat":"repeat","background-position":"center center","background-size":"auto","background-attachment":"scroll","background-type":"","background-media":"","overlay-type":"","overlay-color":"","overlay-opacity":"","overlay-gradient":""},"tablet":{"background-color":"var(--ast-global-color-5)","background-image":"","background-repeat":"repeat","background-position":"center center","background-size":"auto","background-attachment":"scroll","background-type":"","background-media":"","overlay-type":"","overlay-color":"","overlay-opacity":"","overlay-gradient":""},"mobile":{"background-color":"var(--ast-global-color-5)","background-image":"","background-repeat":"repeat","background-position":"center center","background-size":"auto","background-attachment":"scroll","background-type":"","background-media":"","overlay-type":"","overlay-color":"","overlay-opacity":"","overlay-gradient":""}},"spay_email":""},"product_cat":[162,161,76,159],"product_tag":[],"_links":{"self":[{"href":"https:\/\/jugueterialudico.com.ar\/index.php?rest_route=\/wp\/v2\/product\/25330"}],"collection":[{"href":"https:\/\/jugueterialudico.com.ar\/index.php?rest_route=\/wp\/v2\/product"}],"about":[{"href":"https:\/\/jugueterialudico.com.ar\/index.php?rest_route=\/wp\/v2\/types\/product"}],"replies":[{"embeddable":true,"href":"https:\/\/jugueterialudico.com.ar\/index.php?rest_route=%2Fwp%2Fv2%2Fcomments&post=25330"}],"wp:featuredmedia":[{"embeddable":true,"href":"https:\/\/jugueterialudico.com.ar\/index.php?rest_route=\/wp\/v2\/media\/25333"}],"wp:attachment":[{"href":"https:\/\/jugueterialudico.com.ar\/index.php?rest_route=%2Fwp%2Fv2%2Fmedia&parent=25330"}],"wp:term":[{"taxonomy":"product_cat","embeddable":true,"href":"https:\/\/jugueterialudico.com.ar\/index.php?rest_route=%2Fwp%2Fv2%2Fproduct_cat&post=25330"},{"taxonomy":"product_tag","embeddable":true,"href":"https:\/\/jugueterialudico.com.ar\/index.php?rest_route=%2Fwp%2Fv2%2Fproduct_tag&post=25330"}],"curies":[{"name":"wp","href":"https:\/\/api.w.org\/{rel}","templated":true}]}}