{"id":25349,"date":"2024-10-31T18:07:55","date_gmt":"2024-10-31T21:07:55","guid":{"rendered":"https:\/\/jugueterialudico.com.ar\/?post_type=product&#038;p=25349"},"modified":"2026-02-10T16:49:29","modified_gmt":"2026-02-10T19:49:29","slug":"cubo-mar-12x12-061","status":"publish","type":"product","link":"https:\/\/jugueterialudico.com.ar\/?product=cubo-mar-12x12-061","title":{"rendered":"CUBO MAR 12&#215;12 &#8211; 061"},"content":{"rendered":"<p><em>Los cubos did\u00e1cticos ofrecen una serie de beneficios importantes para el desarrollo de los beb\u00e9s:<\/em><\/p>\n<ol>\n<li><em><strong>Estimulaci\u00f3n sensorial:<\/strong>\u00a0las texturas, colores y formas estimulan , promoviendo el desarrollo sensorial y la exploraci\u00f3n t\u00e1ctil y visual.<\/em><\/li>\n<li><em><strong>Desarrollo motor:<\/strong>\u00a0Manipularlos\u00a0 ayuda a desarrollar las habilidades motoras finas y gruesas , como agarrar, lanzar, apilar, rodar y manipular objetos. Esto fortalece los m\u00fasculos de las manos y los dedos, as\u00ed como la coordinaci\u00f3n mano-ojo.<\/em><\/li>\n<li><em><strong>Estimulaci\u00f3n del juego imaginativo:<\/strong>\u00a0 pueden convertirse en elementos vers\u00e1tiles para el juego imaginativo. Pueden representar diferentes objetos o ser utilizados en escenarios imaginarios, fomentando la creatividad y la imaginaci\u00f3n.<\/em><\/li>\n<li><em><strong>Desarrollo del lenguaje:<\/strong> Al interactuar con los cubos, describiendo los colores, formas y acciones asociadas con ellos, lo que ayuda a enriquecer el vocabulario del beb\u00e9 y fomentar el desarrollo del lenguaje.<\/em><\/li>\n<\/ol>\n<p>&nbsp;<\/p>\n<p>Miden 12x12x12<\/p>\n<p>Esta relleno de goma espuma<\/p>\n","protected":false},"excerpt":{"rendered":"<h3>Cubo sensorial de tela<\/h3>\n<p>&nbsp;<\/p>\n<div class=\"woocommerce-product-details__short-description\">\n<p><strong>Con texturas, sonidos y hermoso dise\u00f1o de mar.<\/strong><\/p>\n<\/div>\n<form class=\"cart\" action=\"https:\/\/jugueterialudico.com.ar\/?product=cubo-selva-12x12-061\" enctype=\"multipart\/form-data\" method=\"post\">\n<div class=\"quantity\"><\/div>\n<\/form>\n","protected":false},"featured_media":25351,"comment_status":"open","ping_status":"closed","template":"","meta":{"site-sidebar-layout":"default","site-content-layout":"","ast-site-content-layout":"default","site-content-style":"default","site-sidebar-style":"default","ast-global-header-display":"","ast-banner-title-visibility":"","ast-main-header-display":"","ast-hfb-above-header-display":"","ast-hfb-below-header-display":"","ast-hfb-mobile-header-display":"","site-post-title":"","ast-breadcrumbs-content":"","ast-featured-img":"","footer-sml-layout":"","theme-transparent-header-meta":"default","adv-header-id-meta":"","stick-header-meta":"","header-above-stick-meta":"","header-main-stick-meta":"","header-below-stick-meta":"","astra-migrate-meta-layouts":"set","ast-page-background-enabled":"default","ast-page-background-meta":{"desktop":{"background-color":"","background-image":"","background-repeat":"repeat","background-position":"center center","background-size":"auto","background-attachment":"scroll","background-type":"","background-media":"","overlay-type":"","overlay-color":"","overlay-opacity":"","overlay-gradient":""},"tablet":{"background-color":"","background-image":"","background-repeat":"repeat","background-position":"center center","background-size":"auto","background-attachment":"scroll","background-type":"","background-media":"","overlay-type":"","overlay-color":"","overlay-opacity":"","overlay-gradient":""},"mobile":{"background-color":"","background-image":"","background-repeat":"repeat","background-position":"center center","background-size":"auto","background-attachment":"scroll","background-type":"","background-media":"","overlay-type":"","overlay-color":"","overlay-opacity":"","overlay-gradient":""}},"ast-content-background-meta":{"desktop":{"background-color":"var(--ast-global-color-5)","background-image":"","background-repeat":"repeat","background-position":"center center","background-size":"auto","background-attachment":"scroll","background-type":"","background-media":"","overlay-type":"","overlay-color":"","overlay-opacity":"","overlay-gradient":""},"tablet":{"background-color":"var(--ast-global-color-5)","background-image":"","background-repeat":"repeat","background-position":"center center","background-size":"auto","background-attachment":"scroll","background-type":"","background-media":"","overlay-type":"","overlay-color":"","overlay-opacity":"","overlay-gradient":""},"mobile":{"background-color":"var(--ast-global-color-5)","background-image":"","background-repeat":"repeat","background-position":"center center","background-size":"auto","background-attachment":"scroll","background-type":"","background-media":"","overlay-type":"","overlay-color":"","overlay-opacity":"","overlay-gradient":""}},"spay_email":""},"product_cat":[162,161,151,76,159],"product_tag":[],"_links":{"self":[{"href":"https:\/\/jugueterialudico.com.ar\/index.php?rest_route=\/wp\/v2\/product\/25349"}],"collection":[{"href":"https:\/\/jugueterialudico.com.ar\/index.php?rest_route=\/wp\/v2\/product"}],"about":[{"href":"https:\/\/jugueterialudico.com.ar\/index.php?rest_route=\/wp\/v2\/types\/product"}],"replies":[{"embeddable":true,"href":"https:\/\/jugueterialudico.com.ar\/index.php?rest_route=%2Fwp%2Fv2%2Fcomments&post=25349"}],"wp:featuredmedia":[{"embeddable":true,"href":"https:\/\/jugueterialudico.com.ar\/index.php?rest_route=\/wp\/v2\/media\/25351"}],"wp:attachment":[{"href":"https:\/\/jugueterialudico.com.ar\/index.php?rest_route=%2Fwp%2Fv2%2Fmedia&parent=25349"}],"wp:term":[{"taxonomy":"product_cat","embeddable":true,"href":"https:\/\/jugueterialudico.com.ar\/index.php?rest_route=%2Fwp%2Fv2%2Fproduct_cat&post=25349"},{"taxonomy":"product_tag","embeddable":true,"href":"https:\/\/jugueterialudico.com.ar\/index.php?rest_route=%2Fwp%2Fv2%2Fproduct_tag&post=25349"}],"curies":[{"name":"wp","href":"https:\/\/api.w.org\/{rel}","templated":true}]}}