{"id":25353,"date":"2024-10-31T19:05:02","date_gmt":"2024-10-31T22:05:02","guid":{"rendered":"https:\/\/jugueterialudico.com.ar\/?post_type=product&#038;p=25353"},"modified":"2025-10-17T18:45:25","modified_gmt":"2025-10-17T21:45:25","slug":"apilable-futbol-072","status":"publish","type":"product","link":"https:\/\/jugueterialudico.com.ar\/?product=apilable-futbol-072","title":{"rendered":"APILABLE FUTBOL &#8211; 072"},"content":{"rendered":"<div class=\"WaaZC\">\n<div class=\"RJPOee EIJn2\">\n<div class=\"rPeykc uP58nb MNX06c\" data-hveid=\"CAMQAQ\" data-ved=\"2ahUKEwiykY3az7mJAxWkDrkGHcCkE54Qo_EKegQIAxAB\"><em><span role=\"heading\" aria-level=\"2\">Los rompecabezas pueden ser muy beneficiosos para el desarrollo de los ni\u00f1os, ya que\u00a0<mark class=\"QVRyCf\">ayudan a desarrollar habilidades cognitivas esenciales<\/mark>, como:<\/span><\/em><\/div>\n<\/div>\n<\/div>\n<div class=\"WaaZC\">\n<div class=\"RJPOee EIJn2\">\n<ul>\n<li><em><strong>Memoria visual<\/strong>:\u00a0Los ni\u00f1os ejercitan su memoria visual para recordar c\u00f3mo era la imagen y volver a montarla.<span class=\"UV3uM\">\u00a0<\/span><\/em>\n<div class=\"NPrrbc\" data-cid=\"_k_4jZ_L7EqSd5OUPwMnO8Ak_12\">\n<div class=\"BMebGe btku5b k0Jjg fCrZyc LwdV0e FR7ZSc OJeuxf\" tabindex=\"0\" role=\"button\" aria-label=\"Expandir\" data-hveid=\"CA0QAQ\" data-ved=\"2ahUKEwiykY3az7mJAxWkDrkGHcCkE54Q3fYKegQIDRAB\">\n<div class=\"niO4u\">\n<div class=\"kHtcsd\"><\/div>\n<\/div>\n<\/div>\n<\/div>\n<\/li>\n<li><em><strong>Percepci\u00f3n espacial<\/strong>:\u00a0Los ni\u00f1os mejoran su percepci\u00f3n espacial a medida que manipulan las piezas y descubren d\u00f3nde encajan.<span class=\"UV3uM\">\u00a0<\/span><\/em>\n<div class=\"NPrrbc\" data-cid=\"_k_4jZ_L7EqSd5OUPwMnO8Ak_23\">\n<div class=\"BMebGe btku5b k0Jjg fCrZyc LwdV0e FR7ZSc OJeuxf\" tabindex=\"0\" role=\"button\" aria-label=\"Expandir\" data-hveid=\"CBUQAQ\" data-ved=\"2ahUKEwiykY3az7mJAxWkDrkGHcCkE54Q3fYKegQIFRAB\">\n<div class=\"niO4u\">\n<div class=\"kHtcsd\"><\/div>\n<\/div>\n<\/div>\n<\/div>\n<\/li>\n<li><em><strong>Coordinaci\u00f3n mano-ojo<\/strong>:\u00a0Los ni\u00f1os mejoran su coordinaci\u00f3n mano-ojo al manipular las piezas.<span class=\"UV3uM\">\u00a0<\/span><\/em>\n<div class=\"NPrrbc\" data-cid=\"_k_4jZ_L7EqSd5OUPwMnO8Ak_14\">\n<div class=\"BMebGe btku5b k0Jjg fCrZyc LwdV0e FR7ZSc OJeuxf\" tabindex=\"0\" role=\"button\" aria-label=\"Expandir\" data-hveid=\"CA8QAQ\" data-ved=\"2ahUKEwiykY3az7mJAxWkDrkGHcCkE54Q3fYKegQIDxAB\"><\/div>\n<\/div>\n<\/li>\n<li><em><strong>Motricidad fina<\/strong>:\u00a0Los ni\u00f1os desarrollan su motricidad fina, que son los peque\u00f1os movimientos que realiza el cuerpo.<span class=\"UV3uM\">\u00a0<\/span><\/em>\n<div class=\"NPrrbc\" data-cid=\"_k_4jZ_L7EqSd5OUPwMnO8Ak_21\">\n<div class=\"BMebGe btku5b k0Jjg fCrZyc LwdV0e FR7ZSc OJeuxf\" tabindex=\"0\" role=\"button\" aria-label=\"Expandir\" data-hveid=\"CBMQAQ\" data-ved=\"2ahUKEwiykY3az7mJAxWkDrkGHcCkE54Q3fYKegQIExAB\"><\/div>\n<\/div>\n<\/li>\n<li><em><strong>Pensamiento l\u00f3gico<\/strong>:\u00a0Los rompecabezas promueven el pensamiento l\u00f3gico, el razonamiento y la capacidad de resoluci\u00f3n de problemas.<\/em><\/li>\n<\/ul>\n<div class=\"NPrrbc\" data-cid=\"_k_4jZ_L7EqSd5OUPwMnO8Ak_31\">\n<div class=\"BMebGe btku5b k0Jjg fCrZyc LwdV0e FR7ZSc OJeuxf\" tabindex=\"0\" role=\"button\" aria-label=\"Expandir\" data-hveid=\"CB8QAQ\" data-ved=\"2ahUKEwiykY3az7mJAxWkDrkGHcCkE54Q3fYKegQIHxAB\">\n<div class=\"niO4u\">\n<ul>\n<li class=\"kHtcsd\"><em><strong style=\"font-size: 16px;\">Concentraci\u00f3n<\/strong><span style=\"font-size: 16px;\">:\u00a0Los ni\u00f1os desarrollan su capacidad de concentraci\u00f3n, que les lleva a abstraerse del entorno y poner toda su atenci\u00f3n en las piezas.<\/span><span class=\"UV3uM\" style=\"font-size: 16px;\">\u00a0<\/span><\/em><\/li>\n<\/ul>\n<\/div>\n<\/div>\n<\/div>\n<div class=\"NPrrbc\" data-cid=\"_k_4jZ_L7EqSd5OUPwMnO8Ak_13\">\n<div class=\"BMebGe btku5b k0Jjg fCrZyc LwdV0e FR7ZSc OJeuxf\" tabindex=\"0\" role=\"button\" aria-label=\"Expandir\" data-hveid=\"CA4QAQ\" data-ved=\"2ahUKEwiykY3az7mJAxWkDrkGHcCkE54Q3fYKegQIDhAB\">\n<div class=\"niO4u\">\n<ul>\n<li class=\"kHtcsd\"><em><strong style=\"font-size: 16px;\">Paciencia y tolerancia a la frustraci\u00f3n<\/strong><span style=\"font-size: 16px;\">:\u00a0Los ni\u00f1os trabajan la paciencia y la gesti\u00f3n de la frustraci\u00f3n.<\/span><span class=\"UV3uM\" style=\"font-size: 16px;\">\u00a0<\/span><\/em><\/li>\n<\/ul>\n<\/div>\n<\/div>\n<\/div>\n<\/div>\n<\/div>\n","protected":false},"excerpt":{"rendered":"<h3>Cubos rompecabezas de tela<\/h3>\n<p>&nbsp;<\/p>\n<p><strong>Rompecabezas apilables con personajes de las selecciones de f\u00fatbol del mundo.\u00a0<\/strong><\/p>\n<p><strong>Fabricados de jersey de seda estampado.<\/strong><\/p>\n","protected":false},"featured_media":25356,"comment_status":"open","ping_status":"closed","template":"","meta":{"site-sidebar-layout":"default","site-content-layout":"","ast-site-content-layout":"default","site-content-style":"default","site-sidebar-style":"default","ast-global-header-display":"","ast-banner-title-visibility":"","ast-main-header-display":"","ast-hfb-above-header-display":"","ast-hfb-below-header-display":"","ast-hfb-mobile-header-display":"","site-post-title":"","ast-breadcrumbs-content":"","ast-featured-img":"","footer-sml-layout":"","theme-transparent-header-meta":"default","adv-header-id-meta":"","stick-header-meta":"","header-above-stick-meta":"","header-main-stick-meta":"","header-below-stick-meta":"","astra-migrate-meta-layouts":"set","ast-page-background-enabled":"default","ast-page-background-meta":{"desktop":{"background-color":"","background-image":"","background-repeat":"repeat","background-position":"center center","background-size":"auto","background-attachment":"scroll","background-type":"","background-media":"","overlay-type":"","overlay-color":"","overlay-opacity":"","overlay-gradient":""},"tablet":{"background-color":"","background-image":"","background-repeat":"repeat","background-position":"center center","background-size":"auto","background-attachment":"scroll","background-type":"","background-media":"","overlay-type":"","overlay-color":"","overlay-opacity":"","overlay-gradient":""},"mobile":{"background-color":"","background-image":"","background-repeat":"repeat","background-position":"center center","background-size":"auto","background-attachment":"scroll","background-type":"","background-media":"","overlay-type":"","overlay-color":"","overlay-opacity":"","overlay-gradient":""}},"ast-content-background-meta":{"desktop":{"background-color":"var(--ast-global-color-5)","background-image":"","background-repeat":"repeat","background-position":"center center","background-size":"auto","background-attachment":"scroll","background-type":"","background-media":"","overlay-type":"","overlay-color":"","overlay-opacity":"","overlay-gradient":""},"tablet":{"background-color":"var(--ast-global-color-5)","background-image":"","background-repeat":"repeat","background-position":"center center","background-size":"auto","background-attachment":"scroll","background-type":"","background-media":"","overlay-type":"","overlay-color":"","overlay-opacity":"","overlay-gradient":""},"mobile":{"background-color":"var(--ast-global-color-5)","background-image":"","background-repeat":"repeat","background-position":"center center","background-size":"auto","background-attachment":"scroll","background-type":"","background-media":"","overlay-type":"","overlay-color":"","overlay-opacity":"","overlay-gradient":""}},"spay_email":""},"product_cat":[162,161,163,76,159,72],"product_tag":[],"_links":{"self":[{"href":"https:\/\/jugueterialudico.com.ar\/index.php?rest_route=\/wp\/v2\/product\/25353"}],"collection":[{"href":"https:\/\/jugueterialudico.com.ar\/index.php?rest_route=\/wp\/v2\/product"}],"about":[{"href":"https:\/\/jugueterialudico.com.ar\/index.php?rest_route=\/wp\/v2\/types\/product"}],"replies":[{"embeddable":true,"href":"https:\/\/jugueterialudico.com.ar\/index.php?rest_route=%2Fwp%2Fv2%2Fcomments&post=25353"}],"wp:featuredmedia":[{"embeddable":true,"href":"https:\/\/jugueterialudico.com.ar\/index.php?rest_route=\/wp\/v2\/media\/25356"}],"wp:attachment":[{"href":"https:\/\/jugueterialudico.com.ar\/index.php?rest_route=%2Fwp%2Fv2%2Fmedia&parent=25353"}],"wp:term":[{"taxonomy":"product_cat","embeddable":true,"href":"https:\/\/jugueterialudico.com.ar\/index.php?rest_route=%2Fwp%2Fv2%2Fproduct_cat&post=25353"},{"taxonomy":"product_tag","embeddable":true,"href":"https:\/\/jugueterialudico.com.ar\/index.php?rest_route=%2Fwp%2Fv2%2Fproduct_tag&post=25353"}],"curies":[{"name":"wp","href":"https:\/\/api.w.org\/{rel}","templated":true}]}}