{"id":25434,"date":"2024-11-05T17:10:15","date_gmt":"2024-11-05T20:10:15","guid":{"rendered":"https:\/\/jugueterialudico.com.ar\/?post_type=product&#038;p=25434"},"modified":"2024-11-05T17:10:16","modified_gmt":"2024-11-05T20:10:16","slug":"juego-de-ecologia-118","status":"publish","type":"product","link":"https:\/\/jugueterialudico.com.ar\/?product=juego-de-ecologia-118","title":{"rendered":"JUEGO DE ECOLOGIA &#8211; 118"},"content":{"rendered":"<h4>Descripci\u00f3n<\/h4>\n<p align=\"JUSTIFY\"><em><strong>Para cuidar y reciclar nuestros recursos naturales.<\/strong><\/em><br \/>\n<em><strong>Investiga los fen\u00f3menos que alteran y deterioran nuestro planeta.<\/strong><\/em><br \/>\n<em><strong>Esta breve rese\u00f1a pretende hacernos pensar a cerca de los riesgos que corre nuestro planeta Tierra; por el mal uso que hacemos de los recursos naturales.<\/strong><\/em><br \/>\n<em><strong>Por eso tomemos conciencia del problema y colaboremos todos para preservar el medio Ambiente.<\/strong><\/em><br \/>\n<em><strong>Este gabinete de experimentaci\u00f3n nos va a ayudar a comprender mejor los desequilibrios que sufre nuestro planeta. A trav\u00e9s de sencillas experiencias podr\u00e1s entender cada uno de los problemas que lo aquejan.<\/strong><\/em><\/p>\n<p><em><strong>MATERIALES NECESARIOS<\/strong><\/em><br \/>\n<em><strong>Hay muchos materiales que vas a utilizar en tus experimentos ecol\u00f3gicos que no se incluyen en tu laboratorio, porque son de uso corriente en tu hogar.<\/strong><\/em><\/p>\n","protected":false},"excerpt":{"rendered":"<h4><strong>Did\u00e1ctica Integral<\/strong><\/h4>\n<p><strong>Aprende a cuidar el medio ambiente y a reciclar nuestros recursos naturales.<\/strong><br \/>\n<strong>Diviertete aprendiendo de una forma did\u00e1ctica.<\/strong><\/p>\n","protected":false},"featured_media":25435,"comment_status":"open","ping_status":"closed","template":"","meta":{"site-sidebar-layout":"default","site-content-layout":"","ast-site-content-layout":"default","site-content-style":"default","site-sidebar-style":"default","ast-global-header-display":"","ast-banner-title-visibility":"","ast-main-header-display":"","ast-hfb-above-header-display":"","ast-hfb-below-header-display":"","ast-hfb-mobile-header-display":"","site-post-title":"","ast-breadcrumbs-content":"","ast-featured-img":"","footer-sml-layout":"","theme-transparent-header-meta":"default","adv-header-id-meta":"","stick-header-meta":"","header-above-stick-meta":"","header-main-stick-meta":"","header-below-stick-meta":"","astra-migrate-meta-layouts":"set","ast-page-background-enabled":"default","ast-page-background-meta":{"desktop":{"background-color":"","background-image":"","background-repeat":"repeat","background-position":"center center","background-size":"auto","background-attachment":"scroll","background-type":"","background-media":"","overlay-type":"","overlay-color":"","overlay-opacity":"","overlay-gradient":""},"tablet":{"background-color":"","background-image":"","background-repeat":"repeat","background-position":"center center","background-size":"auto","background-attachment":"scroll","background-type":"","background-media":"","overlay-type":"","overlay-color":"","overlay-opacity":"","overlay-gradient":""},"mobile":{"background-color":"","background-image":"","background-repeat":"repeat","background-position":"center center","background-size":"auto","background-attachment":"scroll","background-type":"","background-media":"","overlay-type":"","overlay-color":"","overlay-opacity":"","overlay-gradient":""}},"ast-content-background-meta":{"desktop":{"background-color":"var(--ast-global-color-5)","background-image":"","background-repeat":"repeat","background-position":"center center","background-size":"auto","background-attachment":"scroll","background-type":"","background-media":"","overlay-type":"","overlay-color":"","overlay-opacity":"","overlay-gradient":""},"tablet":{"background-color":"var(--ast-global-color-5)","background-image":"","background-repeat":"repeat","background-position":"center center","background-size":"auto","background-attachment":"scroll","background-type":"","background-media":"","overlay-type":"","overlay-color":"","overlay-opacity":"","overlay-gradient":""},"mobile":{"background-color":"var(--ast-global-color-5)","background-image":"","background-repeat":"repeat","background-position":"center center","background-size":"auto","background-attachment":"scroll","background-type":"","background-media":"","overlay-type":"","overlay-color":"","overlay-opacity":"","overlay-gradient":""}},"spay_email":""},"product_cat":[168,167,75,169],"product_tag":[],"_links":{"self":[{"href":"https:\/\/jugueterialudico.com.ar\/index.php?rest_route=\/wp\/v2\/product\/25434"}],"collection":[{"href":"https:\/\/jugueterialudico.com.ar\/index.php?rest_route=\/wp\/v2\/product"}],"about":[{"href":"https:\/\/jugueterialudico.com.ar\/index.php?rest_route=\/wp\/v2\/types\/product"}],"replies":[{"embeddable":true,"href":"https:\/\/jugueterialudico.com.ar\/index.php?rest_route=%2Fwp%2Fv2%2Fcomments&post=25434"}],"wp:featuredmedia":[{"embeddable":true,"href":"https:\/\/jugueterialudico.com.ar\/index.php?rest_route=\/wp\/v2\/media\/25435"}],"wp:attachment":[{"href":"https:\/\/jugueterialudico.com.ar\/index.php?rest_route=%2Fwp%2Fv2%2Fmedia&parent=25434"}],"wp:term":[{"taxonomy":"product_cat","embeddable":true,"href":"https:\/\/jugueterialudico.com.ar\/index.php?rest_route=%2Fwp%2Fv2%2Fproduct_cat&post=25434"},{"taxonomy":"product_tag","embeddable":true,"href":"https:\/\/jugueterialudico.com.ar\/index.php?rest_route=%2Fwp%2Fv2%2Fproduct_tag&post=25434"}],"curies":[{"name":"wp","href":"https:\/\/api.w.org\/{rel}","templated":true}]}}