{"id":25479,"date":"2024-11-07T11:09:25","date_gmt":"2024-11-07T14:09:25","guid":{"rendered":"https:\/\/jugueterialudico.com.ar\/?post_type=product&#038;p=25479"},"modified":"2024-11-07T11:09:26","modified_gmt":"2024-11-07T14:09:26","slug":"puzzle-100p-hora-del-te-190","status":"publish","type":"product","link":"https:\/\/jugueterialudico.com.ar\/?product=puzzle-100p-hora-del-te-190","title":{"rendered":"PUZZLE 100P HORA DEL T\u00c9 &#8211; 190"},"content":{"rendered":"<p>ULTIMAS UNIDADES<\/p>\n<p>PUZZLE 100 PIEZAS<\/p>\n<p>A qui\u00e9n no le gusta pintar? Tomar el l\u00e1piz, las fibras, los pinceles, y conectarnos con un mundo que nos habla a trav\u00e9s de sus colores. El verde de las hojas en primavera. En oto\u00f1o el ocre, el amarillo, el dorado. O los colores de los animales, que nos atraen, irresistibles.<\/p>\n<p>Los colores son parte de nosotros. Con ellos, podemos transformar todo lo que vemos. Te anim\u00e1s a darle vida a \u00e9ste puzzle?<\/p>\n","protected":false},"excerpt":{"rendered":"<p>ULTIMAS UNIDADES PUZZLE 100 PIEZAS A qui\u00e9n no le gusta pintar? Tomar el l\u00e1piz, las fibras, los pinceles, y conectarnos con un mundo que nos habla a trav\u00e9s de sus colores. El verde de las hojas en primavera. En oto\u00f1o el ocre, el amarillo, el dorado. O los colores de los animales, que nos atraen, [&hellip;]<\/p>\n","protected":false},"featured_media":25481,"comment_status":"open","ping_status":"closed","template":"","meta":{"site-sidebar-layout":"default","site-content-layout":"","ast-site-content-layout":"default","site-content-style":"default","site-sidebar-style":"default","ast-global-header-display":"","ast-banner-title-visibility":"","ast-main-header-display":"","ast-hfb-above-header-display":"","ast-hfb-below-header-display":"","ast-hfb-mobile-header-display":"","site-post-title":"","ast-breadcrumbs-content":"","ast-featured-img":"","footer-sml-layout":"","theme-transparent-header-meta":"default","adv-header-id-meta":"","stick-header-meta":"","header-above-stick-meta":"","header-main-stick-meta":"","header-below-stick-meta":"","astra-migrate-meta-layouts":"set","ast-page-background-enabled":"default","ast-page-background-meta":{"desktop":{"background-color":"","background-image":"","background-repeat":"repeat","background-position":"center center","background-size":"auto","background-attachment":"scroll","background-type":"","background-media":"","overlay-type":"","overlay-color":"","overlay-opacity":"","overlay-gradient":""},"tablet":{"background-color":"","background-image":"","background-repeat":"repeat","background-position":"center center","background-size":"auto","background-attachment":"scroll","background-type":"","background-media":"","overlay-type":"","overlay-color":"","overlay-opacity":"","overlay-gradient":""},"mobile":{"background-color":"","background-image":"","background-repeat":"repeat","background-position":"center center","background-size":"auto","background-attachment":"scroll","background-type":"","background-media":"","overlay-type":"","overlay-color":"","overlay-opacity":"","overlay-gradient":""}},"ast-content-background-meta":{"desktop":{"background-color":"var(--ast-global-color-5)","background-image":"","background-repeat":"repeat","background-position":"center center","background-size":"auto","background-attachment":"scroll","background-type":"","background-media":"","overlay-type":"","overlay-color":"","overlay-opacity":"","overlay-gradient":""},"tablet":{"background-color":"var(--ast-global-color-5)","background-image":"","background-repeat":"repeat","background-position":"center center","background-size":"auto","background-attachment":"scroll","background-type":"","background-media":"","overlay-type":"","overlay-color":"","overlay-opacity":"","overlay-gradient":""},"mobile":{"background-color":"var(--ast-global-color-5)","background-image":"","background-repeat":"repeat","background-position":"center center","background-size":"auto","background-attachment":"scroll","background-type":"","background-media":"","overlay-type":"","overlay-color":"","overlay-opacity":"","overlay-gradient":""}},"spay_email":""},"product_cat":[165,166,167,169,72],"product_tag":[],"_links":{"self":[{"href":"https:\/\/jugueterialudico.com.ar\/index.php?rest_route=\/wp\/v2\/product\/25479"}],"collection":[{"href":"https:\/\/jugueterialudico.com.ar\/index.php?rest_route=\/wp\/v2\/product"}],"about":[{"href":"https:\/\/jugueterialudico.com.ar\/index.php?rest_route=\/wp\/v2\/types\/product"}],"replies":[{"embeddable":true,"href":"https:\/\/jugueterialudico.com.ar\/index.php?rest_route=%2Fwp%2Fv2%2Fcomments&post=25479"}],"wp:featuredmedia":[{"embeddable":true,"href":"https:\/\/jugueterialudico.com.ar\/index.php?rest_route=\/wp\/v2\/media\/25481"}],"wp:attachment":[{"href":"https:\/\/jugueterialudico.com.ar\/index.php?rest_route=%2Fwp%2Fv2%2Fmedia&parent=25479"}],"wp:term":[{"taxonomy":"product_cat","embeddable":true,"href":"https:\/\/jugueterialudico.com.ar\/index.php?rest_route=%2Fwp%2Fv2%2Fproduct_cat&post=25479"},{"taxonomy":"product_tag","embeddable":true,"href":"https:\/\/jugueterialudico.com.ar\/index.php?rest_route=%2Fwp%2Fv2%2Fproduct_tag&post=25479"}],"curies":[{"name":"wp","href":"https:\/\/api.w.org\/{rel}","templated":true}]}}