{"id":25509,"date":"2024-11-09T14:51:58","date_gmt":"2024-11-09T17:51:58","guid":{"rendered":"https:\/\/jugueterialudico.com.ar\/?post_type=product&#038;p=25509"},"modified":"2026-02-27T16:04:04","modified_gmt":"2026-02-27T19:04:04","slug":"garrapinera-086","status":"publish","type":"product","link":"https:\/\/jugueterialudico.com.ar\/?product=garrapinera-086","title":{"rendered":"GARRAPI\u00d1ERA &#8211; 086"},"content":{"rendered":"<p>Contenido:<br \/>\n&#8211; Wok Garrapi\u00f1ero<br \/>\n&#8211; Cuchara de madera<br \/>\n&#8211; Vaso medidor<br \/>\n&#8211; Bols<br \/>\n&#8211; Cuchara<br \/>\n&#8211; Bolsitas para servir<br \/>\nIncluye: recetario<\/p>\n<p>Preparaci\u00f3n:<br \/>\nLava bien la garrapi\u00f1era antes de usarla, luego coloca los ingredientes dentro de la misma y ponela sobre la hornalla a fuego fuerte revolviendo con la cuchara de madera de vez en cuando.<br \/>\nUna vez que se est\u00e9 espesando, significa que se est\u00e1n empezando a formar las garrapi\u00f1adas. Baj\u00e1 el fuego a m\u00ednimo y continu\u00e1 revolviendo constantemente.<br \/>\nCuando vaya adquiriendo un color marr\u00f3n claro o \u00e1mbar fuerte estar\u00e1 casi listo!!<\/p>\n<p>NO INCLUYE LOS ALIMENTOS PARA LA PREPARACI\u00d3N<\/p>\n<p style=\"text-align: center;\"><em>Utilizar bajo supervisi\u00f3n de un adulto<\/em><\/p>\n","protected":false},"excerpt":{"rendered":"<h4>Divertid\u00edsimo juego de cocina con el que podr\u00e1n hacer garrapi\u00f1adas de verdad!<\/h4>\n","protected":false},"featured_media":25510,"comment_status":"open","ping_status":"closed","template":"","meta":{"site-sidebar-layout":"default","site-content-layout":"","ast-site-content-layout":"default","site-content-style":"default","site-sidebar-style":"default","ast-global-header-display":"","ast-banner-title-visibility":"","ast-main-header-display":"","ast-hfb-above-header-display":"","ast-hfb-below-header-display":"","ast-hfb-mobile-header-display":"","site-post-title":"","ast-breadcrumbs-content":"","ast-featured-img":"","footer-sml-layout":"","theme-transparent-header-meta":"default","adv-header-id-meta":"","stick-header-meta":"","header-above-stick-meta":"","header-main-stick-meta":"","header-below-stick-meta":"","astra-migrate-meta-layouts":"set","ast-page-background-enabled":"default","ast-page-background-meta":{"desktop":{"background-color":"","background-image":"","background-repeat":"repeat","background-position":"center center","background-size":"auto","background-attachment":"scroll","background-type":"","background-media":"","overlay-type":"","overlay-color":"","overlay-opacity":"","overlay-gradient":""},"tablet":{"background-color":"","background-image":"","background-repeat":"repeat","background-position":"center center","background-size":"auto","background-attachment":"scroll","background-type":"","background-media":"","overlay-type":"","overlay-color":"","overlay-opacity":"","overlay-gradient":""},"mobile":{"background-color":"","background-image":"","background-repeat":"repeat","background-position":"center center","background-size":"auto","background-attachment":"scroll","background-type":"","background-media":"","overlay-type":"","overlay-color":"","overlay-opacity":"","overlay-gradient":""}},"ast-content-background-meta":{"desktop":{"background-color":"var(--ast-global-color-5)","background-image":"","background-repeat":"repeat","background-position":"center center","background-size":"auto","background-attachment":"scroll","background-type":"","background-media":"","overlay-type":"","overlay-color":"","overlay-opacity":"","overlay-gradient":""},"tablet":{"background-color":"var(--ast-global-color-5)","background-image":"","background-repeat":"repeat","background-position":"center center","background-size":"auto","background-attachment":"scroll","background-type":"","background-media":"","overlay-type":"","overlay-color":"","overlay-opacity":"","overlay-gradient":""},"mobile":{"background-color":"var(--ast-global-color-5)","background-image":"","background-repeat":"repeat","background-position":"center center","background-size":"auto","background-attachment":"scroll","background-type":"","background-media":"","overlay-type":"","overlay-color":"","overlay-opacity":"","overlay-gradient":""}},"spay_email":""},"product_cat":[18,166,167,198,169],"product_tag":[],"_links":{"self":[{"href":"https:\/\/jugueterialudico.com.ar\/index.php?rest_route=\/wp\/v2\/product\/25509"}],"collection":[{"href":"https:\/\/jugueterialudico.com.ar\/index.php?rest_route=\/wp\/v2\/product"}],"about":[{"href":"https:\/\/jugueterialudico.com.ar\/index.php?rest_route=\/wp\/v2\/types\/product"}],"replies":[{"embeddable":true,"href":"https:\/\/jugueterialudico.com.ar\/index.php?rest_route=%2Fwp%2Fv2%2Fcomments&post=25509"}],"wp:featuredmedia":[{"embeddable":true,"href":"https:\/\/jugueterialudico.com.ar\/index.php?rest_route=\/wp\/v2\/media\/25510"}],"wp:attachment":[{"href":"https:\/\/jugueterialudico.com.ar\/index.php?rest_route=%2Fwp%2Fv2%2Fmedia&parent=25509"}],"wp:term":[{"taxonomy":"product_cat","embeddable":true,"href":"https:\/\/jugueterialudico.com.ar\/index.php?rest_route=%2Fwp%2Fv2%2Fproduct_cat&post=25509"},{"taxonomy":"product_tag","embeddable":true,"href":"https:\/\/jugueterialudico.com.ar\/index.php?rest_route=%2Fwp%2Fv2%2Fproduct_tag&post=25509"}],"curies":[{"name":"wp","href":"https:\/\/api.w.org\/{rel}","templated":true}]}}