{"id":25558,"date":"2024-11-26T18:50:59","date_gmt":"2024-11-26T21:50:59","guid":{"rendered":"https:\/\/jugueterialudico.com.ar\/?post_type=product&#038;p=25558"},"modified":"2025-03-22T19:18:53","modified_gmt":"2025-03-22T22:18:53","slug":"gusanito-tejido-178","status":"publish","type":"product","link":"https:\/\/jugueterialudico.com.ar\/?product=gusanito-tejido-178","title":{"rendered":"GUSANITO TEJIDO &#8211; 178"},"content":{"rendered":"<p><strong><em>Producto artesanal, stock limitado<\/em><\/strong><\/p>\n","protected":false},"excerpt":{"rendered":"<div class=\"zMgcWd dSKvsb\" data-il=\"\">\n<div class=\"GmFi7\" data-crb-p=\"\">\n<div class=\"xFTqob\">\n<h3>Gusanito tejido al crochet<\/h3>\n<p>&nbsp;<\/p>\n<ul>\n<li class=\"Gur8Ad\"><strong>Confort y seguridad: <\/strong>Los mu\u00f1ecos de apego pueden brindar consuelo y seguridad al beb\u00e9, y ayudarlo a sentirse acompa\u00f1ado.<span class=\"UV3uM\" style=\"font-size: 16px;\">\u00a0<\/span><\/li>\n<\/ul>\n<div class=\"vM0jzc\">\n<div class=\"NPrrbc\" data-cid=\"_TD1GZ9H5D4LW1sQPmJuxyAQ_12\">\n<div class=\"BMebGe btku5b fCrZyc LwdV0e FR7ZSc OJeuxf\" tabindex=\"0\" role=\"button\" aria-label=\"Ver v\u00ednculos relacionados\" data-hveid=\"CBEQAQ\" data-ved=\"2ahUKEwjRz9Om-PqJAxUCq5UCHZhNDEkQ3fYKegQIERAB\">\n<div class=\"niO4u\">\n<div class=\"kHtcsd\"><\/div>\n<\/div>\n<\/div>\n<\/div>\n<div class=\"acn1Z Kwoiqd\">\n<div id=\"_TD1GZ9H5D4LW1sQPmJuxyAQ_22\" class=\"Kwoiqd\"><\/div>\n<\/div>\n<\/div>\n<\/div>\n<\/div>\n<\/div>\n<ul data-hveid=\"CBsQAQ\" data-ved=\"2ahUKEwjRz9Om-PqJAxUCq5UCHZhNDEkQm_YKegQIGxAB\">\n<li class=\"K3KsMc\">\n<div class=\"zMgcWd dSKvsb\" data-il=\"\">\n<div class=\"GmFi7\" data-crb-p=\"\">\n<div class=\"xFTqob\">\n<div class=\"Gur8Ad\"><strong>Desarrollo emocional: <\/strong>Los mu\u00f1ecos pueden ayudar a crear v\u00ednculos emocionales y a fomentar la independencia emocional.<span class=\"UV3uM\">\u00a0<\/span><\/div>\n<div class=\"vM0jzc\">\n<div class=\"NPrrbc\" data-cid=\"_TD1GZ9H5D4LW1sQPmJuxyAQ_13\">\n<div class=\"BMebGe btku5b fCrZyc LwdV0e FR7ZSc OJeuxf\" tabindex=\"0\" role=\"button\" aria-label=\"Ver v\u00ednculos relacionados\" data-hveid=\"CBMQAQ\" data-ved=\"2ahUKEwjRz9Om-PqJAxUCq5UCHZhNDEkQ3fYKegQIExAB\">\n<div class=\"niO4u\">\n<div class=\"kHtcsd\"><\/div>\n<\/div>\n<\/div>\n<\/div>\n<div class=\"acn1Z Kwoiqd\">\n<div id=\"_TD1GZ9H5D4LW1sQPmJuxyAQ_24\" class=\"Kwoiqd\"><\/div>\n<\/div>\n<\/div>\n<\/div>\n<\/div>\n<\/div>\n<\/li>\n<li class=\"K3KsMc\">\n<div class=\"zMgcWd dSKvsb\" data-il=\"\">\n<div class=\"GmFi7\" data-crb-p=\"\">\n<div class=\"xFTqob\">\n<div class=\"Gur8Ad\"><strong>Desarrollo sensorial: <\/strong>Los mu\u00f1ecos pueden estimular los sentidos del beb\u00e9 a trav\u00e9s de sus diferentes texturas y colores<\/div>\n<\/div>\n<\/div>\n<\/div>\n<\/li>\n<\/ul>\n","protected":false},"featured_media":25560,"comment_status":"open","ping_status":"closed","template":"","meta":{"site-sidebar-layout":"default","site-content-layout":"","ast-site-content-layout":"default","site-content-style":"default","site-sidebar-style":"default","ast-global-header-display":"","ast-banner-title-visibility":"","ast-main-header-display":"","ast-hfb-above-header-display":"","ast-hfb-below-header-display":"","ast-hfb-mobile-header-display":"","site-post-title":"","ast-breadcrumbs-content":"","ast-featured-img":"","footer-sml-layout":"","theme-transparent-header-meta":"default","adv-header-id-meta":"","stick-header-meta":"","header-above-stick-meta":"","header-main-stick-meta":"","header-below-stick-meta":"","astra-migrate-meta-layouts":"set","ast-page-background-enabled":"default","ast-page-background-meta":{"desktop":{"background-color":"","background-image":"","background-repeat":"repeat","background-position":"center center","background-size":"auto","background-attachment":"scroll","background-type":"","background-media":"","overlay-type":"","overlay-color":"","overlay-opacity":"","overlay-gradient":""},"tablet":{"background-color":"","background-image":"","background-repeat":"repeat","background-position":"center center","background-size":"auto","background-attachment":"scroll","background-type":"","background-media":"","overlay-type":"","overlay-color":"","overlay-opacity":"","overlay-gradient":""},"mobile":{"background-color":"","background-image":"","background-repeat":"repeat","background-position":"center center","background-size":"auto","background-attachment":"scroll","background-type":"","background-media":"","overlay-type":"","overlay-color":"","overlay-opacity":"","overlay-gradient":""}},"ast-content-background-meta":{"desktop":{"background-color":"var(--ast-global-color-5)","background-image":"","background-repeat":"repeat","background-position":"center center","background-size":"auto","background-attachment":"scroll","background-type":"","background-media":"","overlay-type":"","overlay-color":"","overlay-opacity":"","overlay-gradient":""},"tablet":{"background-color":"var(--ast-global-color-5)","background-image":"","background-repeat":"repeat","background-position":"center center","background-size":"auto","background-attachment":"scroll","background-type":"","background-media":"","overlay-type":"","overlay-color":"","overlay-opacity":"","overlay-gradient":""},"mobile":{"background-color":"var(--ast-global-color-5)","background-image":"","background-repeat":"repeat","background-position":"center center","background-size":"auto","background-attachment":"scroll","background-type":"","background-media":"","overlay-type":"","overlay-color":"","overlay-opacity":"","overlay-gradient":""}},"spay_email":""},"product_cat":[162,161,163,164,151,76,160,208,159],"product_tag":[],"_links":{"self":[{"href":"https:\/\/jugueterialudico.com.ar\/index.php?rest_route=\/wp\/v2\/product\/25558"}],"collection":[{"href":"https:\/\/jugueterialudico.com.ar\/index.php?rest_route=\/wp\/v2\/product"}],"about":[{"href":"https:\/\/jugueterialudico.com.ar\/index.php?rest_route=\/wp\/v2\/types\/product"}],"replies":[{"embeddable":true,"href":"https:\/\/jugueterialudico.com.ar\/index.php?rest_route=%2Fwp%2Fv2%2Fcomments&post=25558"}],"wp:featuredmedia":[{"embeddable":true,"href":"https:\/\/jugueterialudico.com.ar\/index.php?rest_route=\/wp\/v2\/media\/25560"}],"wp:attachment":[{"href":"https:\/\/jugueterialudico.com.ar\/index.php?rest_route=%2Fwp%2Fv2%2Fmedia&parent=25558"}],"wp:term":[{"taxonomy":"product_cat","embeddable":true,"href":"https:\/\/jugueterialudico.com.ar\/index.php?rest_route=%2Fwp%2Fv2%2Fproduct_cat&post=25558"},{"taxonomy":"product_tag","embeddable":true,"href":"https:\/\/jugueterialudico.com.ar\/index.php?rest_route=%2Fwp%2Fv2%2Fproduct_tag&post=25558"}],"curies":[{"name":"wp","href":"https:\/\/api.w.org\/{rel}","templated":true}]}}